{"id":17295,"date":"2019-07-31T13:00:01","date_gmt":"2019-07-31T12:00:01","guid":{"rendered":"https:\/\/adamant-real-estate.com\/dev\/denia-costa-blanca\/"},"modified":"2022-04-27T19:07:09","modified_gmt":"2022-04-27T17:07:09","slug":"denia-costa-blanca","status":"publish","type":"page","link":"https:\/\/adamant-real-estate.com\/fr\/denia-costa-blanca\/","title":{"rendered":"DENIA"},"content":{"rendered":"<p>[vc_row][vc_column]<div style=\"clear:both; width:100%; height:50px\"><\/div>[vc_custom_heading text=&#8221;DENIA: UNE MER DE POSSIBILIT\u00c9S&#8221; font_container=&#8221;tag:h1|text_align:left&#8221; google_fonts=&#8221;font_family:Roboto%3A100%2C100italic%2C300%2C300italic%2Cregular%2Citalic%2C500%2C500italic%2C700%2C700italic%2C900%2C900italic|font_style:500%20bold%20regular%3A500%3Anormal&#8221;]<div style=\"clear:both; width:100%; height:30px\"><\/div>[vc_custom_heading text=&#8221;Soleil, mer, montagnes. Un espace de vie pour profiter et r\u00eaver.&#8221; font_container=&#8221;tag:p|text_align:left&#8221; google_fonts=&#8221;font_family:Roboto%3A100%2C100italic%2C300%2C300italic%2Cregular%2Citalic%2C500%2C500italic%2C700%2C700italic%2C900%2C900italic|font_style:700%20bold%20regular%3A700%3Anormal&#8221;][vc_row_inner][vc_column_inner width=&#8221;1\/2&#8243;][vc_column_text]D\u00e9nia est une ville portuaire situ\u00e9e sur la c\u00f4te m\u00e9diterran\u00e9enne \u00e0 l&#8217;est de l&#8217;Espagne. Au sommet d&#8217;une colline dominant la Marina, les ruines du ch\u00e2teau de D\u00e9nia abritent le mus\u00e9e arch\u00e9ologique, qui pr\u00e9sente notamment des vestiges romains d\u00e9couverts non loin. Le mus\u00e9e du Jouet retrace le pass\u00e9 de la ville, sp\u00e9cialis\u00e9e dans la fabrication des jouets. Dans une maison du XIXe si\u00e8cle, le mus\u00e9e ethnologique propose des expositions sur la vie locale. \u00c0 proximit\u00e9 se trouvent l&#8217;\u00e9glise baroque de l&#8217;Assomption et les arcades de l&#8217;h\u00f4tel de ville.[\/vc_column_text][\/vc_column_inner][vc_column_inner width=&#8221;1\/2&#8243;][vc_column_text]Cette ville merveilleuse, festive toute au long de l&#8217;ann\u00e9e, avec son port et ses activit\u00e9s nautiques, son ch\u00e2teau et ses remparts, ses f\u00eates patronales, ses l\u00e2cher de taureaux dans la ville, ses d\u00e9fil\u00e9s costum\u00e9s d&#8217;une incroyable beaut\u00e9 avec des chars, des chevaux, des danses, des musiciens, des feux d&#8217;artifices, des jeux de lumi\u00e8res. Denia vous offre un accueil chaleureux, de choix culinaires multiples, de bars \u00e0 tapas, de restaurants divers au go\u00fbt et aux saveurs \u00e0 vous faire fr\u00e9mir les papilles et surtout des moments de partage inoubliable.Vous ne pouvez m\u00eame pas imaginer la gentillesse et la bonne humeur de ses habitants.[\/vc_column_text][\/vc_column_inner][\/vc_row_inner][\/vc_column][\/vc_row][vc_row parallax=&#8221;content-moving&#8221; css=&#8221;.vc_custom_1567687620265{margin-top: 0px !important;margin-bottom: 0px !important;padding-top: 3px !important;padding-right: 1px !important;padding-bottom: 0px !important;padding-left: 2px !important;}&#8221; el_class=&#8221;masonry-gallery-padding&#8221;][vc_column][vc_media_grid element_width=&#8221;3&#8243; gap=&#8221;3&#8243; grid_id=&#8221;vc_gid:1649748965687-e2c4aa45-236a-6&#8243; include=&#8221;16261,16207,16859,15113&#8243;][\/vc_column][\/vc_row][vc_row full_width=&#8221;stretch_row&#8221; equal_height=&#8221;yes&#8221; content_placement=&#8221;middle&#8221; css=&#8221;.vc_custom_1567690471393{margin-right: 2px !important;margin-bottom: 0px !important;margin-left: 2px !important;padding-top: 0px !important;padding-bottom: 0px !important;}&#8221; el_class=&#8221;text-box-font-color&#8221;][vc_column width=&#8221;1\/2&#8243; css=&#8221;.vc_custom_1567687600907{padding-right: 5% !important;padding-left: 5% !important;background-color: rgba(25,46,91,0.03) !important;*background-color: rgb(25,46,91) !important;}&#8221; el_class=&#8221;box-padding-left&#8221;][vc_empty_space height=&#8221;50px&#8221; el_class=&#8221;text-box-padding-denia&#8221;][vc_column_text el_class=&#8221;text-box-font-color&#8221; css=&#8221;.vc_custom_1647248289822{padding-top: 15% !important;padding-bottom: 15% !important;}&#8221;]Le klaxon puissant du ferry r\u00e9sonne \u00e0 des kilom\u00e8tres bien au-del\u00e0 de D\u00e9nia et signale le d\u00e9part des voyageurs en partance d&#8217;Ibiza, Formentera, et Majorque.<\/p>\n<p>Non seulement les habitants de la Costa Blanca savent vivre et passer leur temps \u00e0 se d\u00e9lecter de touts leurs sens.<\/p>\n<p>Les dauphins et les baleines dansent dans le paradis naturel du Cabo de San Antonio.<\/p>\n<p>Quand le printemps s&#8217;\u00e9veille, les montagnes invitent \u00e0 la randonn\u00e9e et les vall\u00e9es plongent dans un rose parfum\u00e9 et blanc de fleurs d&#8217;amandiers et d&#8217;arbres fruitiers.[\/vc_column_text][vc_empty_space height=&#8221;50px&#8221; el_class=&#8221;text-box-padding-denia&#8221;][\/vc_column][vc_column parallax=&#8221;content-moving&#8221; width=&#8221;1\/2&#8243; css=&#8221;.vc_custom_1602402824608{padding-top: 50% !important;padding-bottom: 50% !important;background-image: url(https:\/\/adamant-real-estate.com\/dev\/wp-content\/uploads\/2019\/09\/pesca-Denia-Immobilien-Real-Estate-Inmobiliaria-Costa-Blanca-Spanien-Spain-1.jpg?id=16255) !important;background-position: center !important;background-repeat: no-repeat !important;background-size: cover !important;}&#8221; el_id=&#8221;box-padding-right&#8221;][\/vc_column][\/vc_row][vc_row parallax=&#8221;content-moving&#8221; css=&#8221;.vc_custom_1567685762724{margin-top: 0px !important;padding-top: 3px !important;padding-right: 1px !important;padding-left: 2px !important;}&#8221; el_class=&#8221;masonry-gallery-padding&#8221;][vc_column][vc_media_grid element_width=&#8221;3&#8243; gap=&#8221;3&#8243; grid_id=&#8221;vc_gid:1649748965688-b73e393a-f26e-4&#8243; include=&#8221;16216,16285,16300,16177&#8243;][\/vc_column][\/vc_row][vc_row full_width=&#8221;stretch_row&#8221; equal_height=&#8221;yes&#8221; content_placement=&#8221;middle&#8221; css=&#8221;.vc_custom_1564640183497{margin-right: 2px !important;margin-bottom: 0px !important;margin-left: 2px !important;padding-bottom: 0px !important;}&#8221; el_class=&#8221;text-box-font-color&#8221;][vc_column parallax=&#8221;content-moving&#8221; width=&#8221;1\/2&#8243; css=&#8221;.vc_custom_1567683977885{padding-top: 50% !important;padding-bottom: 50% !important;background-image: url(https:\/\/adamant-real-estate.com\/dev\/wp-content\/uploads\/2019\/09\/atardecer-Costa-Blanca-Immobilien-Spanien-Spain-Real-Estate-Inmobiliaria-1.jpg?id=16288) !important;background-position: center !important;background-repeat: no-repeat !important;background-size: cover !important;}&#8221;][\/vc_column][vc_column width=&#8221;1\/2&#8243; css=&#8221;.vc_custom_1567688354514{padding-right: 5% !important;padding-left: 5% !important;background-color: rgba(25,46,91,0.03) !important;*background-color: rgb(25,46,91) !important;}&#8221; el_class=&#8221;box-padding-right&#8221;][vc_empty_space height=&#8221;50px&#8221; el_class=&#8221;text-box-padding-denia&#8221;][vc_column_text el_class=&#8221;text-box-font-color&#8221;]L&#8217;atmosph\u00e8re magique du soir avec le Montg\u00f3 en arri\u00e8re-plan nous invite \u00e0 la relaxation apr\u00e8s un d\u00e9lice culinaire dans l&#8217;un des multiples restaurants qui proposent toute une diversit\u00e9 de plats r\u00e9gionaux de la terre et de la mer aux plaisirs des d\u00e9gustations \u00e9toil\u00e9s de ses douceurs du palet, et aux jouissances de la vie.[\/vc_column_text][vc_empty_space height=&#8221;50px&#8221; el_class=&#8221;text-box-padding-denia&#8221;][\/vc_column][\/vc_row][vc_row parallax=&#8221;content-moving&#8221; css=&#8221;.vc_custom_1567685773003{margin-top: 0px !important;padding-top: 3px !important;padding-right: 1px !important;padding-left: 2px !important;}&#8221; el_class=&#8221;masonry-gallery-padding&#8221;][vc_column][vc_media_grid element_width=&#8221;3&#8243; gap=&#8221;3&#8243; grid_id=&#8221;vc_gid:1649748965689-ee274f47-6663-2&#8243; include=&#8221;16210,16180,16321,16306&#8243;][\/vc_column][\/vc_row][vc_row full_width=&#8221;stretch_row&#8221; equal_height=&#8221;yes&#8221; content_placement=&#8221;middle&#8221; css=&#8221;.vc_custom_1564640183497{margin-right: 2px !important;margin-bottom: 0px !important;margin-left: 2px !important;padding-bottom: 0px !important;}&#8221; el_class=&#8221;text-box-font-color&#8221;][vc_column width=&#8221;1\/2&#8243; css=&#8221;.vc_custom_1567418856317{padding-right: 5% !important;padding-left: 5% !important;background-color: rgba(25,46,91,0.025) !important;*background-color: rgb(25,46,91) !important;}&#8221; el_class=&#8221;box-padding-left&#8221;][vc_empty_space height=&#8221;50px&#8221; el_class=&#8221;text-box-padding-denia&#8221;][vc_column_text el_class=&#8221;text-box-font-color&#8221;]Vous pouvez laisser libre cours \u00e0 votre imagination, profiter de votre temps selon vos souhaits, une excursion en bateau le long de la c\u00f4te, une marche au parc naturel du Montg\u00f3, une journ\u00e9e de p\u00eache en mer, ou simplement vous d\u00e9tendre dans un salon de beaut\u00e9 et de sant\u00e9.[\/vc_column_text][vc_empty_space height=&#8221;50px&#8221; el_class=&#8221;text-box-padding-denia&#8221;][\/vc_column][vc_column parallax=&#8221;content-moving&#8221; width=&#8221;1\/2&#8243; css=&#8221;.vc_custom_1567684002318{padding-top: 50% !important;padding-bottom: 50% !important;background-image: url(https:\/\/adamant-real-estate.com\/dev\/wp-content\/uploads\/2019\/09\/Sailing-Denia-Immobilien-Real-Estate-Inmobiliaria-Costa-Blanca-Spanien-Spain-1.jpg?id=16264) !important;background-position: center !important;background-repeat: no-repeat !important;background-size: cover !important;}&#8221;][\/vc_column][\/vc_row][vc_row parallax=&#8221;content-moving&#8221; css=&#8221;.vc_custom_1567685786810{margin-top: 0px !important;padding-top: 3px !important;padding-right: 1px !important;padding-left: 2px !important;}&#8221; el_class=&#8221;masonry-gallery-padding&#8221;][vc_column][vc_media_grid element_width=&#8221;3&#8243; gap=&#8221;3&#8243; grid_id=&#8221;vc_gid:1649748965689-7cc989d3-ae04-4&#8243; include=&#8221;16309,16213,16234,16294&#8243;][\/vc_column][\/vc_row][vc_row full_width=&#8221;stretch_row&#8221; equal_height=&#8221;yes&#8221; content_placement=&#8221;middle&#8221; css=&#8221;.vc_custom_1564640183497{margin-right: 2px !important;margin-bottom: 0px !important;margin-left: 2px !important;padding-bottom: 0px !important;}&#8221; el_class=&#8221;text-box-font-color&#8221;][vc_column parallax=&#8221;content-moving&#8221; width=&#8221;1\/2&#8243; css=&#8221;.vc_custom_1602401942508{padding-top: 50% !important;padding-bottom: 50% !important;background-image: url(https:\/\/adamant-real-estate.com\/dev\/wp-content\/uploads\/2020\/10\/adamant-real-estate-immobilien-inmobiliaria-denia-costa-blanca-home-002.jpg?id=16888) !important;background-position: center !important;background-repeat: no-repeat !important;background-size: cover !important;}&#8221; el_class=&#8221;box-padding-left&#8221;][\/vc_column][vc_column width=&#8221;1\/2&#8243; css=&#8221;.vc_custom_1567688481687{padding-right: 5% !important;padding-left: 5% !important;background-color: rgba(25,46,91,0.03) !important;*background-color: rgb(25,46,91) !important;}&#8221; el_class=&#8221;box-padding-right&#8221;][vc_empty_space height=&#8221;50px&#8221; el_class=&#8221;text-box-padding-denia&#8221;][vc_column_text el_class=&#8221;text-box-font-color&#8221;]Ne serait ce pas fantastique d&#8217;admirer depuis votre propre terrasse le couch\u00e9 du soleil qui se pose sur la mer d&#8217;un bleu resplendissant avec un verre bien frais de &#8220;Aguas de Valencia&#8221;? Vous aussi vous pouvez avoir ce privil\u00e8ge de vivre ses moments sp\u00e9ciaux ici \u00e0 la Costa Blanca.[\/vc_column_text][vc_empty_space height=&#8221;50px&#8221; el_class=&#8221;text-box-padding-denia&#8221;][\/vc_column][\/vc_row][vc_row parallax=&#8221;content-moving&#8221; css=&#8221;.vc_custom_1567685796659{margin-top: 0px !important;padding-top: 3px !important;padding-right: 1px !important;padding-left: 2px !important;}&#8221; el_class=&#8221;masonry-gallery-padding&#8221;][vc_column][vc_media_grid element_width=&#8221;3&#8243; gap=&#8221;3&#8243; grid_id=&#8221;vc_gid:1649748965690-d5896229-00f3-5&#8243; include=&#8221;16258,16231,16201,16931,16195,16174,16279,16243&#8243;][\/vc_column][\/vc_row][vc_row][vc_column][vc_empty_space height=&#8221;80px&#8221;][\/vc_column][\/vc_row]<\/p>\n","protected":false},"excerpt":{"rendered":"<p>[vc_row][vc_column][vc_custom_heading text=&#8221;DENIA: UNE MER DE POSSIBILIT\u00c9S&#8221; font_container=&#8221;tag:h1|text_align:left&#8221; google_fonts=&#8221;font_family:Roboto%3A100%2C100italic%2C300%2C300italic%2Cregular%2Citalic%2C500%2C500italic%2C700%2C700italic%2C900%2C900italic|font_style:500%20bold%20regular%3A500%3Anormal&#8221;][vc_custom_heading text=&#8221;Soleil, mer, montagnes. Un espace de vie pour profiter et r\u00eaver.&#8221; font_container=&#8221;tag:p|text_align:left&#8221; google_fonts=&#8221;font_family:Roboto%3A100%2C100italic%2C300%2C300italic%2Cregular%2Citalic%2C500%2C500italic%2C700%2C700italic%2C900%2C900italic|font_style:700%20bold%20regular%3A700%3Anormal&#8221;][vc_row_inner][vc_column_inner width=&#8221;1\/2&#8243;][vc_column_text]D\u00e9nia est une ville portuaire situ\u00e9e sur la c\u00f4te m\u00e9diterran\u00e9enne \u00e0 l&#8217;est de l&#8217;Espagne. Au sommet d&#8217;une colline dominant la Marina, les ruines du ch\u00e2teau de D\u00e9nia abritent le mus\u00e9e arch\u00e9ologique, qui pr\u00e9sente notamment [&hellip;]<\/p>\n","protected":false},"author":1,"featured_media":0,"parent":0,"menu_order":9,"comment_status":"closed","ping_status":"closed","template":"template\/template-homepage.php","meta":{"footnotes":""},"class_list":["post-17295","page","type-page","status-publish","hentry"],"yoast_head":"<!-- This site is optimized with the Yoast SEO plugin v27.3 - https:\/\/yoast.com\/product\/yoast-seo-wordpress\/ -->\n<title>DENIA - ADAMANT REAL ESTATE<\/title>\n<meta name=\"description\" content=\"Nous vous offrons un service complet, cl\u00e9 en main! \u00e0 commencer par la recherche de v\u00f4tre propri\u00e9t\u00e9 que vous d\u00e9sirez.\" \/>\n<meta name=\"robots\" content=\"index, follow, max-snippet:-1, max-image-preview:large, max-video-preview:-1\" \/>\n<link rel=\"canonical\" href=\"https:\/\/adamant-real-estate.com\/fr\/denia-costa-blanca\/\" \/>\n<meta property=\"og:locale\" content=\"fr_FR\" \/>\n<meta property=\"og:type\" content=\"article\" \/>\n<meta property=\"og:title\" content=\"DENIA - ADAMANT REAL ESTATE\" \/>\n<meta property=\"og:description\" content=\"Nous vous offrons un service complet, cl\u00e9 en main! \u00e0 commencer par la recherche de v\u00f4tre propri\u00e9t\u00e9 que vous d\u00e9sirez.\" \/>\n<meta property=\"og:url\" content=\"https:\/\/adamant-real-estate.com\/fr\/denia-costa-blanca\/\" \/>\n<meta property=\"og:site_name\" content=\"ADAMANT REAL ESTATE\" \/>\n<meta property=\"article:modified_time\" content=\"2022-04-27T17:07:09+00:00\" \/>\n<meta name=\"twitter:card\" content=\"summary_large_image\" \/>\n<meta name=\"twitter:label1\" content=\"Dur\u00e9e de lecture estim\u00e9e\" \/>\n\t<meta name=\"twitter:data1\" content=\"7 minutes\" \/>\n<script type=\"application\/ld+json\" class=\"yoast-schema-graph\">{\"@context\":\"https:\\\/\\\/schema.org\",\"@graph\":[{\"@type\":\"WebPage\",\"@id\":\"https:\\\/\\\/adamant-real-estate.com\\\/fr\\\/denia-costa-blanca\\\/\",\"url\":\"https:\\\/\\\/adamant-real-estate.com\\\/fr\\\/denia-costa-blanca\\\/\",\"name\":\"DENIA - ADAMANT REAL ESTATE\",\"isPartOf\":{\"@id\":\"https:\\\/\\\/adamant-real-estate.com\\\/fr\\\/#website\"},\"datePublished\":\"2019-07-31T12:00:01+00:00\",\"dateModified\":\"2022-04-27T17:07:09+00:00\",\"description\":\"Nous vous offrons un service complet, cl\u00e9 en main! \u00e0 commencer par la recherche de v\u00f4tre propri\u00e9t\u00e9 que vous d\u00e9sirez.\",\"breadcrumb\":{\"@id\":\"https:\\\/\\\/adamant-real-estate.com\\\/fr\\\/denia-costa-blanca\\\/#breadcrumb\"},\"inLanguage\":\"fr-FR\",\"potentialAction\":[{\"@type\":\"ReadAction\",\"target\":[\"https:\\\/\\\/adamant-real-estate.com\\\/fr\\\/denia-costa-blanca\\\/\"]}]},{\"@type\":\"BreadcrumbList\",\"@id\":\"https:\\\/\\\/adamant-real-estate.com\\\/fr\\\/denia-costa-blanca\\\/#breadcrumb\",\"itemListElement\":[{\"@type\":\"ListItem\",\"position\":1,\"name\":\"Home\",\"item\":\"https:\\\/\\\/adamant-real-estate.com\\\/fr\\\/\"},{\"@type\":\"ListItem\",\"position\":2,\"name\":\"DENIA\"}]},{\"@type\":\"WebSite\",\"@id\":\"https:\\\/\\\/adamant-real-estate.com\\\/fr\\\/#website\",\"url\":\"https:\\\/\\\/adamant-real-estate.com\\\/fr\\\/\",\"name\":\"ADAMANT REAL ESTATE\",\"description\":\"REAL ESTATE D\u00c9NIA COSTA BLANCA\",\"publisher\":{\"@id\":\"https:\\\/\\\/adamant-real-estate.com\\\/fr\\\/#organization\"},\"potentialAction\":[{\"@type\":\"SearchAction\",\"target\":{\"@type\":\"EntryPoint\",\"urlTemplate\":\"https:\\\/\\\/adamant-real-estate.com\\\/fr\\\/?s={search_term_string}\"},\"query-input\":{\"@type\":\"PropertyValueSpecification\",\"valueRequired\":true,\"valueName\":\"search_term_string\"}}],\"inLanguage\":\"fr-FR\"},{\"@type\":\"Organization\",\"@id\":\"https:\\\/\\\/adamant-real-estate.com\\\/fr\\\/#organization\",\"name\":\"ADAMANT REAL ESTATE\",\"url\":\"https:\\\/\\\/adamant-real-estate.com\\\/fr\\\/\",\"logo\":{\"@type\":\"ImageObject\",\"inLanguage\":\"fr-FR\",\"@id\":\"https:\\\/\\\/adamant-real-estate.com\\\/fr\\\/#\\\/schema\\\/logo\\\/image\\\/\",\"url\":\"https:\\\/\\\/adamant-real-estate.com\\\/dev\\\/wp-content\\\/uploads\\\/2019\\\/08\\\/adamant-real-estate-denia-costa-blanca-logo5.png\",\"contentUrl\":\"https:\\\/\\\/adamant-real-estate.com\\\/dev\\\/wp-content\\\/uploads\\\/2019\\\/08\\\/adamant-real-estate-denia-costa-blanca-logo5.png\",\"width\":440,\"height\":100,\"caption\":\"ADAMANT REAL ESTATE\"},\"image\":{\"@id\":\"https:\\\/\\\/adamant-real-estate.com\\\/fr\\\/#\\\/schema\\\/logo\\\/image\\\/\"}}]}<\/script>\n<!-- \/ Yoast SEO plugin. -->","yoast_head_json":{"title":"DENIA - ADAMANT REAL ESTATE","description":"Nous vous offrons un service complet, cl\u00e9 en main! \u00e0 commencer par la recherche de v\u00f4tre propri\u00e9t\u00e9 que vous d\u00e9sirez.","robots":{"index":"index","follow":"follow","max-snippet":"max-snippet:-1","max-image-preview":"max-image-preview:large","max-video-preview":"max-video-preview:-1"},"canonical":"https:\/\/adamant-real-estate.com\/fr\/denia-costa-blanca\/","og_locale":"fr_FR","og_type":"article","og_title":"DENIA - ADAMANT REAL ESTATE","og_description":"Nous vous offrons un service complet, cl\u00e9 en main! \u00e0 commencer par la recherche de v\u00f4tre propri\u00e9t\u00e9 que vous d\u00e9sirez.","og_url":"https:\/\/adamant-real-estate.com\/fr\/denia-costa-blanca\/","og_site_name":"ADAMANT REAL ESTATE","article_modified_time":"2022-04-27T17:07:09+00:00","twitter_card":"summary_large_image","twitter_misc":{"Dur\u00e9e de lecture estim\u00e9e":"7 minutes"},"schema":{"@context":"https:\/\/schema.org","@graph":[{"@type":"WebPage","@id":"https:\/\/adamant-real-estate.com\/fr\/denia-costa-blanca\/","url":"https:\/\/adamant-real-estate.com\/fr\/denia-costa-blanca\/","name":"DENIA - ADAMANT REAL ESTATE","isPartOf":{"@id":"https:\/\/adamant-real-estate.com\/fr\/#website"},"datePublished":"2019-07-31T12:00:01+00:00","dateModified":"2022-04-27T17:07:09+00:00","description":"Nous vous offrons un service complet, cl\u00e9 en main! \u00e0 commencer par la recherche de v\u00f4tre propri\u00e9t\u00e9 que vous d\u00e9sirez.","breadcrumb":{"@id":"https:\/\/adamant-real-estate.com\/fr\/denia-costa-blanca\/#breadcrumb"},"inLanguage":"fr-FR","potentialAction":[{"@type":"ReadAction","target":["https:\/\/adamant-real-estate.com\/fr\/denia-costa-blanca\/"]}]},{"@type":"BreadcrumbList","@id":"https:\/\/adamant-real-estate.com\/fr\/denia-costa-blanca\/#breadcrumb","itemListElement":[{"@type":"ListItem","position":1,"name":"Home","item":"https:\/\/adamant-real-estate.com\/fr\/"},{"@type":"ListItem","position":2,"name":"DENIA"}]},{"@type":"WebSite","@id":"https:\/\/adamant-real-estate.com\/fr\/#website","url":"https:\/\/adamant-real-estate.com\/fr\/","name":"ADAMANT REAL ESTATE","description":"REAL ESTATE D\u00c9NIA COSTA BLANCA","publisher":{"@id":"https:\/\/adamant-real-estate.com\/fr\/#organization"},"potentialAction":[{"@type":"SearchAction","target":{"@type":"EntryPoint","urlTemplate":"https:\/\/adamant-real-estate.com\/fr\/?s={search_term_string}"},"query-input":{"@type":"PropertyValueSpecification","valueRequired":true,"valueName":"search_term_string"}}],"inLanguage":"fr-FR"},{"@type":"Organization","@id":"https:\/\/adamant-real-estate.com\/fr\/#organization","name":"ADAMANT REAL ESTATE","url":"https:\/\/adamant-real-estate.com\/fr\/","logo":{"@type":"ImageObject","inLanguage":"fr-FR","@id":"https:\/\/adamant-real-estate.com\/fr\/#\/schema\/logo\/image\/","url":"https:\/\/adamant-real-estate.com\/dev\/wp-content\/uploads\/2019\/08\/adamant-real-estate-denia-costa-blanca-logo5.png","contentUrl":"https:\/\/adamant-real-estate.com\/dev\/wp-content\/uploads\/2019\/08\/adamant-real-estate-denia-costa-blanca-logo5.png","width":440,"height":100,"caption":"ADAMANT REAL ESTATE"},"image":{"@id":"https:\/\/adamant-real-estate.com\/fr\/#\/schema\/logo\/image\/"}}]}},"_links":{"self":[{"href":"https:\/\/adamant-real-estate.com\/fr\/wp-json\/wp\/v2\/pages\/17295","targetHints":{"allow":["GET"]}}],"collection":[{"href":"https:\/\/adamant-real-estate.com\/fr\/wp-json\/wp\/v2\/pages"}],"about":[{"href":"https:\/\/adamant-real-estate.com\/fr\/wp-json\/wp\/v2\/types\/page"}],"author":[{"embeddable":true,"href":"https:\/\/adamant-real-estate.com\/fr\/wp-json\/wp\/v2\/users\/1"}],"replies":[{"embeddable":true,"href":"https:\/\/adamant-real-estate.com\/fr\/wp-json\/wp\/v2\/comments?post=17295"}],"version-history":[{"count":12,"href":"https:\/\/adamant-real-estate.com\/fr\/wp-json\/wp\/v2\/pages\/17295\/revisions"}],"predecessor-version":[{"id":17840,"href":"https:\/\/adamant-real-estate.com\/fr\/wp-json\/wp\/v2\/pages\/17295\/revisions\/17840"}],"wp:attachment":[{"href":"https:\/\/adamant-real-estate.com\/fr\/wp-json\/wp\/v2\/media?parent=17295"}],"curies":[{"name":"wp","href":"https:\/\/api.w.org\/{rel}","templated":true}]}}