{"id":17288,"date":"2019-07-31T11:43:35","date_gmt":"2019-07-31T10:43:35","guid":{"rendered":"https:\/\/adamant-real-estate.com\/dev\/adamant-real-estate-agency-denia\/"},"modified":"2023-10-04T13:07:38","modified_gmt":"2023-10-04T11:07:38","slug":"votre-partenaire-de-limmobilier-a-denia","status":"publish","type":"page","link":"https:\/\/adamant-real-estate.com\/fr\/votre-partenaire-de-limmobilier-a-denia\/","title":{"rendered":"ADAMANT"},"content":{"rendered":"<p>[vc_row][vc_column]<div style=\"clear:both; width:100%; height:50px\"><\/div>[vc_custom_heading text=&#8221;VOTRE PARTENAIRE DE L&#8217;IMMOBILIER \u00c0 DENIA.&#8221; font_container=&#8221;tag:h1|text_align:left&#8221; google_fonts=&#8221;font_family:Roboto%3A100%2C100italic%2C300%2C300italic%2Cregular%2Citalic%2C500%2C500italic%2C700%2C700italic%2C900%2C900italic|font_style:500%20bold%20regular%3A500%3Anormal&#8221;]<div style=\"clear:both; width:100%; height:30px\"><\/div>[vc_row_inner][vc_column_inner width=&#8221;1\/2&#8243;][vc_column_text]<\/p>\n<p class=\"p1\">Nous recherchons avec s\u00e9r\u00e9nit\u00e9 et d\u00e9termination les meilleures propri\u00e9t\u00e9s et appartements individuels sur la Costa Blanca. Ensemble nous r\u00e9aliserons vos souhaits et d\u00e9sirs concernant le choix de votre futur bien, ainsi vous pourrez vous projeter et vivre vos r\u00eaves.<\/p>\n<p class=\"p1\">Notre \u00e9quipe vous conseille, vous propose, vous accompagne, et r\u00e9pond a toutes les questions fiscales et administratives.<\/p>\n<p class=\"p1\">Nos services, notre exp\u00e9rience, sont l\u00e0, pour vous permettre de r\u00e9aliser vos objectifs.Profitez de nos nombreuses ann\u00e9es d&#8217;exp\u00e9rience avec le conseil de notaires et les structures techniques d&#8217;enregistrement foncier et bureaux municipaux du b\u00e2timent en place.<\/p>\n<p class=\"p1\">En tant que soci\u00e9t\u00e9 de conseil fiscal, nous sommes toujours au courent des derni\u00e8res r\u00e9glementations sur la fiscalit\u00e9.<\/p>\n<p>[\/vc_column_text][\/vc_column_inner][vc_column_inner width=&#8221;1\/2&#8243;][vc_column_text]<\/p>\n<p class=\"p1\">Avant de prendre votre d\u00e9cision d&#8217;achat de votre propri\u00e9t\u00e9 de votre choix, nous calculons tout le co\u00fbt d&#8217;achat pour vous et clarifions les questions ouvertes directement avec le propri\u00e9taire.<\/p>\n<p class=\"p1\">Avant de mettre la propri\u00e9t\u00e9 en vente, nous nous assurons de r\u00e9unir l&#8217;ensemble des documents et certificats n\u00e9cessaires \u00e0 la bonne constitution des obligations l\u00e9gales d&#8217;enregistrement. Nous vous accompagnons et vous assistons \u00e0 la signature finale devant le notaire.<\/p>\n<p class=\"p1\">Nous prenons en charge le changement de tous les contrats au nom de l&#8217;acqu\u00e9reur, des divers services administratifs et fournisseurs d&#8217;\u00e9nergie.<\/p>\n<p class=\"p1\">Achetez avec nous &#8211; Vendez avec nous.<\/p>\n<p>[\/vc_column_text][vc_column_text]<\/p>\n<p class=\"p1\"><span class=\"s1\" style=\"color: #ea571b;\">Inscription d&#8217;agent immobilier \u00e0 la Generalitat Valenciana N\u00b0 0602<span class=\"Apple-converted-space\">\u00a0<\/span><\/span><\/p>\n<p>[\/vc_column_text][\/vc_column_inner][\/vc_row_inner]<div style=\"clear:both; width:100%; height:30px\"><\/div>[\/vc_column][\/vc_row][vc_row full_width=&#8221;stretch_row&#8221; parallax=&#8221;content-moving&#8221; css=&#8221;.vc_custom_1603178938525{margin-right: 2px !important;margin-left: 2px !important;padding-top: 180px !important;padding-bottom: 180px !important;background-image: url(https:\/\/adamant-real-estate.com\/dev\/wp-content\/uploads\/2020\/10\/Adamant-Immobilien-Real-Estate-Inmobiliaria-Costa-Blanca-Spanien-Spain-021.jpg?id=17086) !important;background-position: center;background-repeat: no-repeat !important;background-size: contain !important;}&#8221; el_class=&#8221;background-picture-fixed&#8221;][vc_column][vc_custom_heading text=&#8221;VOS R\u00caVES PEUVENT DEVENIR R\u00c9ALIT\u00c9S !&#8221; font_container=&#8221;tag:p|font_size:50|text_align:center|color:%23ffffff&#8221; use_theme_fonts=&#8221;yes&#8221; css_animation=&#8221;slideInUp&#8221;][\/vc_column][\/vc_row][vc_row][vc_column][vc_empty_space height=&#8221;70px&#8221;][vc_btn title=&#8221;ACHETEZ AVEC NOUS &#8211; VENDEZ AVEC NOUS.&#8221; style=&#8221;flat&#8221; shape=&#8221;square&#8221; color=&#8221;white&#8221; link=&#8221;url:https%3A%2F%2Fadamant-real-estate.com%2Fdev%2Fcontact%2F|title:CONTACT||&#8221;][\/vc_column][\/vc_row][vc_row][vc_column][vc_empty_space height=&#8221;80px&#8221;][\/vc_column][\/vc_row]<\/p>\n","protected":false},"excerpt":{"rendered":"<p>[vc_row][vc_column][vc_custom_heading text=&#8221;VOTRE PARTENAIRE DE L&#8217;IMMOBILIER \u00c0 DENIA.&#8221; font_container=&#8221;tag:h1|text_align:left&#8221; google_fonts=&#8221;font_family:Roboto%3A100%2C100italic%2C300%2C300italic%2Cregular%2Citalic%2C500%2C500italic%2C700%2C700italic%2C900%2C900italic|font_style:500%20bold%20regular%3A500%3Anormal&#8221;][vc_row_inner][vc_column_inner width=&#8221;1\/2&#8243;][vc_column_text] Nous recherchons avec s\u00e9r\u00e9nit\u00e9 et d\u00e9termination les meilleures propri\u00e9t\u00e9s et appartements individuels sur la Costa Blanca. Ensemble nous r\u00e9aliserons vos souhaits et d\u00e9sirs concernant le choix de votre futur bien, ainsi vous pourrez vous projeter et vivre vos r\u00eaves. Notre \u00e9quipe vous conseille, vous propose, [&hellip;]<\/p>\n","protected":false},"author":1,"featured_media":0,"parent":0,"menu_order":16,"comment_status":"closed","ping_status":"closed","template":"template\/template-homepage.php","meta":{"footnotes":""},"class_list":["post-17288","page","type-page","status-publish","hentry"],"yoast_head":"<!-- This site is optimized with the Yoast SEO plugin v27.3 - https:\/\/yoast.com\/product\/yoast-seo-wordpress\/ -->\n<title>ADAMANT - ADAMANT REAL ESTATE<\/title>\n<meta name=\"description\" content=\"Nous vous offrons un service complet, cl\u00e9 en main! \u00e0 commencer par la recherche de v\u00f4tre propri\u00e9t\u00e9 que vous d\u00e9sirez.\" \/>\n<meta name=\"robots\" content=\"index, follow, max-snippet:-1, max-image-preview:large, max-video-preview:-1\" \/>\n<link rel=\"canonical\" href=\"https:\/\/adamant-real-estate.com\/fr\/votre-partenaire-de-limmobilier-a-denia\/\" \/>\n<meta property=\"og:locale\" content=\"fr_FR\" \/>\n<meta property=\"og:type\" content=\"article\" \/>\n<meta property=\"og:title\" content=\"ADAMANT - ADAMANT REAL ESTATE\" \/>\n<meta property=\"og:description\" content=\"Nous vous offrons un service complet, cl\u00e9 en main! \u00e0 commencer par la recherche de v\u00f4tre propri\u00e9t\u00e9 que vous d\u00e9sirez.\" \/>\n<meta property=\"og:url\" content=\"https:\/\/adamant-real-estate.com\/fr\/votre-partenaire-de-limmobilier-a-denia\/\" \/>\n<meta property=\"og:site_name\" content=\"ADAMANT REAL ESTATE\" \/>\n<meta property=\"article:modified_time\" content=\"2023-10-04T11:07:38+00:00\" \/>\n<meta name=\"twitter:card\" content=\"summary_large_image\" \/>\n<meta name=\"twitter:label1\" content=\"Dur\u00e9e de lecture estim\u00e9e\" \/>\n\t<meta name=\"twitter:data1\" content=\"2 minutes\" \/>\n<script type=\"application\/ld+json\" class=\"yoast-schema-graph\">{\"@context\":\"https:\\\/\\\/schema.org\",\"@graph\":[{\"@type\":\"WebPage\",\"@id\":\"https:\\\/\\\/adamant-real-estate.com\\\/fr\\\/votre-partenaire-de-limmobilier-a-denia\\\/\",\"url\":\"https:\\\/\\\/adamant-real-estate.com\\\/fr\\\/votre-partenaire-de-limmobilier-a-denia\\\/\",\"name\":\"ADAMANT - ADAMANT REAL ESTATE\",\"isPartOf\":{\"@id\":\"https:\\\/\\\/adamant-real-estate.com\\\/fr\\\/#website\"},\"datePublished\":\"2019-07-31T10:43:35+00:00\",\"dateModified\":\"2023-10-04T11:07:38+00:00\",\"description\":\"Nous vous offrons un service complet, cl\u00e9 en main! \u00e0 commencer par la recherche de v\u00f4tre propri\u00e9t\u00e9 que vous d\u00e9sirez.\",\"breadcrumb\":{\"@id\":\"https:\\\/\\\/adamant-real-estate.com\\\/fr\\\/votre-partenaire-de-limmobilier-a-denia\\\/#breadcrumb\"},\"inLanguage\":\"fr-FR\",\"potentialAction\":[{\"@type\":\"ReadAction\",\"target\":[\"https:\\\/\\\/adamant-real-estate.com\\\/fr\\\/votre-partenaire-de-limmobilier-a-denia\\\/\"]}]},{\"@type\":\"BreadcrumbList\",\"@id\":\"https:\\\/\\\/adamant-real-estate.com\\\/fr\\\/votre-partenaire-de-limmobilier-a-denia\\\/#breadcrumb\",\"itemListElement\":[{\"@type\":\"ListItem\",\"position\":1,\"name\":\"Home\",\"item\":\"https:\\\/\\\/adamant-real-estate.com\\\/fr\\\/\"},{\"@type\":\"ListItem\",\"position\":2,\"name\":\"ADAMANT\"}]},{\"@type\":\"WebSite\",\"@id\":\"https:\\\/\\\/adamant-real-estate.com\\\/fr\\\/#website\",\"url\":\"https:\\\/\\\/adamant-real-estate.com\\\/fr\\\/\",\"name\":\"ADAMANT REAL ESTATE\",\"description\":\"REAL ESTATE D\u00c9NIA COSTA BLANCA\",\"publisher\":{\"@id\":\"https:\\\/\\\/adamant-real-estate.com\\\/fr\\\/#organization\"},\"potentialAction\":[{\"@type\":\"SearchAction\",\"target\":{\"@type\":\"EntryPoint\",\"urlTemplate\":\"https:\\\/\\\/adamant-real-estate.com\\\/fr\\\/?s={search_term_string}\"},\"query-input\":{\"@type\":\"PropertyValueSpecification\",\"valueRequired\":true,\"valueName\":\"search_term_string\"}}],\"inLanguage\":\"fr-FR\"},{\"@type\":\"Organization\",\"@id\":\"https:\\\/\\\/adamant-real-estate.com\\\/fr\\\/#organization\",\"name\":\"ADAMANT REAL ESTATE\",\"url\":\"https:\\\/\\\/adamant-real-estate.com\\\/fr\\\/\",\"logo\":{\"@type\":\"ImageObject\",\"inLanguage\":\"fr-FR\",\"@id\":\"https:\\\/\\\/adamant-real-estate.com\\\/fr\\\/#\\\/schema\\\/logo\\\/image\\\/\",\"url\":\"https:\\\/\\\/adamant-real-estate.com\\\/dev\\\/wp-content\\\/uploads\\\/2019\\\/08\\\/adamant-real-estate-denia-costa-blanca-logo5.png\",\"contentUrl\":\"https:\\\/\\\/adamant-real-estate.com\\\/dev\\\/wp-content\\\/uploads\\\/2019\\\/08\\\/adamant-real-estate-denia-costa-blanca-logo5.png\",\"width\":440,\"height\":100,\"caption\":\"ADAMANT REAL ESTATE\"},\"image\":{\"@id\":\"https:\\\/\\\/adamant-real-estate.com\\\/fr\\\/#\\\/schema\\\/logo\\\/image\\\/\"}}]}<\/script>\n<!-- \/ Yoast SEO plugin. -->","yoast_head_json":{"title":"ADAMANT - ADAMANT REAL ESTATE","description":"Nous vous offrons un service complet, cl\u00e9 en main! \u00e0 commencer par la recherche de v\u00f4tre propri\u00e9t\u00e9 que vous d\u00e9sirez.","robots":{"index":"index","follow":"follow","max-snippet":"max-snippet:-1","max-image-preview":"max-image-preview:large","max-video-preview":"max-video-preview:-1"},"canonical":"https:\/\/adamant-real-estate.com\/fr\/votre-partenaire-de-limmobilier-a-denia\/","og_locale":"fr_FR","og_type":"article","og_title":"ADAMANT - ADAMANT REAL ESTATE","og_description":"Nous vous offrons un service complet, cl\u00e9 en main! \u00e0 commencer par la recherche de v\u00f4tre propri\u00e9t\u00e9 que vous d\u00e9sirez.","og_url":"https:\/\/adamant-real-estate.com\/fr\/votre-partenaire-de-limmobilier-a-denia\/","og_site_name":"ADAMANT REAL ESTATE","article_modified_time":"2023-10-04T11:07:38+00:00","twitter_card":"summary_large_image","twitter_misc":{"Dur\u00e9e de lecture estim\u00e9e":"2 minutes"},"schema":{"@context":"https:\/\/schema.org","@graph":[{"@type":"WebPage","@id":"https:\/\/adamant-real-estate.com\/fr\/votre-partenaire-de-limmobilier-a-denia\/","url":"https:\/\/adamant-real-estate.com\/fr\/votre-partenaire-de-limmobilier-a-denia\/","name":"ADAMANT - ADAMANT REAL ESTATE","isPartOf":{"@id":"https:\/\/adamant-real-estate.com\/fr\/#website"},"datePublished":"2019-07-31T10:43:35+00:00","dateModified":"2023-10-04T11:07:38+00:00","description":"Nous vous offrons un service complet, cl\u00e9 en main! \u00e0 commencer par la recherche de v\u00f4tre propri\u00e9t\u00e9 que vous d\u00e9sirez.","breadcrumb":{"@id":"https:\/\/adamant-real-estate.com\/fr\/votre-partenaire-de-limmobilier-a-denia\/#breadcrumb"},"inLanguage":"fr-FR","potentialAction":[{"@type":"ReadAction","target":["https:\/\/adamant-real-estate.com\/fr\/votre-partenaire-de-limmobilier-a-denia\/"]}]},{"@type":"BreadcrumbList","@id":"https:\/\/adamant-real-estate.com\/fr\/votre-partenaire-de-limmobilier-a-denia\/#breadcrumb","itemListElement":[{"@type":"ListItem","position":1,"name":"Home","item":"https:\/\/adamant-real-estate.com\/fr\/"},{"@type":"ListItem","position":2,"name":"ADAMANT"}]},{"@type":"WebSite","@id":"https:\/\/adamant-real-estate.com\/fr\/#website","url":"https:\/\/adamant-real-estate.com\/fr\/","name":"ADAMANT REAL ESTATE","description":"REAL ESTATE D\u00c9NIA COSTA BLANCA","publisher":{"@id":"https:\/\/adamant-real-estate.com\/fr\/#organization"},"potentialAction":[{"@type":"SearchAction","target":{"@type":"EntryPoint","urlTemplate":"https:\/\/adamant-real-estate.com\/fr\/?s={search_term_string}"},"query-input":{"@type":"PropertyValueSpecification","valueRequired":true,"valueName":"search_term_string"}}],"inLanguage":"fr-FR"},{"@type":"Organization","@id":"https:\/\/adamant-real-estate.com\/fr\/#organization","name":"ADAMANT REAL ESTATE","url":"https:\/\/adamant-real-estate.com\/fr\/","logo":{"@type":"ImageObject","inLanguage":"fr-FR","@id":"https:\/\/adamant-real-estate.com\/fr\/#\/schema\/logo\/image\/","url":"https:\/\/adamant-real-estate.com\/dev\/wp-content\/uploads\/2019\/08\/adamant-real-estate-denia-costa-blanca-logo5.png","contentUrl":"https:\/\/adamant-real-estate.com\/dev\/wp-content\/uploads\/2019\/08\/adamant-real-estate-denia-costa-blanca-logo5.png","width":440,"height":100,"caption":"ADAMANT REAL ESTATE"},"image":{"@id":"https:\/\/adamant-real-estate.com\/fr\/#\/schema\/logo\/image\/"}}]}},"_links":{"self":[{"href":"https:\/\/adamant-real-estate.com\/fr\/wp-json\/wp\/v2\/pages\/17288","targetHints":{"allow":["GET"]}}],"collection":[{"href":"https:\/\/adamant-real-estate.com\/fr\/wp-json\/wp\/v2\/pages"}],"about":[{"href":"https:\/\/adamant-real-estate.com\/fr\/wp-json\/wp\/v2\/types\/page"}],"author":[{"embeddable":true,"href":"https:\/\/adamant-real-estate.com\/fr\/wp-json\/wp\/v2\/users\/1"}],"replies":[{"embeddable":true,"href":"https:\/\/adamant-real-estate.com\/fr\/wp-json\/wp\/v2\/comments?post=17288"}],"version-history":[{"count":7,"href":"https:\/\/adamant-real-estate.com\/fr\/wp-json\/wp\/v2\/pages\/17288\/revisions"}],"predecessor-version":[{"id":17291,"href":"https:\/\/adamant-real-estate.com\/fr\/wp-json\/wp\/v2\/pages\/17288\/revisions\/17291"}],"wp:attachment":[{"href":"https:\/\/adamant-real-estate.com\/fr\/wp-json\/wp\/v2\/media?parent=17288"}],"curies":[{"name":"wp","href":"https:\/\/api.w.org\/{rel}","templated":true}]}}