{"id":17285,"date":"2019-07-26T15:29:40","date_gmt":"2019-07-26T14:29:40","guid":{"rendered":"https:\/\/adamant-real-estate.com\/dev\/properties\/"},"modified":"2022-04-27T19:06:58","modified_gmt":"2022-04-27T17:06:58","slug":"proprietes","status":"publish","type":"page","link":"https:\/\/adamant-real-estate.com\/fr\/proprietes\/","title":{"rendered":"PROPRI\u00c9T\u00c9S"},"content":{"rendered":"<p>[vc_row][vc_column width=&#8221;1\/2&#8243;][vc_column_text]Quoi que vous recherchez : nous pouvons vous trouver ce qui vous conviendra le mieux, villa individuelle avec vue extraordinaire, maison de ville, terrain \u00e0 b\u00e2tir, appartement sur la plage. Le bien de vos r\u00eaves vous attendre, n&#8217;h\u00e9sitez plus !<\/p>\n<p>Nous vous offrons un service complet, cl\u00e9 en main! \u00e0 commencer par la recherche de v\u00f4tre propri\u00e9t\u00e9 que vous d\u00e9sirez.[\/vc_column_text][\/vc_column][vc_column width=&#8221;1\/2&#8243;][vc_column_text]Nous examinons et fournissons tous les documents n\u00e9cessaires!\u00a0 De la signature devant notaire, \u00e0 l&#8217;enregistrement de tous les contrats \u00e0 votre nom, \u00e0 l&#8217;ouverture des compteurs, \u00e9lectrique, gaz, etc.<\/p>\n<p>A la r\u00e9ception des cl\u00e9s, vous n&#8217;aurez qu&#8217;\u00e0 poser vos valises et profitez de votre nouveau cadre de vie.[\/vc_column_text][\/vc_column][\/vc_row]<\/p>\n","protected":false},"excerpt":{"rendered":"<p>[vc_row][vc_column width=&#8221;1\/2&#8243;][vc_column_text]Quoi que vous recherchez : nous pouvons vous trouver ce qui vous conviendra le mieux, villa individuelle avec vue extraordinaire, maison de ville, terrain \u00e0 b\u00e2tir, appartement sur la plage. Le bien de vos r\u00eaves vous attendre, n&#8217;h\u00e9sitez plus ! Nous vous offrons un service complet, cl\u00e9 en main! \u00e0 commencer par la recherche [&hellip;]<\/p>\n","protected":false},"author":1,"featured_media":0,"parent":0,"menu_order":17,"comment_status":"closed","ping_status":"closed","template":"template\/template-listing-grid-v2-fullwidth-2cols.php","meta":{"footnotes":""},"class_list":["post-17285","page","type-page","status-publish","hentry"],"yoast_head":"<!-- This site is optimized with the Yoast SEO plugin v27.3 - https:\/\/yoast.com\/product\/yoast-seo-wordpress\/ -->\n<title>PROPRI\u00c9T\u00c9S - ADAMANT REAL ESTATE<\/title>\n<meta name=\"description\" content=\"Nous vous offrons un service complet, cl\u00e9 en main! \u00e0 commencer par la recherche de v\u00f4tre propri\u00e9t\u00e9 que vous d\u00e9sirez.\" \/>\n<meta name=\"robots\" content=\"index, follow, max-snippet:-1, max-image-preview:large, max-video-preview:-1\" \/>\n<link rel=\"canonical\" href=\"https:\/\/adamant-real-estate.com\/fr\/proprietes\/\" \/>\n<meta property=\"og:locale\" content=\"fr_FR\" \/>\n<meta property=\"og:type\" content=\"article\" \/>\n<meta property=\"og:title\" content=\"PROPRI\u00c9T\u00c9S - ADAMANT REAL ESTATE\" \/>\n<meta property=\"og:description\" content=\"Nous vous offrons un service complet, cl\u00e9 en main! \u00e0 commencer par la recherche de v\u00f4tre propri\u00e9t\u00e9 que vous d\u00e9sirez.\" \/>\n<meta property=\"og:url\" content=\"https:\/\/adamant-real-estate.com\/fr\/proprietes\/\" \/>\n<meta property=\"og:site_name\" content=\"ADAMANT REAL ESTATE\" \/>\n<meta property=\"article:modified_time\" content=\"2022-04-27T17:06:58+00:00\" \/>\n<meta name=\"twitter:card\" content=\"summary_large_image\" \/>\n<meta name=\"twitter:label1\" content=\"Dur\u00e9e de lecture estim\u00e9e\" \/>\n\t<meta name=\"twitter:data1\" content=\"1 minute\" \/>\n<script type=\"application\/ld+json\" class=\"yoast-schema-graph\">{\"@context\":\"https:\\\/\\\/schema.org\",\"@graph\":[{\"@type\":\"WebPage\",\"@id\":\"https:\\\/\\\/adamant-real-estate.com\\\/fr\\\/proprietes\\\/\",\"url\":\"https:\\\/\\\/adamant-real-estate.com\\\/fr\\\/proprietes\\\/\",\"name\":\"PROPRI\u00c9T\u00c9S - ADAMANT REAL ESTATE\",\"isPartOf\":{\"@id\":\"https:\\\/\\\/adamant-real-estate.com\\\/fr\\\/#website\"},\"datePublished\":\"2019-07-26T14:29:40+00:00\",\"dateModified\":\"2022-04-27T17:06:58+00:00\",\"description\":\"Nous vous offrons un service complet, cl\u00e9 en main! \u00e0 commencer par la recherche de v\u00f4tre propri\u00e9t\u00e9 que vous d\u00e9sirez.\",\"breadcrumb\":{\"@id\":\"https:\\\/\\\/adamant-real-estate.com\\\/fr\\\/proprietes\\\/#breadcrumb\"},\"inLanguage\":\"fr-FR\",\"potentialAction\":[{\"@type\":\"ReadAction\",\"target\":[\"https:\\\/\\\/adamant-real-estate.com\\\/fr\\\/proprietes\\\/\"]}]},{\"@type\":\"BreadcrumbList\",\"@id\":\"https:\\\/\\\/adamant-real-estate.com\\\/fr\\\/proprietes\\\/#breadcrumb\",\"itemListElement\":[{\"@type\":\"ListItem\",\"position\":1,\"name\":\"Home\",\"item\":\"https:\\\/\\\/adamant-real-estate.com\\\/fr\\\/\"},{\"@type\":\"ListItem\",\"position\":2,\"name\":\"PROPRI\u00c9T\u00c9S\"}]},{\"@type\":\"WebSite\",\"@id\":\"https:\\\/\\\/adamant-real-estate.com\\\/fr\\\/#website\",\"url\":\"https:\\\/\\\/adamant-real-estate.com\\\/fr\\\/\",\"name\":\"ADAMANT REAL ESTATE\",\"description\":\"REAL ESTATE D\u00c9NIA COSTA BLANCA\",\"publisher\":{\"@id\":\"https:\\\/\\\/adamant-real-estate.com\\\/fr\\\/#organization\"},\"potentialAction\":[{\"@type\":\"SearchAction\",\"target\":{\"@type\":\"EntryPoint\",\"urlTemplate\":\"https:\\\/\\\/adamant-real-estate.com\\\/fr\\\/?s={search_term_string}\"},\"query-input\":{\"@type\":\"PropertyValueSpecification\",\"valueRequired\":true,\"valueName\":\"search_term_string\"}}],\"inLanguage\":\"fr-FR\"},{\"@type\":\"Organization\",\"@id\":\"https:\\\/\\\/adamant-real-estate.com\\\/fr\\\/#organization\",\"name\":\"ADAMANT REAL ESTATE\",\"url\":\"https:\\\/\\\/adamant-real-estate.com\\\/fr\\\/\",\"logo\":{\"@type\":\"ImageObject\",\"inLanguage\":\"fr-FR\",\"@id\":\"https:\\\/\\\/adamant-real-estate.com\\\/fr\\\/#\\\/schema\\\/logo\\\/image\\\/\",\"url\":\"https:\\\/\\\/adamant-real-estate.com\\\/dev\\\/wp-content\\\/uploads\\\/2019\\\/08\\\/adamant-real-estate-denia-costa-blanca-logo5.png\",\"contentUrl\":\"https:\\\/\\\/adamant-real-estate.com\\\/dev\\\/wp-content\\\/uploads\\\/2019\\\/08\\\/adamant-real-estate-denia-costa-blanca-logo5.png\",\"width\":440,\"height\":100,\"caption\":\"ADAMANT REAL ESTATE\"},\"image\":{\"@id\":\"https:\\\/\\\/adamant-real-estate.com\\\/fr\\\/#\\\/schema\\\/logo\\\/image\\\/\"}}]}<\/script>\n<!-- \/ Yoast SEO plugin. -->","yoast_head_json":{"title":"PROPRI\u00c9T\u00c9S - ADAMANT REAL ESTATE","description":"Nous vous offrons un service complet, cl\u00e9 en main! \u00e0 commencer par la recherche de v\u00f4tre propri\u00e9t\u00e9 que vous d\u00e9sirez.","robots":{"index":"index","follow":"follow","max-snippet":"max-snippet:-1","max-image-preview":"max-image-preview:large","max-video-preview":"max-video-preview:-1"},"canonical":"https:\/\/adamant-real-estate.com\/fr\/proprietes\/","og_locale":"fr_FR","og_type":"article","og_title":"PROPRI\u00c9T\u00c9S - ADAMANT REAL ESTATE","og_description":"Nous vous offrons un service complet, cl\u00e9 en main! \u00e0 commencer par la recherche de v\u00f4tre propri\u00e9t\u00e9 que vous d\u00e9sirez.","og_url":"https:\/\/adamant-real-estate.com\/fr\/proprietes\/","og_site_name":"ADAMANT REAL ESTATE","article_modified_time":"2022-04-27T17:06:58+00:00","twitter_card":"summary_large_image","twitter_misc":{"Dur\u00e9e de lecture estim\u00e9e":"1 minute"},"schema":{"@context":"https:\/\/schema.org","@graph":[{"@type":"WebPage","@id":"https:\/\/adamant-real-estate.com\/fr\/proprietes\/","url":"https:\/\/adamant-real-estate.com\/fr\/proprietes\/","name":"PROPRI\u00c9T\u00c9S - ADAMANT REAL ESTATE","isPartOf":{"@id":"https:\/\/adamant-real-estate.com\/fr\/#website"},"datePublished":"2019-07-26T14:29:40+00:00","dateModified":"2022-04-27T17:06:58+00:00","description":"Nous vous offrons un service complet, cl\u00e9 en main! \u00e0 commencer par la recherche de v\u00f4tre propri\u00e9t\u00e9 que vous d\u00e9sirez.","breadcrumb":{"@id":"https:\/\/adamant-real-estate.com\/fr\/proprietes\/#breadcrumb"},"inLanguage":"fr-FR","potentialAction":[{"@type":"ReadAction","target":["https:\/\/adamant-real-estate.com\/fr\/proprietes\/"]}]},{"@type":"BreadcrumbList","@id":"https:\/\/adamant-real-estate.com\/fr\/proprietes\/#breadcrumb","itemListElement":[{"@type":"ListItem","position":1,"name":"Home","item":"https:\/\/adamant-real-estate.com\/fr\/"},{"@type":"ListItem","position":2,"name":"PROPRI\u00c9T\u00c9S"}]},{"@type":"WebSite","@id":"https:\/\/adamant-real-estate.com\/fr\/#website","url":"https:\/\/adamant-real-estate.com\/fr\/","name":"ADAMANT REAL ESTATE","description":"REAL ESTATE D\u00c9NIA COSTA BLANCA","publisher":{"@id":"https:\/\/adamant-real-estate.com\/fr\/#organization"},"potentialAction":[{"@type":"SearchAction","target":{"@type":"EntryPoint","urlTemplate":"https:\/\/adamant-real-estate.com\/fr\/?s={search_term_string}"},"query-input":{"@type":"PropertyValueSpecification","valueRequired":true,"valueName":"search_term_string"}}],"inLanguage":"fr-FR"},{"@type":"Organization","@id":"https:\/\/adamant-real-estate.com\/fr\/#organization","name":"ADAMANT REAL ESTATE","url":"https:\/\/adamant-real-estate.com\/fr\/","logo":{"@type":"ImageObject","inLanguage":"fr-FR","@id":"https:\/\/adamant-real-estate.com\/fr\/#\/schema\/logo\/image\/","url":"https:\/\/adamant-real-estate.com\/dev\/wp-content\/uploads\/2019\/08\/adamant-real-estate-denia-costa-blanca-logo5.png","contentUrl":"https:\/\/adamant-real-estate.com\/dev\/wp-content\/uploads\/2019\/08\/adamant-real-estate-denia-costa-blanca-logo5.png","width":440,"height":100,"caption":"ADAMANT REAL ESTATE"},"image":{"@id":"https:\/\/adamant-real-estate.com\/fr\/#\/schema\/logo\/image\/"}}]}},"_links":{"self":[{"href":"https:\/\/adamant-real-estate.com\/fr\/wp-json\/wp\/v2\/pages\/17285","targetHints":{"allow":["GET"]}}],"collection":[{"href":"https:\/\/adamant-real-estate.com\/fr\/wp-json\/wp\/v2\/pages"}],"about":[{"href":"https:\/\/adamant-real-estate.com\/fr\/wp-json\/wp\/v2\/types\/page"}],"author":[{"embeddable":true,"href":"https:\/\/adamant-real-estate.com\/fr\/wp-json\/wp\/v2\/users\/1"}],"replies":[{"embeddable":true,"href":"https:\/\/adamant-real-estate.com\/fr\/wp-json\/wp\/v2\/comments?post=17285"}],"version-history":[{"count":3,"href":"https:\/\/adamant-real-estate.com\/fr\/wp-json\/wp\/v2\/pages\/17285\/revisions"}],"predecessor-version":[{"id":17286,"href":"https:\/\/adamant-real-estate.com\/fr\/wp-json\/wp\/v2\/pages\/17285\/revisions\/17286"}],"wp:attachment":[{"href":"https:\/\/adamant-real-estate.com\/fr\/wp-json\/wp\/v2\/media?parent=17285"}],"curies":[{"name":"wp","href":"https:\/\/api.w.org\/{rel}","templated":true}]}}