{"id":17274,"date":"2021-09-15T21:12:33","date_gmt":"2021-09-15T19:12:33","guid":{"rendered":"https:\/\/adamant-real-estate.com\/dev\/home\/"},"modified":"2022-03-14T09:47:40","modified_gmt":"2022-03-14T08:47:40","slug":"home","status":"publish","type":"page","link":"https:\/\/adamant-real-estate.com\/fr\/","title":{"rendered":"DOMICILE"},"content":{"rendered":"<p>[vc_row][vc_column]<div style=\"clear:both; width:100%; height:50px\"><\/div>[vc_custom_heading text=&#8221;VOS R\u00caVES PEUVENT DEVENIR R\u00c9ALIT\u00c9S !&#8221; font_container=&#8221;tag:h1|text_align:left&#8221; google_fonts=&#8221;font_family:Roboto%3A100%2C100italic%2C300%2C300italic%2Cregular%2Citalic%2C500%2C500italic%2C700%2C700italic%2C900%2C900italic|font_style:500%20bold%20regular%3A500%3Anormal&#8221;]<div style=\"clear:both; width:100%; height:32px\"><\/div>[vc_row_inner][vc_column_inner width=&#8221;1\/2&#8243;][vc_column_text]<strong>Faites que vos souhaits deviennent r\u00e9alit\u00e9s!<\/strong><\/p>\n<p>Devenez propri\u00e9taire de la maison de vos r\u00eaves, aux choix multiples, \u00e0 proximit\u00e9 de la plage, \u00e0 la campagne, ou en montagne, dans cette merveilleuse r\u00e9gion qui est la n\u00f4tre.<\/p>\n<p>Imaginez-vous sur votre terrasse, d\u00e9tendu, tranquille, laissez votre regard se promener sur des kilom\u00e8tres de plage de la Costa Blanca, au sable chaud, \u00e0 cette mer douce et agr\u00e9able d&#8217;un bleu d&#8217;azur, \u00e0 cette douce lumi\u00e8re du soleil, o\u00f9 toutes sortes d&#8217;activit\u00e9s sont pratiqu\u00e9es.<\/p>\n<p>Laissez-vous transporter au milieu des orangeraies, des amandiers, des oliveraies, laissez-vous enivrer par ses senteurs aux parfums multiples qui se nourrissent du soleil qui brille tout au long de l&#8217;ann\u00e9e.[\/vc_column_text][\/vc_column_inner][vc_column_inner width=&#8221;1\/2&#8243;][vc_column_text]Nous avons des choix multiples \u00e0 votre disposition, nous sommes \u00e0 votre \u00e9coute. Notre priorit\u00e9 est d&#8217;abord et avant tout l&#8217;accompagnement et la satisfaction de nos clients.<\/p>\n<p>Nos s\u00e9lections de biens immobiliers: villa, maison en ville ou \u00e0 la campagne, appartement en ville ou \u00e0 la campagne, en bordure de plage, \u00e0 DENIA et ses environs, sur toute la Costa Blanca y compris le bel arri\u00e8re-pays, avec tous ses charmes ses avantages.<\/p>\n<p>Nous organisons un contact direct entre le vendeur et nos clients, notre suivi et notre accompagnement est total, du premier contact a la signature devant notaire sans oublier les diverses t\u00e2ches administratives qui concernent\u00a0 l&#8217;ouverture du compteur, \u00e9lectrique, gaz, d\u00e9claration divers ect \u2026<\/p>\n<p><strong>Notre \u00e9quipe est \u00e0 votre service pour la r\u00e9alisation du meilleur de vos projets et de vos r\u00eaves.<\/strong>[\/vc_column_text][\/vc_column_inner][\/vc_row_inner][\/vc_column][\/vc_row][vc_row full_width=&#8221;stretch_row&#8221; equal_height=&#8221;yes&#8221; rtl_reverse=&#8221;yes&#8221; content_placement=&#8221;middle&#8221; css=&#8221;.vc_custom_1626114539711{margin-right: 2px !important;margin-left: 2px !important;}&#8221; el_class=&#8221;box-height&#8221;][vc_column width=&#8221;1\/2&#8243; css=&#8221;.vc_custom_1565698962613{padding-top: 25% !important;padding-right: 5% !important;padding-bottom: 25% !important;padding-left: 5% !important;background-color: rgba(25,46,91,0.2) !important;*background-color: rgb(25,46,91) !important;}&#8221; el_class=&#8221;box-padding-left&#8221;][vc_column_text css_animation=&#8221;bottom-to-top&#8221; el_class=&#8221;text-box-font-color&#8221;]<\/p>\n<h1><span style=\"color: #000000;\">ADAMANT IMMOBILIER<\/span><\/h1>\n<p>Nous recherchons et s\u00e9lectionnons des propri\u00e9t\u00e9s int\u00e9ressantes et individuelles sur la Costa Blanca afin de proposer \u00e0 nos futurs acqu\u00e9reurs\u00a0 des biens de qualit\u00e9 qui correspondent le mieux \u00e0 leurs besoins et \u00e0 leurs envies <span style=\"color: #000000;\">\u2026<\/span>[\/vc_column_text][vc_btn title=&#8221;LIRE PLUS&#8221; style=&#8221;flat&#8221; shape=&#8221;square&#8221; color=&#8221;white&#8221; size=&#8221;xs&#8221; link=&#8221;url:https%3A%2F%2Fadamant-real-estate.com%2Fdev%2Ffr%2Fvotre-partenaire-de-limmobilier-a-denia%2F|title:HOME%20ADAMANT&#8221;][\/vc_column][vc_column parallax=&#8221;content-moving&#8221; parallax_speed_bg=&#8221;&#8221; css_animation=&#8221;none&#8221; width=&#8221;1\/2&#8243; css=&#8221;.vc_custom_1567671618507{padding-top: 50% !important;padding-bottom: 50% !important;background-image: url(https:\/\/adamant-real-estate.com\/dev\/wp-content\/uploads\/2019\/09\/adamant-real-estate-immobilien-inmobiliaria-denia-costa-blanca-about.jpg?id=15788) !important;background-position: center !important;background-repeat: no-repeat !important;background-size: cover !important;}&#8221; el_class=&#8221;box-padding-right&#8221;][\/vc_column][\/vc_row][vc_row content_placement=&#8221;middle&#8221; parallax=&#8221;content-moving&#8221; css=&#8221;.vc_custom_1567671740191{margin-top: 5px !important;margin-right: 2px !important;margin-bottom: 5px !important;margin-left: 2px !important;padding-top: 25% !important;padding-bottom: 25% !important;background-image: url(https:\/\/adamant-real-estate.com\/dev\/wp-content\/uploads\/2019\/09\/adamant-real-estate-immobilien-inmobiliaria-denia-costa-blanca.jpg?id=15776) !important;}&#8221; el_class=&#8221;full-bleed-pic&#8221;][vc_column][\/vc_column][\/vc_row][vc_row full_width=&#8221;stretch_row&#8221; equal_height=&#8221;yes&#8221; content_placement=&#8221;middle&#8221; css=&#8221;.vc_custom_1564581841564{margin-right: 2px !important;margin-left: 2px !important;}&#8221;][vc_column width=&#8221;1\/2&#8243; css=&#8221;.vc_custom_1565698969395{padding-top: 25% !important;padding-right: 5% !important;padding-bottom: 25% !important;padding-left: 5% !important;background-color: rgba(25,46,91,0.2) !important;*background-color: rgb(25,46,91) !important;}&#8221; el_class=&#8221;box-padding-left&#8221;][vc_column_text css_animation=&#8221;bottom-to-top&#8221; el_class=&#8221;text-box-font-color&#8221;]<\/p>\n<h1><span style=\"color: #000000;\">PROPRI\u00c9T\u00c9<\/span><\/h1>\n<p><span style=\"color: #000000;\">Les propri\u00e9t\u00e9s de notre r\u00e9gion sont des constructions qui vous apporterons beaucoup de\u00a0 bien \u00eatre et un cadre de vie tr\u00e8s riche en diversit\u00e9, en architecture et en \u00e9change de cultures qui remontent tr\u00e8s loin dans le temps &#8230;<\/span>[\/vc_column_text][vc_btn title=&#8221;TROUVER VOTRE PROPRI\u00c9T\u00c9&#8221; style=&#8221;flat&#8221; shape=&#8221;square&#8221; color=&#8221;white&#8221; size=&#8221;xs&#8221; link=&#8221;url:https%3A%2F%2Fadamant-real-estate.com%2Fdev%2Ffr%2Fproprietes%2F|title:PROPRI%C3%89T%C3%89S&#8221;][\/vc_column][vc_column parallax=&#8221;content-moving&#8221; parallax_speed_bg=&#8221;&#8221; css_animation=&#8221;none&#8221; width=&#8221;1\/2&#8243; css=&#8221;.vc_custom_1606206982038{padding-top: 50% !important;padding-bottom: 50% !important;background-image: url(https:\/\/adamant-real-estate.com\/dev\/wp-content\/uploads\/2020\/10\/Adamant-Immobilien-Real-Estate-Inmobiliaria-Costa-Blanca-Spanien-Spain-029.jpg?id=17124) !important;background-position: center !important;background-repeat: no-repeat !important;background-size: cover !important;}&#8221; el_class=&#8221;box-padding-right&#8221;][\/vc_column][\/vc_row][vc_row content_placement=&#8221;middle&#8221; parallax=&#8221;content-moving&#8221; css=&#8221;.vc_custom_1567672206448{margin-top: 5px !important;margin-right: 2px !important;margin-bottom: 5px !important;margin-left: 2px !important;padding-top: 25% !important;padding-bottom: 25% !important;background-image: url(https:\/\/adamant-real-estate.com\/dev\/wp-content\/uploads\/2019\/09\/Montgo-Denia-Immobilien-Real-Estate-Inmobiliaria-Costa-Blanca-Spanien-Spain.jpg?id=15949) !important;}&#8221; el_class=&#8221;full-bleed-pic&#8221;][vc_column][\/vc_column][\/vc_row][vc_row full_width=&#8221;stretch_row&#8221; equal_height=&#8221;yes&#8221; content_placement=&#8221;middle&#8221; css=&#8221;.vc_custom_1564581890593{margin-right: 2px !important;margin-left: 2px !important;}&#8221;][vc_column width=&#8221;1\/2&#8243; css=&#8221;.vc_custom_1565698976605{padding-top: 25% !important;padding-right: 5% !important;padding-bottom: 20% !important;padding-left: 5% !important;background-color: rgba(25,46,91,0.2) !important;*background-color: rgb(25,46,91) !important;}&#8221; el_class=&#8221;box-padding-left&#8221;][vc_column_text css_animation=&#8221;bottom-to-top&#8221; el_class=&#8221;text-box-font-color&#8221;]<\/p>\n<h1><span style=\"color: #000000;\">DENIA<\/span><\/h1>\n<p>D\u00e9nia est une ville portuaire situ\u00e9e sur la c\u00f4te m\u00e9diterran\u00e9enne \u00e0 l&#8217;est de l&#8217;Espagne. Au sommet d&#8217;une colline dominant la Marina, les ruines du ch\u00e2teau de D\u00e9nia abritent le mus\u00e9e arch\u00e9ologique, qui pr\u00e9sente notamment des vestiges romains d\u00e9couverts non loin &#8230;[\/vc_column_text][vc_btn title=&#8221;LIRE PLUS&#8221; style=&#8221;flat&#8221; shape=&#8221;square&#8221; color=&#8221;white&#8221; size=&#8221;xs&#8221; link=&#8221;url:https%3A%2F%2Fadamant-real-estate.com%2Fdev%2Ffr%2Fdenia-costa-blanca%2F|title:HOME%20ADAMANT&#8221;][\/vc_column][vc_column parallax=&#8221;content-moving&#8221; css_animation=&#8221;none&#8221; width=&#8221;1\/2&#8243; css=&#8221;.vc_custom_1567671684640{padding-top: 50% !important;padding-bottom: 50% !important;background-image: url(https:\/\/adamant-real-estate.com\/dev\/wp-content\/uploads\/2019\/09\/adamant-real-estate-immobilien-inmobiliaria-denia-costa-blanca-hafen-puerto-port.jpg?id=15785) !important;background-position: center !important;background-repeat: no-repeat !important;background-size: cover !important;}&#8221; el_class=&#8221;box-padding-right&#8221;][\/vc_column][\/vc_row][vc_row][vc_column][vc_empty_space height=&#8221;80px&#8221;][\/vc_column][\/vc_row][vc_row][vc_column][vc_empty_space height=&#8221;80px&#8221;][\/vc_column][\/vc_row]<\/p>\n","protected":false},"excerpt":{"rendered":"<p>[vc_row][vc_column][vc_custom_heading text=&#8221;VOS R\u00caVES PEUVENT DEVENIR R\u00c9ALIT\u00c9S !&#8221; font_container=&#8221;tag:h1|text_align:left&#8221; google_fonts=&#8221;font_family:Roboto%3A100%2C100italic%2C300%2C300italic%2Cregular%2Citalic%2C500%2C500italic%2C700%2C700italic%2C900%2C900italic|font_style:500%20bold%20regular%3A500%3Anormal&#8221;][vc_row_inner][vc_column_inner width=&#8221;1\/2&#8243;][vc_column_text]Faites que vos souhaits deviennent r\u00e9alit\u00e9s! Devenez propri\u00e9taire de la maison de vos r\u00eaves, aux choix multiples, \u00e0 proximit\u00e9 de la plage, \u00e0 la campagne, ou en montagne, dans cette merveilleuse r\u00e9gion qui est la n\u00f4tre. Imaginez-vous sur votre terrasse, d\u00e9tendu, tranquille, laissez votre regard se [&hellip;]<\/p>\n","protected":false},"author":1,"featured_media":0,"parent":0,"menu_order":7,"comment_status":"closed","ping_status":"closed","template":"template\/template-homepage.php","meta":{"footnotes":""},"class_list":["post-17274","page","type-page","status-publish","hentry"],"yoast_head":"<!-- This site is optimized with the Yoast SEO plugin v27.5 - https:\/\/yoast.com\/product\/yoast-seo-wordpress\/ -->\n<title>DOMICILE - ADAMANT REAL ESTATE<\/title>\n<meta name=\"robots\" content=\"index, follow, max-snippet:-1, max-image-preview:large, max-video-preview:-1\" \/>\n<link rel=\"canonical\" href=\"https:\/\/adamant-real-estate.com\/fr\/\" \/>\n<meta property=\"og:locale\" content=\"fr_FR\" \/>\n<meta property=\"og:type\" content=\"article\" \/>\n<meta property=\"og:title\" content=\"DOMICILE - ADAMANT REAL ESTATE\" \/>\n<meta property=\"og:description\" content=\"[vc_row][vc_column][vc_custom_heading text=&#8221;VOS R\u00caVES PEUVENT DEVENIR R\u00c9ALIT\u00c9S !&#8221; font_container=&#8221;tag:h1|text_align:left&#8221; google_fonts=&#8221;font_family:Roboto%3A100%2C100italic%2C300%2C300italic%2Cregular%2Citalic%2C500%2C500italic%2C700%2C700italic%2C900%2C900italic|font_style:500%20bold%20regular%3A500%3Anormal&#8221;][vc_row_inner][vc_column_inner width=&#8221;1\/2&#8243;][vc_column_text]Faites que vos souhaits deviennent r\u00e9alit\u00e9s! Devenez propri\u00e9taire de la maison de vos r\u00eaves, aux choix multiples, \u00e0 proximit\u00e9 de la plage, \u00e0 la campagne, ou en montagne, dans cette merveilleuse r\u00e9gion qui est la n\u00f4tre. Imaginez-vous sur votre terrasse, d\u00e9tendu, tranquille, laissez votre regard se [&hellip;]\" \/>\n<meta property=\"og:url\" content=\"https:\/\/adamant-real-estate.com\/fr\/\" \/>\n<meta property=\"og:site_name\" content=\"ADAMANT REAL ESTATE\" \/>\n<meta property=\"article:modified_time\" content=\"2022-03-14T08:47:40+00:00\" \/>\n<meta name=\"twitter:card\" content=\"summary_large_image\" \/>\n<meta name=\"twitter:label1\" content=\"Dur\u00e9e de lecture estim\u00e9e\" \/>\n\t<meta name=\"twitter:data1\" content=\"5 minutes\" \/>\n<script type=\"application\/ld+json\" class=\"yoast-schema-graph\">{\"@context\":\"https:\\\/\\\/schema.org\",\"@graph\":[{\"@type\":\"WebPage\",\"@id\":\"https:\\\/\\\/adamant-real-estate.com\\\/fr\\\/\",\"url\":\"https:\\\/\\\/adamant-real-estate.com\\\/fr\\\/\",\"name\":\"DOMICILE - ADAMANT REAL ESTATE\",\"isPartOf\":{\"@id\":\"https:\\\/\\\/adamant-real-estate.com\\\/fr\\\/#website\"},\"datePublished\":\"2021-09-15T19:12:33+00:00\",\"dateModified\":\"2022-03-14T08:47:40+00:00\",\"breadcrumb\":{\"@id\":\"https:\\\/\\\/adamant-real-estate.com\\\/fr\\\/#breadcrumb\"},\"inLanguage\":\"fr-FR\",\"potentialAction\":[{\"@type\":\"ReadAction\",\"target\":[\"https:\\\/\\\/adamant-real-estate.com\\\/fr\\\/\"]}]},{\"@type\":\"BreadcrumbList\",\"@id\":\"https:\\\/\\\/adamant-real-estate.com\\\/fr\\\/#breadcrumb\",\"itemListElement\":[{\"@type\":\"ListItem\",\"position\":1,\"name\":\"Home\",\"item\":\"https:\\\/\\\/adamant-real-estate.com\\\/fr\\\/\"},{\"@type\":\"ListItem\",\"position\":2,\"name\":\"DOMICILE\"}]},{\"@type\":\"WebSite\",\"@id\":\"https:\\\/\\\/adamant-real-estate.com\\\/fr\\\/#website\",\"url\":\"https:\\\/\\\/adamant-real-estate.com\\\/fr\\\/\",\"name\":\"ADAMANT REAL ESTATE\",\"description\":\"REAL ESTATE D\u00c9NIA COSTA BLANCA\",\"publisher\":{\"@id\":\"https:\\\/\\\/adamant-real-estate.com\\\/fr\\\/#organization\"},\"potentialAction\":[{\"@type\":\"SearchAction\",\"target\":{\"@type\":\"EntryPoint\",\"urlTemplate\":\"https:\\\/\\\/adamant-real-estate.com\\\/fr\\\/?s={search_term_string}\"},\"query-input\":{\"@type\":\"PropertyValueSpecification\",\"valueRequired\":true,\"valueName\":\"search_term_string\"}}],\"inLanguage\":\"fr-FR\"},{\"@type\":\"Organization\",\"@id\":\"https:\\\/\\\/adamant-real-estate.com\\\/fr\\\/#organization\",\"name\":\"ADAMANT REAL ESTATE\",\"url\":\"https:\\\/\\\/adamant-real-estate.com\\\/fr\\\/\",\"logo\":{\"@type\":\"ImageObject\",\"inLanguage\":\"fr-FR\",\"@id\":\"https:\\\/\\\/adamant-real-estate.com\\\/fr\\\/#\\\/schema\\\/logo\\\/image\\\/\",\"url\":\"https:\\\/\\\/adamant-real-estate.com\\\/dev\\\/wp-content\\\/uploads\\\/2019\\\/08\\\/adamant-real-estate-denia-costa-blanca-logo5.png\",\"contentUrl\":\"https:\\\/\\\/adamant-real-estate.com\\\/dev\\\/wp-content\\\/uploads\\\/2019\\\/08\\\/adamant-real-estate-denia-costa-blanca-logo5.png\",\"width\":440,\"height\":100,\"caption\":\"ADAMANT REAL ESTATE\"},\"image\":{\"@id\":\"https:\\\/\\\/adamant-real-estate.com\\\/fr\\\/#\\\/schema\\\/logo\\\/image\\\/\"}}]}<\/script>\n<!-- \/ Yoast SEO plugin. -->","yoast_head_json":{"title":"DOMICILE - ADAMANT REAL ESTATE","robots":{"index":"index","follow":"follow","max-snippet":"max-snippet:-1","max-image-preview":"max-image-preview:large","max-video-preview":"max-video-preview:-1"},"canonical":"https:\/\/adamant-real-estate.com\/fr\/","og_locale":"fr_FR","og_type":"article","og_title":"DOMICILE - ADAMANT REAL ESTATE","og_description":"[vc_row][vc_column][vc_custom_heading text=&#8221;VOS R\u00caVES PEUVENT DEVENIR R\u00c9ALIT\u00c9S !&#8221; font_container=&#8221;tag:h1|text_align:left&#8221; google_fonts=&#8221;font_family:Roboto%3A100%2C100italic%2C300%2C300italic%2Cregular%2Citalic%2C500%2C500italic%2C700%2C700italic%2C900%2C900italic|font_style:500%20bold%20regular%3A500%3Anormal&#8221;][vc_row_inner][vc_column_inner width=&#8221;1\/2&#8243;][vc_column_text]Faites que vos souhaits deviennent r\u00e9alit\u00e9s! Devenez propri\u00e9taire de la maison de vos r\u00eaves, aux choix multiples, \u00e0 proximit\u00e9 de la plage, \u00e0 la campagne, ou en montagne, dans cette merveilleuse r\u00e9gion qui est la n\u00f4tre. Imaginez-vous sur votre terrasse, d\u00e9tendu, tranquille, laissez votre regard se [&hellip;]","og_url":"https:\/\/adamant-real-estate.com\/fr\/","og_site_name":"ADAMANT REAL ESTATE","article_modified_time":"2022-03-14T08:47:40+00:00","twitter_card":"summary_large_image","twitter_misc":{"Dur\u00e9e de lecture estim\u00e9e":"5 minutes"},"schema":{"@context":"https:\/\/schema.org","@graph":[{"@type":"WebPage","@id":"https:\/\/adamant-real-estate.com\/fr\/","url":"https:\/\/adamant-real-estate.com\/fr\/","name":"DOMICILE - ADAMANT REAL ESTATE","isPartOf":{"@id":"https:\/\/adamant-real-estate.com\/fr\/#website"},"datePublished":"2021-09-15T19:12:33+00:00","dateModified":"2022-03-14T08:47:40+00:00","breadcrumb":{"@id":"https:\/\/adamant-real-estate.com\/fr\/#breadcrumb"},"inLanguage":"fr-FR","potentialAction":[{"@type":"ReadAction","target":["https:\/\/adamant-real-estate.com\/fr\/"]}]},{"@type":"BreadcrumbList","@id":"https:\/\/adamant-real-estate.com\/fr\/#breadcrumb","itemListElement":[{"@type":"ListItem","position":1,"name":"Home","item":"https:\/\/adamant-real-estate.com\/fr\/"},{"@type":"ListItem","position":2,"name":"DOMICILE"}]},{"@type":"WebSite","@id":"https:\/\/adamant-real-estate.com\/fr\/#website","url":"https:\/\/adamant-real-estate.com\/fr\/","name":"ADAMANT REAL ESTATE","description":"REAL ESTATE D\u00c9NIA COSTA BLANCA","publisher":{"@id":"https:\/\/adamant-real-estate.com\/fr\/#organization"},"potentialAction":[{"@type":"SearchAction","target":{"@type":"EntryPoint","urlTemplate":"https:\/\/adamant-real-estate.com\/fr\/?s={search_term_string}"},"query-input":{"@type":"PropertyValueSpecification","valueRequired":true,"valueName":"search_term_string"}}],"inLanguage":"fr-FR"},{"@type":"Organization","@id":"https:\/\/adamant-real-estate.com\/fr\/#organization","name":"ADAMANT REAL ESTATE","url":"https:\/\/adamant-real-estate.com\/fr\/","logo":{"@type":"ImageObject","inLanguage":"fr-FR","@id":"https:\/\/adamant-real-estate.com\/fr\/#\/schema\/logo\/image\/","url":"https:\/\/adamant-real-estate.com\/dev\/wp-content\/uploads\/2019\/08\/adamant-real-estate-denia-costa-blanca-logo5.png","contentUrl":"https:\/\/adamant-real-estate.com\/dev\/wp-content\/uploads\/2019\/08\/adamant-real-estate-denia-costa-blanca-logo5.png","width":440,"height":100,"caption":"ADAMANT REAL ESTATE"},"image":{"@id":"https:\/\/adamant-real-estate.com\/fr\/#\/schema\/logo\/image\/"}}]}},"_links":{"self":[{"href":"https:\/\/adamant-real-estate.com\/fr\/wp-json\/wp\/v2\/pages\/17274","targetHints":{"allow":["GET"]}}],"collection":[{"href":"https:\/\/adamant-real-estate.com\/fr\/wp-json\/wp\/v2\/pages"}],"about":[{"href":"https:\/\/adamant-real-estate.com\/fr\/wp-json\/wp\/v2\/types\/page"}],"author":[{"embeddable":true,"href":"https:\/\/adamant-real-estate.com\/fr\/wp-json\/wp\/v2\/users\/1"}],"replies":[{"embeddable":true,"href":"https:\/\/adamant-real-estate.com\/fr\/wp-json\/wp\/v2\/comments?post=17274"}],"version-history":[{"count":12,"href":"https:\/\/adamant-real-estate.com\/fr\/wp-json\/wp\/v2\/pages\/17274\/revisions"}],"predecessor-version":[{"id":17777,"href":"https:\/\/adamant-real-estate.com\/fr\/wp-json\/wp\/v2\/pages\/17274\/revisions\/17777"}],"wp:attachment":[{"href":"https:\/\/adamant-real-estate.com\/fr\/wp-json\/wp\/v2\/media?parent=17274"}],"curies":[{"name":"wp","href":"https:\/\/api.w.org\/{rel}","templated":true}]}}