{"id":17360,"date":"2016-03-10T14:36:36","date_gmt":"2016-03-10T14:36:36","guid":{"rendered":"https:\/\/adamant-real-estate.com\/dev\/contact\/"},"modified":"2024-09-09T11:10:26","modified_gmt":"2024-09-09T09:10:26","slug":"contacto","status":"publish","type":"page","link":"https:\/\/adamant-real-estate.com\/es\/contacto\/","title":{"rendered":"CONTACTO"},"content":{"rendered":"<p>[vc_row][vc_column][vc_custom_heading text=&#8221;COMPRE CON NOSOTROS &#8211; VENDA CON NOSOTROS.&#8221; font_container=&#8221;tag:h1|text_align:left&#8221; google_fonts=&#8221;font_family:Roboto%3A100%2C100italic%2C300%2C300italic%2Cregular%2Citalic%2C500%2C500italic%2C700%2C700italic%2C900%2C900italic|font_style:500%20bold%20regular%3A500%3Anormal&#8221;][vc_empty_space][\/vc_column][\/vc_row][vc_row][vc_column][vc_column_text]Nos interesan sus necesidades &#8211; estamos aqu\u00ed para ayudarle.<\/p>\n<p>Si tiene alguna pregunta o comentario, ll\u00e1menos por tel\u00e9fono o escr\u00edbanos por correo electr\u00f3nico y nos pondremos en contacto con usted lo antes posible.[\/vc_column_text][vc_empty_space][\/vc_column][\/vc_row][vc_row el_class=&#8221;contact-data-icons&#8221; css=&#8221;.vc_custom_1599130105077{background-color: #ffffff !important;}&#8221;][vc_column][vc_row_inner][vc_column_inner width=&#8221;1\/6&#8243;][vc_icon type=&#8221;material&#8221; icon_material=&#8221;vc-material vc-material-edit_location&#8221; color=&#8221;custom&#8221; size=&#8221;lg&#8221; custom_color=&#8221;#ea571b&#8221;][\/vc_column_inner][vc_column_inner width=&#8221;5\/6&#8243;][vc_column_text]<\/p>\n<h3>DIRECCI\u00d3N<\/h3>\n<p>Doris M\u00fcller<br \/>\nC\/ La V\u00eda, 75<br \/>\n03700 Denia (Alicante)[\/vc_column_text][\/vc_column_inner][\/vc_row_inner][vc_row_inner][vc_column_inner width=&#8221;1\/6&#8243;][vc_icon type=&#8221;material&#8221; icon_material=&#8221;vc-material vc-material-phone&#8221; color=&#8221;custom&#8221; size=&#8221;lg&#8221; custom_color=&#8221;#ea571b&#8221;][\/vc_column_inner][vc_column_inner width=&#8221;5\/6&#8243;][vc_column_text]<\/p>\n<h3>FON &amp; FAX<\/h3>\n<p>Tel: +34 656 82 4711[\/vc_column_text][\/vc_column_inner][\/vc_row_inner][vc_row_inner][vc_column_inner width=&#8221;1\/6&#8243;][vc_icon type=&#8221;material&#8221; icon_material=&#8221;vc-material vc-material-mail_outline&#8221; color=&#8221;custom&#8221; size=&#8221;lg&#8221; custom_color=&#8221;#ea571b&#8221;][\/vc_column_inner][vc_column_inner width=&#8221;5\/6&#8243;][vc_column_text]<\/p>\n<h3>EMAIL<\/h3>\n<p><a href=\"mailto:info@adamant-real-estate.com\">info@adamant-real-estate.com<\/a>[\/vc_column_text][\/vc_column_inner][\/vc_row_inner][vc_row_inner][vc_column_inner width=&#8221;1\/6&#8243;][vc_icon type=&#8221;material&#8221; icon_material=&#8221;vc-material vc-material-turned_in_not&#8221; color=&#8221;custom&#8221; size=&#8221;lg&#8221; custom_color=&#8221;#ea571b&#8221;][\/vc_column_inner][vc_column_inner width=&#8221;5\/6&#8243;][vc_column_text]<\/p>\n<h3>REGISTRO<\/h3>\n<p>Registro de Agente de Intermediaci\u00f3n Inmobiliaria en la Generalitat Valenciana N\u00ba 0602[\/vc_column_text][\/vc_column_inner][\/vc_row_inner][\/vc_column][\/vc_row][vc_row][vc_column]<div style=\"clear:both; width:100%; height:50px\"><\/div>[vc_column_text]<\/p>\n<h3>O bien rellene nuestro formulario de contacto<\/h3>\n<p>Todos los campos marcados con (*) son obligatorios.[\/vc_column_text]\n<div class=\"wpcf7 no-js\" id=\"wpcf7-f17368-o1\" lang=\"es-ES\" dir=\"ltr\" data-wpcf7-id=\"17368\">\n<div class=\"screen-reader-response\"><p role=\"status\" aria-live=\"polite\" aria-atomic=\"true\"><\/p> <ul><\/ul><\/div>\n<form action=\"\/es\/wp-json\/wp\/v2\/pages\/17360#wpcf7-f17368-o1\" method=\"post\" class=\"wpcf7-form init\" aria-label=\"Formulario de contacto\" novalidate=\"novalidate\" data-status=\"init\">\n<fieldset class=\"hidden-fields-container\"><input type=\"hidden\" name=\"_wpcf7\" value=\"17368\" \/><input type=\"hidden\" name=\"_wpcf7_version\" value=\"6.1.5\" \/><input type=\"hidden\" name=\"_wpcf7_locale\" value=\"es_ES\" \/><input type=\"hidden\" name=\"_wpcf7_unit_tag\" value=\"wpcf7-f17368-o1\" \/><input type=\"hidden\" name=\"_wpcf7_container_post\" value=\"0\" \/><input type=\"hidden\" name=\"_wpcf7_posted_data_hash\" value=\"\" \/>\n<\/fieldset>\n<div class=\"form-group\">\n\t<p><label class=\"required\" for=\"yourName\">Su nombre (*)<\/label><br \/>\n<span class=\"wpcf7-form-control-wrap\" data-name=\"your-name\"><input size=\"40\" maxlength=\"400\" class=\"wpcf7-form-control wpcf7-text wpcf7-validates-as-required form-control\" aria-required=\"true\" aria-invalid=\"false\" value=\"\" type=\"text\" name=\"your-name\" \/><\/span>\n\t<\/p>\n<\/div>\n<div class=\"form-group\">\n\t<p><label class=\"required\" for=\"yourEmail\">Su correo electr\u00f3nico (*)<\/label><br \/>\n<span class=\"wpcf7-form-control-wrap\" data-name=\"your-email\"><input size=\"40\" maxlength=\"400\" class=\"wpcf7-form-control wpcf7-email wpcf7-validates-as-required wpcf7-text wpcf7-validates-as-email form-control\" aria-required=\"true\" aria-invalid=\"false\" value=\"\" type=\"email\" name=\"your-email\" \/><\/span>\n\t<\/p>\n<\/div>\n<div class=\"form-group\">\n\t<p><label class=\"required\" for=\"yourSubject\">Asunto\/ID del inmueble (*)<\/label><br \/>\n<span class=\"wpcf7-form-control-wrap\" data-name=\"your-subject\"><input size=\"40\" maxlength=\"400\" class=\"wpcf7-form-control wpcf7-text wpcf7-validates-as-required form-control\" aria-required=\"true\" aria-invalid=\"false\" value=\"\" type=\"text\" name=\"your-subject\" \/><\/span>\n\t<\/p>\n<\/div>\n<div class=\"form-group\">\n\t<p><label class=\"required\" for=\"yourMessage\">Su mensaje (*)<\/label><br \/>\n<span class=\"wpcf7-form-control-wrap\" data-name=\"your-message\"><textarea cols=\"40\" rows=\"10\" maxlength=\"2000\" class=\"wpcf7-form-control wpcf7-textarea wpcf7-validates-as-required form-control\" aria-required=\"true\" aria-invalid=\"false\" name=\"your-message\"><\/textarea><\/span>\n\t<\/p>\n<\/div>\n<div class=\"form-group\">\n\t<p><label class=\"required\" for=\"yourSubject\">Elija su idioma preferido (*)<\/label><br \/>\n<span class=\"wpcf7-form-control-wrap\" data-name=\"your-fruit\"><span class=\"wpcf7-form-control wpcf7-checkbox wpcf7-validates-as-required wpcf7-exclusive-checkbox\"><span class=\"wpcf7-list-item first\"><input type=\"checkbox\" name=\"your-fruit\" value=\"English\" \/><span class=\"wpcf7-list-item-label\">English<\/span><\/span><span class=\"wpcf7-list-item\"><input type=\"checkbox\" name=\"your-fruit\" value=\"Deutsch\" \/><span class=\"wpcf7-list-item-label\">Deutsch<\/span><\/span><span class=\"wpcf7-list-item\"><input type=\"checkbox\" name=\"your-fruit\" value=\"Espa\u00f1ol\" \/><span class=\"wpcf7-list-item-label\">Espa\u00f1ol<\/span><\/span><span class=\"wpcf7-list-item last\"><input type=\"checkbox\" name=\"your-fruit\" value=\"Fran\u00e7ais\" \/><span class=\"wpcf7-list-item-label\">Fran\u00e7ais<\/span><\/span><\/span><\/span>\n\t<\/p>\n<\/div>\n<div class=\"form-group\">\n\t<p><input class=\"wpcf7-form-control wpcf7-submit has-spinner btn btn-primary btn-lg\" type=\"submit\" value=\"Enviar\" \/>\n\t<\/p>\n<\/div><div class=\"wpcf7-response-output\" aria-hidden=\"true\"><\/div>\n<\/form>\n<\/div>\n[\/vc_column][\/vc_row][vc_row][vc_column offset=&#8221;vc_hidden-sm vc_hidden-xs&#8221;][vc_separator][\/vc_column][\/vc_row][vc_row][vc_column][vc_gmaps link=&#8221;#E-8_JTNDaWZyYW1lJTIwc3JjJTNEJTIyaHR0cHMlM0ElMkYlMkZ3d3cuZ29vZ2xlLmNvbSUyRm1hcHMlMkZlbWJlZCUzRnBiJTNEJTIxMW0xOCUyMTFtMTIlMjExbTMlMjExZDMxMDcuNjU5ODYxOTQ5NTAyNiUyMTJkMC4xMDc2MTI5NzcwNzU0OTgxMyUyMTNkMzguODQwMjQ5OTcxNzM2MjYlMjEybTMlMjExZjAlMjEyZjAlMjEzZjAlMjEzbTIlMjExaTEwMjQlMjEyaTc2OCUyMTRmMTMuMSUyMTNtMyUyMTFtMiUyMTFzMHgxMjllMWIyMDM3YWJkZjk3JTI1M0EweGE3NzIyMWQ5NDU5ZWUlMjEyc0NhcnJlciUyNTIwZGUlMjUyMGxhJTI1MjBWaWElMjUyQyUyNTIwNzUlMjUyQyUyNTIwMDM3MDAlMjUyMEQlMjVDMyUyNUE5bmlhJTI1MkMlMjUyMEFsYWNhbnQlMjE1ZTAlMjEzbTIlMjExc2VzJTIxMnNlcyUyMTR2MTcyNTg3MjgxMzU5OSUyMTVtMiUyMTFzZXMlMjEyc2VzJTIyJTIwd2lkdGglM0QlMjI2MDAlMjIlMjBoZWlnaHQlM0QlMjI0NTAlMjIlMjBzdHlsZSUzRCUyMmJvcmRlciUzQTAlM0IlMjIlMjBhbGxvd2Z1bGxzY3JlZW4lM0QlMjIlMjIlMjBsb2FkaW5nJTNEJTIybGF6eSUyMiUyMHJlZmVycmVycG9saWN5JTNEJTIybm8tcmVmZXJyZXItd2hlbi1kb3duZ3JhZGUlMjIlM0UlM0MlMkZpZnJhbWUlM0U=&#8221;][\/vc_column][\/vc_row]<\/p>\n","protected":false},"excerpt":{"rendered":"<p>[vc_row][vc_column][vc_custom_heading text=&#8221;COMPRE CON NOSOTROS &#8211; VENDA CON NOSOTROS.&#8221; font_container=&#8221;tag:h1|text_align:left&#8221; google_fonts=&#8221;font_family:Roboto%3A100%2C100italic%2C300%2C300italic%2Cregular%2Citalic%2C500%2C500italic%2C700%2C700italic%2C900%2C900italic|font_style:500%20bold%20regular%3A500%3Anormal&#8221;][vc_empty_space][\/vc_column][\/vc_row][vc_row][vc_column][vc_column_text]Nos interesan sus necesidades &#8211; estamos aqu\u00ed para ayudarle. Si tiene alguna pregunta o comentario, ll\u00e1menos por tel\u00e9fono o escr\u00edbanos por correo electr\u00f3nico y nos pondremos en contacto con usted lo antes posible.[\/vc_column_text][vc_empty_space][\/vc_column][\/vc_row][vc_row el_class=&#8221;contact-data-icons&#8221; css=&#8221;.vc_custom_1599130105077{background-color: #ffffff !important;}&#8221;][vc_column][vc_row_inner][vc_column_inner width=&#8221;1\/6&#8243;][vc_icon type=&#8221;material&#8221; icon_material=&#8221;vc-material vc-material-edit_location&#8221; color=&#8221;custom&#8221; size=&#8221;lg&#8221; custom_color=&#8221;#ea571b&#8221;][\/vc_column_inner][vc_column_inner width=&#8221;5\/6&#8243;][vc_column_text] DIRECCI\u00d3N [&hellip;]<\/p>\n","protected":false},"author":1,"featured_media":0,"parent":0,"menu_order":0,"comment_status":"closed","ping_status":"closed","template":"template\/template-page.php","meta":{"footnotes":""},"class_list":["post-17360","page","type-page","status-publish","hentry"],"yoast_head":"<!-- This site is optimized with the Yoast SEO plugin v27.3 - https:\/\/yoast.com\/product\/yoast-seo-wordpress\/ -->\n<title>CONTACTO - ADAMANT REAL ESTATE<\/title>\n<meta name=\"description\" content=\"Le ofrecemos un servicio integral, comenzando por la b\u00fasqueda de su inmueble ideal, la comprobaci\u00f3n y aportaci\u00f3n de todos los documentos necesarios, la firma de la escritura notarial de compraventa hasta el registro de todos los contratos a su nombre.\" \/>\n<meta name=\"robots\" content=\"index, follow, max-snippet:-1, max-image-preview:large, max-video-preview:-1\" \/>\n<link rel=\"canonical\" href=\"https:\/\/adamant-real-estate.com\/es\/contacto\/\" \/>\n<meta property=\"og:locale\" content=\"es_ES\" \/>\n<meta property=\"og:type\" content=\"article\" \/>\n<meta property=\"og:title\" content=\"CONTACTO - ADAMANT REAL ESTATE\" \/>\n<meta property=\"og:description\" content=\"Le ofrecemos un servicio integral, comenzando por la b\u00fasqueda de su inmueble ideal, la comprobaci\u00f3n y aportaci\u00f3n de todos los documentos necesarios, la firma de la escritura notarial de compraventa hasta el registro de todos los contratos a su nombre.\" \/>\n<meta property=\"og:url\" content=\"https:\/\/adamant-real-estate.com\/es\/contacto\/\" \/>\n<meta property=\"og:site_name\" content=\"ADAMANT REAL ESTATE\" \/>\n<meta property=\"article:modified_time\" content=\"2024-09-09T09:10:26+00:00\" \/>\n<meta name=\"twitter:card\" content=\"summary_large_image\" \/>\n<meta name=\"twitter:label1\" content=\"Tiempo de lectura\" \/>\n\t<meta name=\"twitter:data1\" content=\"1 minuto\" \/>\n<script type=\"application\/ld+json\" class=\"yoast-schema-graph\">{\"@context\":\"https:\\\/\\\/schema.org\",\"@graph\":[{\"@type\":\"WebPage\",\"@id\":\"https:\\\/\\\/adamant-real-estate.com\\\/es\\\/contacto\\\/\",\"url\":\"https:\\\/\\\/adamant-real-estate.com\\\/es\\\/contacto\\\/\",\"name\":\"CONTACTO - ADAMANT REAL ESTATE\",\"isPartOf\":{\"@id\":\"https:\\\/\\\/adamant-real-estate.com\\\/es\\\/#website\"},\"datePublished\":\"2016-03-10T14:36:36+00:00\",\"dateModified\":\"2024-09-09T09:10:26+00:00\",\"description\":\"Le ofrecemos un servicio integral, comenzando por la b\u00fasqueda de su inmueble ideal, la comprobaci\u00f3n y aportaci\u00f3n de todos los documentos necesarios, la firma de la escritura notarial de compraventa hasta el registro de todos los contratos a su nombre.\",\"breadcrumb\":{\"@id\":\"https:\\\/\\\/adamant-real-estate.com\\\/es\\\/contacto\\\/#breadcrumb\"},\"inLanguage\":\"es\",\"potentialAction\":[{\"@type\":\"ReadAction\",\"target\":[\"https:\\\/\\\/adamant-real-estate.com\\\/es\\\/contacto\\\/\"]}]},{\"@type\":\"BreadcrumbList\",\"@id\":\"https:\\\/\\\/adamant-real-estate.com\\\/es\\\/contacto\\\/#breadcrumb\",\"itemListElement\":[{\"@type\":\"ListItem\",\"position\":1,\"name\":\"Home\",\"item\":\"https:\\\/\\\/adamant-real-estate.com\\\/es\\\/\"},{\"@type\":\"ListItem\",\"position\":2,\"name\":\"CONTACTO\"}]},{\"@type\":\"WebSite\",\"@id\":\"https:\\\/\\\/adamant-real-estate.com\\\/es\\\/#website\",\"url\":\"https:\\\/\\\/adamant-real-estate.com\\\/es\\\/\",\"name\":\"ADAMANT REAL ESTATE\",\"description\":\"REAL ESTATE D\u00c9NIA COSTA BLANCA\",\"publisher\":{\"@id\":\"https:\\\/\\\/adamant-real-estate.com\\\/es\\\/#organization\"},\"potentialAction\":[{\"@type\":\"SearchAction\",\"target\":{\"@type\":\"EntryPoint\",\"urlTemplate\":\"https:\\\/\\\/adamant-real-estate.com\\\/es\\\/?s={search_term_string}\"},\"query-input\":{\"@type\":\"PropertyValueSpecification\",\"valueRequired\":true,\"valueName\":\"search_term_string\"}}],\"inLanguage\":\"es\"},{\"@type\":\"Organization\",\"@id\":\"https:\\\/\\\/adamant-real-estate.com\\\/es\\\/#organization\",\"name\":\"ADAMANT REAL ESTATE\",\"url\":\"https:\\\/\\\/adamant-real-estate.com\\\/es\\\/\",\"logo\":{\"@type\":\"ImageObject\",\"inLanguage\":\"es\",\"@id\":\"https:\\\/\\\/adamant-real-estate.com\\\/es\\\/#\\\/schema\\\/logo\\\/image\\\/\",\"url\":\"https:\\\/\\\/adamant-real-estate.com\\\/dev\\\/wp-content\\\/uploads\\\/2019\\\/08\\\/adamant-real-estate-denia-costa-blanca-logo5.png\",\"contentUrl\":\"https:\\\/\\\/adamant-real-estate.com\\\/dev\\\/wp-content\\\/uploads\\\/2019\\\/08\\\/adamant-real-estate-denia-costa-blanca-logo5.png\",\"width\":440,\"height\":100,\"caption\":\"ADAMANT REAL ESTATE\"},\"image\":{\"@id\":\"https:\\\/\\\/adamant-real-estate.com\\\/es\\\/#\\\/schema\\\/logo\\\/image\\\/\"}}]}<\/script>\n<!-- \/ Yoast SEO plugin. -->","yoast_head_json":{"title":"CONTACTO - ADAMANT REAL ESTATE","description":"Le ofrecemos un servicio integral, comenzando por la b\u00fasqueda de su inmueble ideal, la comprobaci\u00f3n y aportaci\u00f3n de todos los documentos necesarios, la firma de la escritura notarial de compraventa hasta el registro de todos los contratos a su nombre.","robots":{"index":"index","follow":"follow","max-snippet":"max-snippet:-1","max-image-preview":"max-image-preview:large","max-video-preview":"max-video-preview:-1"},"canonical":"https:\/\/adamant-real-estate.com\/es\/contacto\/","og_locale":"es_ES","og_type":"article","og_title":"CONTACTO - ADAMANT REAL ESTATE","og_description":"Le ofrecemos un servicio integral, comenzando por la b\u00fasqueda de su inmueble ideal, la comprobaci\u00f3n y aportaci\u00f3n de todos los documentos necesarios, la firma de la escritura notarial de compraventa hasta el registro de todos los contratos a su nombre.","og_url":"https:\/\/adamant-real-estate.com\/es\/contacto\/","og_site_name":"ADAMANT REAL ESTATE","article_modified_time":"2024-09-09T09:10:26+00:00","twitter_card":"summary_large_image","twitter_misc":{"Tiempo de lectura":"1 minuto"},"schema":{"@context":"https:\/\/schema.org","@graph":[{"@type":"WebPage","@id":"https:\/\/adamant-real-estate.com\/es\/contacto\/","url":"https:\/\/adamant-real-estate.com\/es\/contacto\/","name":"CONTACTO - ADAMANT REAL ESTATE","isPartOf":{"@id":"https:\/\/adamant-real-estate.com\/es\/#website"},"datePublished":"2016-03-10T14:36:36+00:00","dateModified":"2024-09-09T09:10:26+00:00","description":"Le ofrecemos un servicio integral, comenzando por la b\u00fasqueda de su inmueble ideal, la comprobaci\u00f3n y aportaci\u00f3n de todos los documentos necesarios, la firma de la escritura notarial de compraventa hasta el registro de todos los contratos a su nombre.","breadcrumb":{"@id":"https:\/\/adamant-real-estate.com\/es\/contacto\/#breadcrumb"},"inLanguage":"es","potentialAction":[{"@type":"ReadAction","target":["https:\/\/adamant-real-estate.com\/es\/contacto\/"]}]},{"@type":"BreadcrumbList","@id":"https:\/\/adamant-real-estate.com\/es\/contacto\/#breadcrumb","itemListElement":[{"@type":"ListItem","position":1,"name":"Home","item":"https:\/\/adamant-real-estate.com\/es\/"},{"@type":"ListItem","position":2,"name":"CONTACTO"}]},{"@type":"WebSite","@id":"https:\/\/adamant-real-estate.com\/es\/#website","url":"https:\/\/adamant-real-estate.com\/es\/","name":"ADAMANT REAL ESTATE","description":"REAL ESTATE D\u00c9NIA COSTA BLANCA","publisher":{"@id":"https:\/\/adamant-real-estate.com\/es\/#organization"},"potentialAction":[{"@type":"SearchAction","target":{"@type":"EntryPoint","urlTemplate":"https:\/\/adamant-real-estate.com\/es\/?s={search_term_string}"},"query-input":{"@type":"PropertyValueSpecification","valueRequired":true,"valueName":"search_term_string"}}],"inLanguage":"es"},{"@type":"Organization","@id":"https:\/\/adamant-real-estate.com\/es\/#organization","name":"ADAMANT REAL ESTATE","url":"https:\/\/adamant-real-estate.com\/es\/","logo":{"@type":"ImageObject","inLanguage":"es","@id":"https:\/\/adamant-real-estate.com\/es\/#\/schema\/logo\/image\/","url":"https:\/\/adamant-real-estate.com\/dev\/wp-content\/uploads\/2019\/08\/adamant-real-estate-denia-costa-blanca-logo5.png","contentUrl":"https:\/\/adamant-real-estate.com\/dev\/wp-content\/uploads\/2019\/08\/adamant-real-estate-denia-costa-blanca-logo5.png","width":440,"height":100,"caption":"ADAMANT REAL ESTATE"},"image":{"@id":"https:\/\/adamant-real-estate.com\/es\/#\/schema\/logo\/image\/"}}]}},"_links":{"self":[{"href":"https:\/\/adamant-real-estate.com\/es\/wp-json\/wp\/v2\/pages\/17360","targetHints":{"allow":["GET"]}}],"collection":[{"href":"https:\/\/adamant-real-estate.com\/es\/wp-json\/wp\/v2\/pages"}],"about":[{"href":"https:\/\/adamant-real-estate.com\/es\/wp-json\/wp\/v2\/types\/page"}],"author":[{"embeddable":true,"href":"https:\/\/adamant-real-estate.com\/es\/wp-json\/wp\/v2\/users\/1"}],"replies":[{"embeddable":true,"href":"https:\/\/adamant-real-estate.com\/es\/wp-json\/wp\/v2\/comments?post=17360"}],"version-history":[{"count":11,"href":"https:\/\/adamant-real-estate.com\/es\/wp-json\/wp\/v2\/pages\/17360\/revisions"}],"predecessor-version":[{"id":18867,"href":"https:\/\/adamant-real-estate.com\/es\/wp-json\/wp\/v2\/pages\/17360\/revisions\/18867"}],"wp:attachment":[{"href":"https:\/\/adamant-real-estate.com\/es\/wp-json\/wp\/v2\/media?parent=17360"}],"curies":[{"name":"wp","href":"https:\/\/api.w.org\/{rel}","templated":true}]}}