{"id":17355,"date":"2019-07-31T13:00:01","date_gmt":"2019-07-31T12:00:01","guid":{"rendered":"https:\/\/adamant-real-estate.com\/dev\/denia-costa-blanca\/"},"modified":"2022-04-27T18:58:44","modified_gmt":"2022-04-27T16:58:44","slug":"denia-costa-blanca","status":"publish","type":"page","link":"https:\/\/adamant-real-estate.com\/es\/denia-costa-blanca\/","title":{"rendered":"DENIA"},"content":{"rendered":"<p>[vc_row][vc_column]<div style=\"clear:both; width:100%; height:50px\"><\/div>[vc_custom_heading text=&#8221;DENIA: UN MAR DE POSIBILIDADES&#8221; font_container=&#8221;tag:h1|text_align:left&#8221; google_fonts=&#8221;font_family:Roboto%3A100%2C100italic%2C300%2C300italic%2Cregular%2Citalic%2C500%2C500italic%2C700%2C700italic%2C900%2C900italic|font_style:500%20bold%20regular%3A500%3Anormal&#8221;]<div style=\"clear:both; width:100%; height:30px\"><\/div>[vc_custom_heading text=&#8221;Sol, mar, monta\u00f1as. Un lugar para vivir, disfrutar y so\u00f1ar.&#8221; font_container=&#8221;tag:p|text_align:left&#8221; google_fonts=&#8221;font_family:Roboto%3A100%2C100italic%2C300%2C300italic%2Cregular%2Citalic%2C500%2C500italic%2C700%2C700italic%2C900%2C900italic|font_style:700%20bold%20regular%3A700%3Anormal&#8221;][vc_row_inner][vc_column_inner width=&#8221;1\/2&#8243;][vc_column_text]La Costa Blanca tiene algo que ofrecer durante todo el a\u00f1o, en todas las estaciones. Nada m\u00e1s terminar las fiestas patronales, con los encierros, la m\u00fasica en las rom\u00e1nticas calles del centro, la gente disfrutando de la vida, se escuchan los tambores ensayando para las fiestas de &#8220;Moros y Cristianos&#8221; de D\u00e9nia. Durante todo el verano en las localidades de los alrededores, Els Poblets, Ondara, El Verger, o incluso hasta Calpe y Benidorm, las fiestas tradicionales son bullicio y algarab\u00eda. En la noche del 24 de junio, toda la costa se ilumina bajo los fuegos artificiales y las hogueras de San Juan.[\/vc_column_text][\/vc_column_inner][vc_column_inner width=&#8221;1\/2&#8243;][vc_column_text]Aquellos que buscan el sol se tumban en las playas y observan a los aficionados a los deportes de agua refresc\u00e1ndose en el mar azul. En cuanto se levanta el viento por la tarde, las cometas de colores revolotean por el cielo azul y las tablas se deslizan entre las olas. Los reci\u00e9n llegados practican con el kayak, el paddle surf, la moto acu\u00e1tica, los m\u00e1s curiosos se sumergen en el mundo submarino de la Costa Blanca en toda su diversidad, mientras que otros navegan en silencio sobre la superficie y se dejan llevar por el viento.[\/vc_column_text][\/vc_column_inner][\/vc_row_inner][\/vc_column][\/vc_row][vc_row parallax=&#8221;content-moving&#8221; css=&#8221;.vc_custom_1567687620265{margin-top: 0px !important;margin-bottom: 0px !important;padding-top: 3px !important;padding-right: 1px !important;padding-bottom: 0px !important;padding-left: 2px !important;}&#8221; el_class=&#8221;masonry-gallery-padding&#8221;][vc_column][vc_media_grid element_width=&#8221;3&#8243; gap=&#8221;3&#8243; grid_id=&#8221;vc_gid:1631786771786-65c21da4-9382-9&#8243; include=&#8221;16261,16207,16859,15113&#8243;][\/vc_column][\/vc_row][vc_row full_width=&#8221;stretch_row&#8221; equal_height=&#8221;yes&#8221; content_placement=&#8221;middle&#8221; css=&#8221;.vc_custom_1567690471393{margin-right: 2px !important;margin-bottom: 0px !important;margin-left: 2px !important;padding-top: 0px !important;padding-bottom: 0px !important;}&#8221; el_class=&#8221;text-box-font-color&#8221;][vc_column width=&#8221;1\/2&#8243; css=&#8221;.vc_custom_1567687600907{padding-right: 5% !important;padding-left: 5% !important;background-color: rgba(25,46,91,0.03) !important;*background-color: rgb(25,46,91) !important;}&#8221; el_class=&#8221;box-padding-left&#8221;][vc_empty_space height=&#8221;50px&#8221; el_class=&#8221;text-box-padding-denia&#8221;][vc_column_text el_class=&#8221;text-box-font-color&#8221; css=&#8221;.vc_custom_1631786785744{padding-top: 15% !important;padding-bottom: 15% !important;}&#8221;]La fuerte bocina del ferry suena mucho m\u00e1s all\u00e1 de D\u00e9nia para que todos puedan o\u00edr la se\u00f1al de salida hacia Ibiza, Formentera y Mallorca.<\/p>\n<p>No s\u00f3lo los habitantes de la Costa Blanca saben vivir y disfrutar de su tiempo con todos los sentidos. En el para\u00edso natural del Cabo de San Antonio tambi\u00e9n se les puede ver a delfines y ballenas disfrutar y retozar libremente.<\/p>\n<p>Cuando despierta la naturaleza en primavera, las monta\u00f1as invitan a hacer senderismo y los valles se ba\u00f1an en el arom\u00e1tico rosa y blanco de las flores de almendros y frutales.[\/vc_column_text][vc_empty_space height=&#8221;50px&#8221; el_class=&#8221;text-box-padding-denia&#8221;][\/vc_column][vc_column parallax=&#8221;content-moving&#8221; width=&#8221;1\/2&#8243; css=&#8221;.vc_custom_1602402824608{padding-top: 50% !important;padding-bottom: 50% !important;background-image: url(https:\/\/adamant-real-estate.com\/dev\/wp-content\/uploads\/2019\/09\/pesca-Denia-Immobilien-Real-Estate-Inmobiliaria-Costa-Blanca-Spanien-Spain-1.jpg?id=16255) !important;background-position: center !important;background-repeat: no-repeat !important;background-size: cover !important;}&#8221; el_id=&#8221;box-padding-right&#8221;][\/vc_column][\/vc_row][vc_row parallax=&#8221;content-moving&#8221; css=&#8221;.vc_custom_1567685762724{margin-top: 0px !important;padding-top: 3px !important;padding-right: 1px !important;padding-left: 2px !important;}&#8221; el_class=&#8221;masonry-gallery-padding&#8221;][vc_column][vc_media_grid element_width=&#8221;3&#8243; gap=&#8221;3&#8243; grid_id=&#8221;vc_gid:1631786771788-af9e51c7-9d7b-10&#8243; include=&#8221;16216,16285,16300,16177&#8243;][\/vc_column][\/vc_row][vc_row full_width=&#8221;stretch_row&#8221; equal_height=&#8221;yes&#8221; content_placement=&#8221;middle&#8221; css=&#8221;.vc_custom_1564640183497{margin-right: 2px !important;margin-bottom: 0px !important;margin-left: 2px !important;padding-bottom: 0px !important;}&#8221; el_class=&#8221;text-box-font-color&#8221;][vc_column parallax=&#8221;content-moving&#8221; width=&#8221;1\/2&#8243; css=&#8221;.vc_custom_1567683977885{padding-top: 50% !important;padding-bottom: 50% !important;background-image: url(https:\/\/adamant-real-estate.com\/dev\/wp-content\/uploads\/2019\/09\/atardecer-Costa-Blanca-Immobilien-Spanien-Spain-Real-Estate-Inmobiliaria-1.jpg?id=16288) !important;background-position: center !important;background-repeat: no-repeat !important;background-size: cover !important;}&#8221;][\/vc_column][vc_column width=&#8221;1\/2&#8243; css=&#8221;.vc_custom_1567688354514{padding-right: 5% !important;padding-left: 5% !important;background-color: rgba(25,46,91,0.03) !important;*background-color: rgb(25,46,91) !important;}&#8221; el_class=&#8221;box-padding-right&#8221;][vc_empty_space height=&#8221;50px&#8221; el_class=&#8221;text-box-padding-denia&#8221;][vc_column_text el_class=&#8221;text-box-font-color&#8221;]El ambiente nocturno y m\u00e1gico con el Montg\u00f3 de fondo anima a relajarse despu\u00e9s de una exquisita experiencia culinaria en uno de los muchos restaurantes, que ofrecen desde la aut\u00e9ntica cocina regional de tierra y mar hasta los men\u00fas degustaci\u00f3n con algunas estrellas Michelin.[\/vc_column_text][vc_empty_space height=&#8221;50px&#8221; el_class=&#8221;text-box-padding-denia&#8221;][\/vc_column][\/vc_row][vc_row parallax=&#8221;content-moving&#8221; css=&#8221;.vc_custom_1567685773003{margin-top: 0px !important;padding-top: 3px !important;padding-right: 1px !important;padding-left: 2px !important;}&#8221; el_class=&#8221;masonry-gallery-padding&#8221;][vc_column][vc_media_grid element_width=&#8221;3&#8243; gap=&#8221;3&#8243; grid_id=&#8221;vc_gid:1631786771790-a1cf0aed-7d98-0&#8243; include=&#8221;16210,16180,16321,16306&#8243;][\/vc_column][\/vc_row][vc_row full_width=&#8221;stretch_row&#8221; equal_height=&#8221;yes&#8221; content_placement=&#8221;middle&#8221; css=&#8221;.vc_custom_1564640183497{margin-right: 2px !important;margin-bottom: 0px !important;margin-left: 2px !important;padding-bottom: 0px !important;}&#8221; el_class=&#8221;text-box-font-color&#8221;][vc_column width=&#8221;1\/2&#8243; css=&#8221;.vc_custom_1567418856317{padding-right: 5% !important;padding-left: 5% !important;background-color: rgba(25,46,91,0.025) !important;*background-color: rgb(25,46,91) !important;}&#8221; el_class=&#8221;box-padding-left&#8221;][vc_empty_space height=&#8221;50px&#8221; el_class=&#8221;text-box-padding-denia&#8221;][vc_column_text el_class=&#8221;text-box-font-color&#8221;]Puedes dejar volar tu imaginaci\u00f3n, disfrutar de tu tiempo libre en funci\u00f3n a tus deseos: un placentero paseo en barco por la costa, una excursi\u00f3n al Parque Natural del Montg\u00f3, un d\u00eda de aventura en un barco de pesca, o sencillamente relaj\u00e1ndote durante una sesi\u00f3n de salud y belleza.[\/vc_column_text][vc_empty_space height=&#8221;50px&#8221; el_class=&#8221;text-box-padding-denia&#8221;][\/vc_column][vc_column parallax=&#8221;content-moving&#8221; width=&#8221;1\/2&#8243; css=&#8221;.vc_custom_1567684002318{padding-top: 50% !important;padding-bottom: 50% !important;background-image: url(https:\/\/adamant-real-estate.com\/dev\/wp-content\/uploads\/2019\/09\/Sailing-Denia-Immobilien-Real-Estate-Inmobiliaria-Costa-Blanca-Spanien-Spain-1.jpg?id=16264) !important;background-position: center !important;background-repeat: no-repeat !important;background-size: cover !important;}&#8221;][\/vc_column][\/vc_row][vc_row parallax=&#8221;content-moving&#8221; css=&#8221;.vc_custom_1567685786810{margin-top: 0px !important;padding-top: 3px !important;padding-right: 1px !important;padding-left: 2px !important;}&#8221; el_class=&#8221;masonry-gallery-padding&#8221;][vc_column][vc_media_grid element_width=&#8221;3&#8243; gap=&#8221;3&#8243; grid_id=&#8221;vc_gid:1631786771792-0a5ef743-90aa-0&#8243; include=&#8221;16309,16213,16234,16294&#8243;][\/vc_column][\/vc_row][vc_row full_width=&#8221;stretch_row&#8221; equal_height=&#8221;yes&#8221; content_placement=&#8221;middle&#8221; css=&#8221;.vc_custom_1564640183497{margin-right: 2px !important;margin-bottom: 0px !important;margin-left: 2px !important;padding-bottom: 0px !important;}&#8221; el_class=&#8221;text-box-font-color&#8221;][vc_column parallax=&#8221;content-moving&#8221; width=&#8221;1\/2&#8243; css=&#8221;.vc_custom_1602401942508{padding-top: 50% !important;padding-bottom: 50% !important;background-image: url(https:\/\/adamant-real-estate.com\/dev\/wp-content\/uploads\/2020\/10\/adamant-real-estate-immobilien-inmobiliaria-denia-costa-blanca-home-002.jpg?id=16888) !important;background-position: center !important;background-repeat: no-repeat !important;background-size: cover !important;}&#8221; el_class=&#8221;box-padding-left&#8221;][\/vc_column][vc_column width=&#8221;1\/2&#8243; css=&#8221;.vc_custom_1567688481687{padding-right: 5% !important;padding-left: 5% !important;background-color: rgba(25,46,91,0.03) !important;*background-color: rgb(25,46,91) !important;}&#8221; el_class=&#8221;box-padding-right&#8221;][vc_empty_space height=&#8221;50px&#8221; el_class=&#8221;text-box-padding-denia&#8221;][vc_column_text el_class=&#8221;text-box-font-color&#8221;]\u00bfNo ser\u00eda fant\u00e1stico poder contemplar la puesta de sol desde tu propia terraza con vistas al mar y con una refrescante Aguas de Valencia? Es en esa situaci\u00f3n cuando \u201ccontemplar\u201d y \u201cmirar lejos\u201d adquiere un nuevo significado. Experimentar estos momentos de la vida, el aqu\u00ed y el ahora, en la Costa Blanca es un privilegio que tambi\u00e9n est\u00e1 a tu alcance.[\/vc_column_text][vc_empty_space height=&#8221;50px&#8221; el_class=&#8221;text-box-padding-denia&#8221;][\/vc_column][\/vc_row][vc_row parallax=&#8221;content-moving&#8221; css=&#8221;.vc_custom_1567685796659{margin-top: 0px !important;padding-top: 3px !important;padding-right: 1px !important;padding-left: 2px !important;}&#8221; el_class=&#8221;masonry-gallery-padding&#8221;][vc_column][vc_media_grid element_width=&#8221;3&#8243; gap=&#8221;3&#8243; grid_id=&#8221;vc_gid:1631786771794-aa9cd77d-5354-6&#8243; include=&#8221;16258,16231,16201,16931,16195,16174,16279,16243&#8243;][\/vc_column][\/vc_row][vc_row][vc_column][vc_empty_space height=&#8221;80px&#8221;][\/vc_column][\/vc_row]<\/p>\n","protected":false},"excerpt":{"rendered":"<p>[vc_row][vc_column][vc_custom_heading text=&#8221;DENIA: UN MAR DE POSIBILIDADES&#8221; font_container=&#8221;tag:h1|text_align:left&#8221; google_fonts=&#8221;font_family:Roboto%3A100%2C100italic%2C300%2C300italic%2Cregular%2Citalic%2C500%2C500italic%2C700%2C700italic%2C900%2C900italic|font_style:500%20bold%20regular%3A500%3Anormal&#8221;][vc_custom_heading text=&#8221;Sol, mar, monta\u00f1as. Un lugar para vivir, disfrutar y so\u00f1ar.&#8221; font_container=&#8221;tag:p|text_align:left&#8221; google_fonts=&#8221;font_family:Roboto%3A100%2C100italic%2C300%2C300italic%2Cregular%2Citalic%2C500%2C500italic%2C700%2C700italic%2C900%2C900italic|font_style:700%20bold%20regular%3A700%3Anormal&#8221;][vc_row_inner][vc_column_inner width=&#8221;1\/2&#8243;][vc_column_text]La Costa Blanca tiene algo que ofrecer durante todo el a\u00f1o, en todas las estaciones. Nada m\u00e1s terminar las fiestas patronales, con los encierros, la m\u00fasica en las rom\u00e1nticas calles del centro, la gente disfrutando [&hellip;]<\/p>\n","protected":false},"author":1,"featured_media":0,"parent":0,"menu_order":9,"comment_status":"closed","ping_status":"closed","template":"template\/template-homepage.php","meta":{"footnotes":""},"class_list":["post-17355","page","type-page","status-publish","hentry"],"yoast_head":"<!-- This site is optimized with the Yoast SEO plugin v27.3 - https:\/\/yoast.com\/product\/yoast-seo-wordpress\/ -->\n<title>DENIA - ADAMANT REAL ESTATE<\/title>\n<meta name=\"description\" content=\"Le ofrecemos un servicio integral, comenzando por la b\u00fasqueda de su inmueble ideal, la comprobaci\u00f3n y aportaci\u00f3n de todos los documentos necesarios, la firma de la escritura notarial de compraventa hasta el registro de todos los contratos a su nombre.\" \/>\n<meta name=\"robots\" content=\"index, follow, max-snippet:-1, max-image-preview:large, max-video-preview:-1\" \/>\n<link rel=\"canonical\" href=\"https:\/\/adamant-real-estate.com\/es\/denia-costa-blanca\/\" \/>\n<meta property=\"og:locale\" content=\"es_ES\" \/>\n<meta property=\"og:type\" content=\"article\" \/>\n<meta property=\"og:title\" content=\"DENIA - ADAMANT REAL ESTATE\" \/>\n<meta property=\"og:description\" content=\"Le ofrecemos un servicio integral, comenzando por la b\u00fasqueda de su inmueble ideal, la comprobaci\u00f3n y aportaci\u00f3n de todos los documentos necesarios, la firma de la escritura notarial de compraventa hasta el registro de todos los contratos a su nombre.\" \/>\n<meta property=\"og:url\" content=\"https:\/\/adamant-real-estate.com\/es\/denia-costa-blanca\/\" \/>\n<meta property=\"og:site_name\" content=\"ADAMANT REAL ESTATE\" \/>\n<meta property=\"article:modified_time\" content=\"2022-04-27T16:58:44+00:00\" \/>\n<meta name=\"twitter:card\" content=\"summary_large_image\" \/>\n<meta name=\"twitter:label1\" content=\"Tiempo de lectura\" \/>\n\t<meta name=\"twitter:data1\" content=\"7 minutos\" \/>\n<script type=\"application\/ld+json\" class=\"yoast-schema-graph\">{\"@context\":\"https:\\\/\\\/schema.org\",\"@graph\":[{\"@type\":\"WebPage\",\"@id\":\"https:\\\/\\\/adamant-real-estate.com\\\/es\\\/denia-costa-blanca\\\/\",\"url\":\"https:\\\/\\\/adamant-real-estate.com\\\/es\\\/denia-costa-blanca\\\/\",\"name\":\"DENIA - ADAMANT REAL ESTATE\",\"isPartOf\":{\"@id\":\"https:\\\/\\\/adamant-real-estate.com\\\/es\\\/#website\"},\"datePublished\":\"2019-07-31T12:00:01+00:00\",\"dateModified\":\"2022-04-27T16:58:44+00:00\",\"description\":\"Le ofrecemos un servicio integral, comenzando por la b\u00fasqueda de su inmueble ideal, la comprobaci\u00f3n y aportaci\u00f3n de todos los documentos necesarios, la firma de la escritura notarial de compraventa hasta el registro de todos los contratos a su nombre.\",\"breadcrumb\":{\"@id\":\"https:\\\/\\\/adamant-real-estate.com\\\/es\\\/denia-costa-blanca\\\/#breadcrumb\"},\"inLanguage\":\"es\",\"potentialAction\":[{\"@type\":\"ReadAction\",\"target\":[\"https:\\\/\\\/adamant-real-estate.com\\\/es\\\/denia-costa-blanca\\\/\"]}]},{\"@type\":\"BreadcrumbList\",\"@id\":\"https:\\\/\\\/adamant-real-estate.com\\\/es\\\/denia-costa-blanca\\\/#breadcrumb\",\"itemListElement\":[{\"@type\":\"ListItem\",\"position\":1,\"name\":\"Home\",\"item\":\"https:\\\/\\\/adamant-real-estate.com\\\/es\\\/\"},{\"@type\":\"ListItem\",\"position\":2,\"name\":\"DENIA\"}]},{\"@type\":\"WebSite\",\"@id\":\"https:\\\/\\\/adamant-real-estate.com\\\/es\\\/#website\",\"url\":\"https:\\\/\\\/adamant-real-estate.com\\\/es\\\/\",\"name\":\"ADAMANT REAL ESTATE\",\"description\":\"REAL ESTATE D\u00c9NIA COSTA BLANCA\",\"publisher\":{\"@id\":\"https:\\\/\\\/adamant-real-estate.com\\\/es\\\/#organization\"},\"potentialAction\":[{\"@type\":\"SearchAction\",\"target\":{\"@type\":\"EntryPoint\",\"urlTemplate\":\"https:\\\/\\\/adamant-real-estate.com\\\/es\\\/?s={search_term_string}\"},\"query-input\":{\"@type\":\"PropertyValueSpecification\",\"valueRequired\":true,\"valueName\":\"search_term_string\"}}],\"inLanguage\":\"es\"},{\"@type\":\"Organization\",\"@id\":\"https:\\\/\\\/adamant-real-estate.com\\\/es\\\/#organization\",\"name\":\"ADAMANT REAL ESTATE\",\"url\":\"https:\\\/\\\/adamant-real-estate.com\\\/es\\\/\",\"logo\":{\"@type\":\"ImageObject\",\"inLanguage\":\"es\",\"@id\":\"https:\\\/\\\/adamant-real-estate.com\\\/es\\\/#\\\/schema\\\/logo\\\/image\\\/\",\"url\":\"https:\\\/\\\/adamant-real-estate.com\\\/dev\\\/wp-content\\\/uploads\\\/2019\\\/08\\\/adamant-real-estate-denia-costa-blanca-logo5.png\",\"contentUrl\":\"https:\\\/\\\/adamant-real-estate.com\\\/dev\\\/wp-content\\\/uploads\\\/2019\\\/08\\\/adamant-real-estate-denia-costa-blanca-logo5.png\",\"width\":440,\"height\":100,\"caption\":\"ADAMANT REAL ESTATE\"},\"image\":{\"@id\":\"https:\\\/\\\/adamant-real-estate.com\\\/es\\\/#\\\/schema\\\/logo\\\/image\\\/\"}}]}<\/script>\n<!-- \/ Yoast SEO plugin. -->","yoast_head_json":{"title":"DENIA - ADAMANT REAL ESTATE","description":"Le ofrecemos un servicio integral, comenzando por la b\u00fasqueda de su inmueble ideal, la comprobaci\u00f3n y aportaci\u00f3n de todos los documentos necesarios, la firma de la escritura notarial de compraventa hasta el registro de todos los contratos a su nombre.","robots":{"index":"index","follow":"follow","max-snippet":"max-snippet:-1","max-image-preview":"max-image-preview:large","max-video-preview":"max-video-preview:-1"},"canonical":"https:\/\/adamant-real-estate.com\/es\/denia-costa-blanca\/","og_locale":"es_ES","og_type":"article","og_title":"DENIA - ADAMANT REAL ESTATE","og_description":"Le ofrecemos un servicio integral, comenzando por la b\u00fasqueda de su inmueble ideal, la comprobaci\u00f3n y aportaci\u00f3n de todos los documentos necesarios, la firma de la escritura notarial de compraventa hasta el registro de todos los contratos a su nombre.","og_url":"https:\/\/adamant-real-estate.com\/es\/denia-costa-blanca\/","og_site_name":"ADAMANT REAL ESTATE","article_modified_time":"2022-04-27T16:58:44+00:00","twitter_card":"summary_large_image","twitter_misc":{"Tiempo de lectura":"7 minutos"},"schema":{"@context":"https:\/\/schema.org","@graph":[{"@type":"WebPage","@id":"https:\/\/adamant-real-estate.com\/es\/denia-costa-blanca\/","url":"https:\/\/adamant-real-estate.com\/es\/denia-costa-blanca\/","name":"DENIA - ADAMANT REAL ESTATE","isPartOf":{"@id":"https:\/\/adamant-real-estate.com\/es\/#website"},"datePublished":"2019-07-31T12:00:01+00:00","dateModified":"2022-04-27T16:58:44+00:00","description":"Le ofrecemos un servicio integral, comenzando por la b\u00fasqueda de su inmueble ideal, la comprobaci\u00f3n y aportaci\u00f3n de todos los documentos necesarios, la firma de la escritura notarial de compraventa hasta el registro de todos los contratos a su nombre.","breadcrumb":{"@id":"https:\/\/adamant-real-estate.com\/es\/denia-costa-blanca\/#breadcrumb"},"inLanguage":"es","potentialAction":[{"@type":"ReadAction","target":["https:\/\/adamant-real-estate.com\/es\/denia-costa-blanca\/"]}]},{"@type":"BreadcrumbList","@id":"https:\/\/adamant-real-estate.com\/es\/denia-costa-blanca\/#breadcrumb","itemListElement":[{"@type":"ListItem","position":1,"name":"Home","item":"https:\/\/adamant-real-estate.com\/es\/"},{"@type":"ListItem","position":2,"name":"DENIA"}]},{"@type":"WebSite","@id":"https:\/\/adamant-real-estate.com\/es\/#website","url":"https:\/\/adamant-real-estate.com\/es\/","name":"ADAMANT REAL ESTATE","description":"REAL ESTATE D\u00c9NIA COSTA BLANCA","publisher":{"@id":"https:\/\/adamant-real-estate.com\/es\/#organization"},"potentialAction":[{"@type":"SearchAction","target":{"@type":"EntryPoint","urlTemplate":"https:\/\/adamant-real-estate.com\/es\/?s={search_term_string}"},"query-input":{"@type":"PropertyValueSpecification","valueRequired":true,"valueName":"search_term_string"}}],"inLanguage":"es"},{"@type":"Organization","@id":"https:\/\/adamant-real-estate.com\/es\/#organization","name":"ADAMANT REAL ESTATE","url":"https:\/\/adamant-real-estate.com\/es\/","logo":{"@type":"ImageObject","inLanguage":"es","@id":"https:\/\/adamant-real-estate.com\/es\/#\/schema\/logo\/image\/","url":"https:\/\/adamant-real-estate.com\/dev\/wp-content\/uploads\/2019\/08\/adamant-real-estate-denia-costa-blanca-logo5.png","contentUrl":"https:\/\/adamant-real-estate.com\/dev\/wp-content\/uploads\/2019\/08\/adamant-real-estate-denia-costa-blanca-logo5.png","width":440,"height":100,"caption":"ADAMANT REAL ESTATE"},"image":{"@id":"https:\/\/adamant-real-estate.com\/es\/#\/schema\/logo\/image\/"}}]}},"_links":{"self":[{"href":"https:\/\/adamant-real-estate.com\/es\/wp-json\/wp\/v2\/pages\/17355","targetHints":{"allow":["GET"]}}],"collection":[{"href":"https:\/\/adamant-real-estate.com\/es\/wp-json\/wp\/v2\/pages"}],"about":[{"href":"https:\/\/adamant-real-estate.com\/es\/wp-json\/wp\/v2\/types\/page"}],"author":[{"embeddable":true,"href":"https:\/\/adamant-real-estate.com\/es\/wp-json\/wp\/v2\/users\/1"}],"replies":[{"embeddable":true,"href":"https:\/\/adamant-real-estate.com\/es\/wp-json\/wp\/v2\/comments?post=17355"}],"version-history":[{"count":4,"href":"https:\/\/adamant-real-estate.com\/es\/wp-json\/wp\/v2\/pages\/17355\/revisions"}],"predecessor-version":[{"id":17359,"href":"https:\/\/adamant-real-estate.com\/es\/wp-json\/wp\/v2\/pages\/17355\/revisions\/17359"}],"wp:attachment":[{"href":"https:\/\/adamant-real-estate.com\/es\/wp-json\/wp\/v2\/media?parent=17355"}],"curies":[{"name":"wp","href":"https:\/\/api.w.org\/{rel}","templated":true}]}}