{"id":17346,"date":"2019-07-31T11:43:35","date_gmt":"2019-07-31T10:43:35","guid":{"rendered":"https:\/\/adamant-real-estate.com\/dev\/adamant-real-estate-agency-denia\/"},"modified":"2023-10-04T13:06:27","modified_gmt":"2023-10-04T11:06:27","slug":"adamant-agencia-inmobiliaria-denia","status":"publish","type":"page","link":"https:\/\/adamant-real-estate.com\/es\/adamant-agencia-inmobiliaria-denia\/","title":{"rendered":"ADAMANT"},"content":{"rendered":"<p>[vc_row][vc_column]<div style=\"clear:both; width:100%; height:50px\"><\/div>[vc_custom_heading text=&#8221;SU SOCIO EN EL SECTOR INMOBILIARIO EN DENIA.&#8221; font_container=&#8221;tag:h1|text_align:left&#8221; google_fonts=&#8221;font_family:Roboto%3A100%2C100italic%2C300%2C300italic%2Cregular%2Citalic%2C500%2C500italic%2C700%2C700italic%2C900%2C900italic|font_style:500%20bold%20regular%3A500%3Anormal&#8221;]<div style=\"clear:both; width:100%; height:30px\"><\/div>[vc_row_inner][vc_column_inner width=&#8221;1\/2&#8243;][vc_column_text]Le buscamos propiedades de forma personalizada en funci\u00f3n a sus intereses en la Costa Blanca y juntos encontraremos la vivienda con la que ha estado so\u00f1ando.<\/p>\n<p>Nuestro equipo le asesorar\u00e1 en todas las cuestiones fiscales y de transacci\u00f3n, adem\u00e1s de proporcionarle el apoyo de nuestro asesor t\u00e9cnico. Aproveche nuestra larga experiencia con los notarios y las oficinas del registro de la propiedad, as\u00ed como con las autoridades municipales de construcci\u00f3n. Gracias a nuestro trabajo como empresa de asesoramiento fiscal, estamos siempre al d\u00eda en las m\u00e1s recientes cuestiones legales.[\/vc_column_text][\/vc_column_inner][vc_column_inner width=&#8221;1\/2&#8243;][vc_column_text]Antes de que tome la decisi\u00f3n de comprar el inmueble deseado, calculamos cu\u00e1les ser\u00e1n para usted los costes totales de la compra y aclaramos cualquier pregunta de forma transparente y directa con el propietario. Disponemos desde un principio de todas las inscripciones en el registro de la propiedad y le acompa\u00f1amos personalmente ante notario para certificar y validar su compra, adem\u00e1s, por supuesto, finalizando con el cambio de titularidad en todas las oficinas y proveedores de energ\u00eda.<\/p>\n<p>Compre con nosotros, venda con nosotros.[\/vc_column_text][vc_column_text]<\/p>\n<p class=\"p1\"><span class=\"s1\" style=\"color: #ea571b;\">Registro de Agente de Intermediaci\u00f3n Inmobiliaria en la Generalitat Valenciana N\u00ba 0602<\/span><\/p>\n<p>[\/vc_column_text][\/vc_column_inner][\/vc_row_inner]<div style=\"clear:both; width:100%; height:30px\"><\/div>[\/vc_column][\/vc_row][vc_row full_width=&#8221;stretch_row&#8221; parallax=&#8221;content-moving&#8221; css=&#8221;.vc_custom_1603178938525{margin-right: 2px !important;margin-left: 2px !important;padding-top: 180px !important;padding-bottom: 180px !important;background-image: url(https:\/\/adamant-real-estate.com\/dev\/wp-content\/uploads\/2020\/10\/Adamant-Immobilien-Real-Estate-Inmobiliaria-Costa-Blanca-Spanien-Spain-021.jpg?id=17086) !important;background-position: center;background-repeat: no-repeat !important;background-size: contain !important;}&#8221; el_class=&#8221;background-picture-fixed&#8221;][vc_column][vc_custom_heading text=&#8221;\u00a1TUS SUE\u00d1OS PUEDEN HACERSE REALIDAD!&#8221; font_container=&#8221;tag:p|font_size:50|text_align:center|color:%23ffffff&#8221; use_theme_fonts=&#8221;yes&#8221; css_animation=&#8221;slideInUp&#8221;][\/vc_column][\/vc_row][vc_row][vc_column][vc_empty_space height=&#8221;70px&#8221;][vc_btn title=&#8221;COMPRE CON NOSOTROS, VENDA CON NOSOTROS.&#8221; style=&#8221;flat&#8221; shape=&#8221;square&#8221; color=&#8221;white&#8221; link=&#8221;url:https%3A%2F%2Fadamant-real-estate.com%2Fdev%2Fcontact%2F|title:CONTACT||&#8221;][\/vc_column][\/vc_row][vc_row][vc_column][vc_empty_space height=&#8221;80px&#8221;][\/vc_column][\/vc_row]<\/p>\n","protected":false},"excerpt":{"rendered":"<p>[vc_row][vc_column][vc_custom_heading text=&#8221;SU SOCIO EN EL SECTOR INMOBILIARIO EN DENIA.&#8221; font_container=&#8221;tag:h1|text_align:left&#8221; google_fonts=&#8221;font_family:Roboto%3A100%2C100italic%2C300%2C300italic%2Cregular%2Citalic%2C500%2C500italic%2C700%2C700italic%2C900%2C900italic|font_style:500%20bold%20regular%3A500%3Anormal&#8221;][vc_row_inner][vc_column_inner width=&#8221;1\/2&#8243;][vc_column_text]Le buscamos propiedades de forma personalizada en funci\u00f3n a sus intereses en la Costa Blanca y juntos encontraremos la vivienda con la que ha estado so\u00f1ando. Nuestro equipo le asesorar\u00e1 en todas las cuestiones fiscales y de transacci\u00f3n, adem\u00e1s de proporcionarle el apoyo de [&hellip;]<\/p>\n","protected":false},"author":1,"featured_media":0,"parent":0,"menu_order":16,"comment_status":"closed","ping_status":"closed","template":"template\/template-homepage.php","meta":{"footnotes":""},"class_list":["post-17346","page","type-page","status-publish","hentry"],"yoast_head":"<!-- This site is optimized with the Yoast SEO plugin v27.3 - https:\/\/yoast.com\/product\/yoast-seo-wordpress\/ -->\n<title>ADAMANT - ADAMANT REAL ESTATE<\/title>\n<meta name=\"description\" content=\"Le ofrecemos un servicio integral, comenzando por la b\u00fasqueda de su inmueble ideal, la comprobaci\u00f3n y aportaci\u00f3n de todos los documentos necesarios, la firma de la escritura notarial de compraventa hasta el registro de todos los contratos a su nombre.\" \/>\n<meta name=\"robots\" content=\"index, follow, max-snippet:-1, max-image-preview:large, max-video-preview:-1\" \/>\n<link rel=\"canonical\" href=\"https:\/\/adamant-real-estate.com\/es\/adamant-agencia-inmobiliaria-denia\/\" \/>\n<meta property=\"og:locale\" content=\"es_ES\" \/>\n<meta property=\"og:type\" content=\"article\" \/>\n<meta property=\"og:title\" content=\"ADAMANT - ADAMANT REAL ESTATE\" \/>\n<meta property=\"og:description\" content=\"Le ofrecemos un servicio integral, comenzando por la b\u00fasqueda de su inmueble ideal, la comprobaci\u00f3n y aportaci\u00f3n de todos los documentos necesarios, la firma de la escritura notarial de compraventa hasta el registro de todos los contratos a su nombre.\" \/>\n<meta property=\"og:url\" content=\"https:\/\/adamant-real-estate.com\/es\/adamant-agencia-inmobiliaria-denia\/\" \/>\n<meta property=\"og:site_name\" content=\"ADAMANT REAL ESTATE\" \/>\n<meta property=\"article:modified_time\" content=\"2023-10-04T11:06:27+00:00\" \/>\n<meta name=\"twitter:card\" content=\"summary_large_image\" \/>\n<meta name=\"twitter:label1\" content=\"Tiempo de lectura\" \/>\n\t<meta name=\"twitter:data1\" content=\"2 minutos\" \/>\n<script type=\"application\/ld+json\" class=\"yoast-schema-graph\">{\"@context\":\"https:\\\/\\\/schema.org\",\"@graph\":[{\"@type\":\"WebPage\",\"@id\":\"https:\\\/\\\/adamant-real-estate.com\\\/es\\\/adamant-agencia-inmobiliaria-denia\\\/\",\"url\":\"https:\\\/\\\/adamant-real-estate.com\\\/es\\\/adamant-agencia-inmobiliaria-denia\\\/\",\"name\":\"ADAMANT - ADAMANT REAL ESTATE\",\"isPartOf\":{\"@id\":\"https:\\\/\\\/adamant-real-estate.com\\\/es\\\/#website\"},\"datePublished\":\"2019-07-31T10:43:35+00:00\",\"dateModified\":\"2023-10-04T11:06:27+00:00\",\"description\":\"Le ofrecemos un servicio integral, comenzando por la b\u00fasqueda de su inmueble ideal, la comprobaci\u00f3n y aportaci\u00f3n de todos los documentos necesarios, la firma de la escritura notarial de compraventa hasta el registro de todos los contratos a su nombre.\",\"breadcrumb\":{\"@id\":\"https:\\\/\\\/adamant-real-estate.com\\\/es\\\/adamant-agencia-inmobiliaria-denia\\\/#breadcrumb\"},\"inLanguage\":\"es\",\"potentialAction\":[{\"@type\":\"ReadAction\",\"target\":[\"https:\\\/\\\/adamant-real-estate.com\\\/es\\\/adamant-agencia-inmobiliaria-denia\\\/\"]}]},{\"@type\":\"BreadcrumbList\",\"@id\":\"https:\\\/\\\/adamant-real-estate.com\\\/es\\\/adamant-agencia-inmobiliaria-denia\\\/#breadcrumb\",\"itemListElement\":[{\"@type\":\"ListItem\",\"position\":1,\"name\":\"Home\",\"item\":\"https:\\\/\\\/adamant-real-estate.com\\\/es\\\/\"},{\"@type\":\"ListItem\",\"position\":2,\"name\":\"ADAMANT\"}]},{\"@type\":\"WebSite\",\"@id\":\"https:\\\/\\\/adamant-real-estate.com\\\/es\\\/#website\",\"url\":\"https:\\\/\\\/adamant-real-estate.com\\\/es\\\/\",\"name\":\"ADAMANT REAL ESTATE\",\"description\":\"REAL ESTATE D\u00c9NIA COSTA BLANCA\",\"publisher\":{\"@id\":\"https:\\\/\\\/adamant-real-estate.com\\\/es\\\/#organization\"},\"potentialAction\":[{\"@type\":\"SearchAction\",\"target\":{\"@type\":\"EntryPoint\",\"urlTemplate\":\"https:\\\/\\\/adamant-real-estate.com\\\/es\\\/?s={search_term_string}\"},\"query-input\":{\"@type\":\"PropertyValueSpecification\",\"valueRequired\":true,\"valueName\":\"search_term_string\"}}],\"inLanguage\":\"es\"},{\"@type\":\"Organization\",\"@id\":\"https:\\\/\\\/adamant-real-estate.com\\\/es\\\/#organization\",\"name\":\"ADAMANT REAL ESTATE\",\"url\":\"https:\\\/\\\/adamant-real-estate.com\\\/es\\\/\",\"logo\":{\"@type\":\"ImageObject\",\"inLanguage\":\"es\",\"@id\":\"https:\\\/\\\/adamant-real-estate.com\\\/es\\\/#\\\/schema\\\/logo\\\/image\\\/\",\"url\":\"https:\\\/\\\/adamant-real-estate.com\\\/dev\\\/wp-content\\\/uploads\\\/2019\\\/08\\\/adamant-real-estate-denia-costa-blanca-logo5.png\",\"contentUrl\":\"https:\\\/\\\/adamant-real-estate.com\\\/dev\\\/wp-content\\\/uploads\\\/2019\\\/08\\\/adamant-real-estate-denia-costa-blanca-logo5.png\",\"width\":440,\"height\":100,\"caption\":\"ADAMANT REAL ESTATE\"},\"image\":{\"@id\":\"https:\\\/\\\/adamant-real-estate.com\\\/es\\\/#\\\/schema\\\/logo\\\/image\\\/\"}}]}<\/script>\n<!-- \/ Yoast SEO plugin. -->","yoast_head_json":{"title":"ADAMANT - ADAMANT REAL ESTATE","description":"Le ofrecemos un servicio integral, comenzando por la b\u00fasqueda de su inmueble ideal, la comprobaci\u00f3n y aportaci\u00f3n de todos los documentos necesarios, la firma de la escritura notarial de compraventa hasta el registro de todos los contratos a su nombre.","robots":{"index":"index","follow":"follow","max-snippet":"max-snippet:-1","max-image-preview":"max-image-preview:large","max-video-preview":"max-video-preview:-1"},"canonical":"https:\/\/adamant-real-estate.com\/es\/adamant-agencia-inmobiliaria-denia\/","og_locale":"es_ES","og_type":"article","og_title":"ADAMANT - ADAMANT REAL ESTATE","og_description":"Le ofrecemos un servicio integral, comenzando por la b\u00fasqueda de su inmueble ideal, la comprobaci\u00f3n y aportaci\u00f3n de todos los documentos necesarios, la firma de la escritura notarial de compraventa hasta el registro de todos los contratos a su nombre.","og_url":"https:\/\/adamant-real-estate.com\/es\/adamant-agencia-inmobiliaria-denia\/","og_site_name":"ADAMANT REAL ESTATE","article_modified_time":"2023-10-04T11:06:27+00:00","twitter_card":"summary_large_image","twitter_misc":{"Tiempo de lectura":"2 minutos"},"schema":{"@context":"https:\/\/schema.org","@graph":[{"@type":"WebPage","@id":"https:\/\/adamant-real-estate.com\/es\/adamant-agencia-inmobiliaria-denia\/","url":"https:\/\/adamant-real-estate.com\/es\/adamant-agencia-inmobiliaria-denia\/","name":"ADAMANT - ADAMANT REAL ESTATE","isPartOf":{"@id":"https:\/\/adamant-real-estate.com\/es\/#website"},"datePublished":"2019-07-31T10:43:35+00:00","dateModified":"2023-10-04T11:06:27+00:00","description":"Le ofrecemos un servicio integral, comenzando por la b\u00fasqueda de su inmueble ideal, la comprobaci\u00f3n y aportaci\u00f3n de todos los documentos necesarios, la firma de la escritura notarial de compraventa hasta el registro de todos los contratos a su nombre.","breadcrumb":{"@id":"https:\/\/adamant-real-estate.com\/es\/adamant-agencia-inmobiliaria-denia\/#breadcrumb"},"inLanguage":"es","potentialAction":[{"@type":"ReadAction","target":["https:\/\/adamant-real-estate.com\/es\/adamant-agencia-inmobiliaria-denia\/"]}]},{"@type":"BreadcrumbList","@id":"https:\/\/adamant-real-estate.com\/es\/adamant-agencia-inmobiliaria-denia\/#breadcrumb","itemListElement":[{"@type":"ListItem","position":1,"name":"Home","item":"https:\/\/adamant-real-estate.com\/es\/"},{"@type":"ListItem","position":2,"name":"ADAMANT"}]},{"@type":"WebSite","@id":"https:\/\/adamant-real-estate.com\/es\/#website","url":"https:\/\/adamant-real-estate.com\/es\/","name":"ADAMANT REAL ESTATE","description":"REAL ESTATE D\u00c9NIA COSTA BLANCA","publisher":{"@id":"https:\/\/adamant-real-estate.com\/es\/#organization"},"potentialAction":[{"@type":"SearchAction","target":{"@type":"EntryPoint","urlTemplate":"https:\/\/adamant-real-estate.com\/es\/?s={search_term_string}"},"query-input":{"@type":"PropertyValueSpecification","valueRequired":true,"valueName":"search_term_string"}}],"inLanguage":"es"},{"@type":"Organization","@id":"https:\/\/adamant-real-estate.com\/es\/#organization","name":"ADAMANT REAL ESTATE","url":"https:\/\/adamant-real-estate.com\/es\/","logo":{"@type":"ImageObject","inLanguage":"es","@id":"https:\/\/adamant-real-estate.com\/es\/#\/schema\/logo\/image\/","url":"https:\/\/adamant-real-estate.com\/dev\/wp-content\/uploads\/2019\/08\/adamant-real-estate-denia-costa-blanca-logo5.png","contentUrl":"https:\/\/adamant-real-estate.com\/dev\/wp-content\/uploads\/2019\/08\/adamant-real-estate-denia-costa-blanca-logo5.png","width":440,"height":100,"caption":"ADAMANT REAL ESTATE"},"image":{"@id":"https:\/\/adamant-real-estate.com\/es\/#\/schema\/logo\/image\/"}}]}},"_links":{"self":[{"href":"https:\/\/adamant-real-estate.com\/es\/wp-json\/wp\/v2\/pages\/17346","targetHints":{"allow":["GET"]}}],"collection":[{"href":"https:\/\/adamant-real-estate.com\/es\/wp-json\/wp\/v2\/pages"}],"about":[{"href":"https:\/\/adamant-real-estate.com\/es\/wp-json\/wp\/v2\/types\/page"}],"author":[{"embeddable":true,"href":"https:\/\/adamant-real-estate.com\/es\/wp-json\/wp\/v2\/users\/1"}],"replies":[{"embeddable":true,"href":"https:\/\/adamant-real-estate.com\/es\/wp-json\/wp\/v2\/comments?post=17346"}],"version-history":[{"count":5,"href":"https:\/\/adamant-real-estate.com\/es\/wp-json\/wp\/v2\/pages\/17346\/revisions"}],"predecessor-version":[{"id":17347,"href":"https:\/\/adamant-real-estate.com\/es\/wp-json\/wp\/v2\/pages\/17346\/revisions\/17347"}],"wp:attachment":[{"href":"https:\/\/adamant-real-estate.com\/es\/wp-json\/wp\/v2\/media?parent=17346"}],"curies":[{"name":"wp","href":"https:\/\/api.w.org\/{rel}","templated":true}]}}