{"id":17342,"date":"2019-07-26T15:29:40","date_gmt":"2019-07-26T14:29:40","guid":{"rendered":"https:\/\/adamant-real-estate.com\/dev\/properties\/"},"modified":"2022-04-27T18:59:05","modified_gmt":"2022-04-27T16:59:05","slug":"inmuebles","status":"publish","type":"page","link":"https:\/\/adamant-real-estate.com\/es\/inmuebles\/","title":{"rendered":"INMUEBLES"},"content":{"rendered":"<p>[vc_row][vc_column width=&#8221;1\/2&#8243;][vc_column_text]Sea lo que sea que est\u00e9 buscando: un chalet con una vista extraordinaria, una casa adosada, un terreno para construir o un piso en primera l\u00ednea de playa. D\u00edganos con qu\u00e9 sue\u00f1as porque puede que ya est\u00e9 esper\u00e1ndole.[\/vc_column_text][\/vc_column][vc_column width=&#8221;1\/2&#8243;][vc_column_text]Le ofrecemos un servicio integral, comenzando por la b\u00fasqueda de su inmueble ideal, la comprobaci\u00f3n y aportaci\u00f3n de todos los documentos necesarios, la firma de la escritura notarial de compraventa hasta el registro de todos los contratos a su nombre.<\/p>\n<p>Le entregaremos las llaves y simplemente podr\u00e1 mudarse y sentir que ha llegado a su destino, su nueva casa.<\/p>\n<p>[\/vc_column_text][\/vc_column][\/vc_row]<\/p>\n","protected":false},"excerpt":{"rendered":"<p>[vc_row][vc_column width=&#8221;1\/2&#8243;][vc_column_text]Sea lo que sea que est\u00e9 buscando: un chalet con una vista extraordinaria, una casa adosada, un terreno para construir o un piso en primera l\u00ednea de playa. D\u00edganos con qu\u00e9 sue\u00f1as porque puede que ya est\u00e9 esper\u00e1ndole.[\/vc_column_text][\/vc_column][vc_column width=&#8221;1\/2&#8243;][vc_column_text]Le ofrecemos un servicio integral, comenzando por la b\u00fasqueda de su inmueble ideal, la comprobaci\u00f3n y [&hellip;]<\/p>\n","protected":false},"author":1,"featured_media":0,"parent":0,"menu_order":17,"comment_status":"closed","ping_status":"closed","template":"template\/template-listing-grid-v2-fullwidth-2cols.php","meta":{"footnotes":""},"class_list":["post-17342","page","type-page","status-publish","hentry"],"yoast_head":"<!-- This site is optimized with the Yoast SEO plugin v27.3 - https:\/\/yoast.com\/product\/yoast-seo-wordpress\/ -->\n<title>INMUEBLES - ADAMANT REAL ESTATE<\/title>\n<meta name=\"description\" content=\"Le ofrecemos un servicio integral, comenzando por la b\u00fasqueda de su inmueble ideal, la comprobaci\u00f3n y aportaci\u00f3n de todos los documentos necesarios, la firma de la escritura notarial de compraventa hasta el registro de todos los contratos a su nombre.\" \/>\n<meta name=\"robots\" content=\"index, follow, max-snippet:-1, max-image-preview:large, max-video-preview:-1\" \/>\n<link rel=\"canonical\" href=\"https:\/\/adamant-real-estate.com\/es\/inmuebles\/\" \/>\n<meta property=\"og:locale\" content=\"es_ES\" \/>\n<meta property=\"og:type\" content=\"article\" \/>\n<meta property=\"og:title\" content=\"INMUEBLES - ADAMANT REAL ESTATE\" \/>\n<meta property=\"og:description\" content=\"Le ofrecemos un servicio integral, comenzando por la b\u00fasqueda de su inmueble ideal, la comprobaci\u00f3n y aportaci\u00f3n de todos los documentos necesarios, la firma de la escritura notarial de compraventa hasta el registro de todos los contratos a su nombre.\" \/>\n<meta property=\"og:url\" content=\"https:\/\/adamant-real-estate.com\/es\/inmuebles\/\" \/>\n<meta property=\"og:site_name\" content=\"ADAMANT REAL ESTATE\" \/>\n<meta property=\"article:modified_time\" content=\"2022-04-27T16:59:05+00:00\" \/>\n<meta name=\"twitter:card\" content=\"summary_large_image\" \/>\n<meta name=\"twitter:label1\" content=\"Tiempo de lectura\" \/>\n\t<meta name=\"twitter:data1\" content=\"1 minuto\" \/>\n<script type=\"application\/ld+json\" class=\"yoast-schema-graph\">{\"@context\":\"https:\\\/\\\/schema.org\",\"@graph\":[{\"@type\":\"WebPage\",\"@id\":\"https:\\\/\\\/adamant-real-estate.com\\\/es\\\/inmuebles\\\/\",\"url\":\"https:\\\/\\\/adamant-real-estate.com\\\/es\\\/inmuebles\\\/\",\"name\":\"INMUEBLES - ADAMANT REAL ESTATE\",\"isPartOf\":{\"@id\":\"https:\\\/\\\/adamant-real-estate.com\\\/es\\\/#website\"},\"datePublished\":\"2019-07-26T14:29:40+00:00\",\"dateModified\":\"2022-04-27T16:59:05+00:00\",\"description\":\"Le ofrecemos un servicio integral, comenzando por la b\u00fasqueda de su inmueble ideal, la comprobaci\u00f3n y aportaci\u00f3n de todos los documentos necesarios, la firma de la escritura notarial de compraventa hasta el registro de todos los contratos a su nombre.\",\"breadcrumb\":{\"@id\":\"https:\\\/\\\/adamant-real-estate.com\\\/es\\\/inmuebles\\\/#breadcrumb\"},\"inLanguage\":\"es\",\"potentialAction\":[{\"@type\":\"ReadAction\",\"target\":[\"https:\\\/\\\/adamant-real-estate.com\\\/es\\\/inmuebles\\\/\"]}]},{\"@type\":\"BreadcrumbList\",\"@id\":\"https:\\\/\\\/adamant-real-estate.com\\\/es\\\/inmuebles\\\/#breadcrumb\",\"itemListElement\":[{\"@type\":\"ListItem\",\"position\":1,\"name\":\"Home\",\"item\":\"https:\\\/\\\/adamant-real-estate.com\\\/es\\\/\"},{\"@type\":\"ListItem\",\"position\":2,\"name\":\"INMUEBLES\"}]},{\"@type\":\"WebSite\",\"@id\":\"https:\\\/\\\/adamant-real-estate.com\\\/es\\\/#website\",\"url\":\"https:\\\/\\\/adamant-real-estate.com\\\/es\\\/\",\"name\":\"ADAMANT REAL ESTATE\",\"description\":\"REAL ESTATE D\u00c9NIA COSTA BLANCA\",\"publisher\":{\"@id\":\"https:\\\/\\\/adamant-real-estate.com\\\/es\\\/#organization\"},\"potentialAction\":[{\"@type\":\"SearchAction\",\"target\":{\"@type\":\"EntryPoint\",\"urlTemplate\":\"https:\\\/\\\/adamant-real-estate.com\\\/es\\\/?s={search_term_string}\"},\"query-input\":{\"@type\":\"PropertyValueSpecification\",\"valueRequired\":true,\"valueName\":\"search_term_string\"}}],\"inLanguage\":\"es\"},{\"@type\":\"Organization\",\"@id\":\"https:\\\/\\\/adamant-real-estate.com\\\/es\\\/#organization\",\"name\":\"ADAMANT REAL ESTATE\",\"url\":\"https:\\\/\\\/adamant-real-estate.com\\\/es\\\/\",\"logo\":{\"@type\":\"ImageObject\",\"inLanguage\":\"es\",\"@id\":\"https:\\\/\\\/adamant-real-estate.com\\\/es\\\/#\\\/schema\\\/logo\\\/image\\\/\",\"url\":\"https:\\\/\\\/adamant-real-estate.com\\\/dev\\\/wp-content\\\/uploads\\\/2019\\\/08\\\/adamant-real-estate-denia-costa-blanca-logo5.png\",\"contentUrl\":\"https:\\\/\\\/adamant-real-estate.com\\\/dev\\\/wp-content\\\/uploads\\\/2019\\\/08\\\/adamant-real-estate-denia-costa-blanca-logo5.png\",\"width\":440,\"height\":100,\"caption\":\"ADAMANT REAL ESTATE\"},\"image\":{\"@id\":\"https:\\\/\\\/adamant-real-estate.com\\\/es\\\/#\\\/schema\\\/logo\\\/image\\\/\"}}]}<\/script>\n<!-- \/ Yoast SEO plugin. -->","yoast_head_json":{"title":"INMUEBLES - ADAMANT REAL ESTATE","description":"Le ofrecemos un servicio integral, comenzando por la b\u00fasqueda de su inmueble ideal, la comprobaci\u00f3n y aportaci\u00f3n de todos los documentos necesarios, la firma de la escritura notarial de compraventa hasta el registro de todos los contratos a su nombre.","robots":{"index":"index","follow":"follow","max-snippet":"max-snippet:-1","max-image-preview":"max-image-preview:large","max-video-preview":"max-video-preview:-1"},"canonical":"https:\/\/adamant-real-estate.com\/es\/inmuebles\/","og_locale":"es_ES","og_type":"article","og_title":"INMUEBLES - ADAMANT REAL ESTATE","og_description":"Le ofrecemos un servicio integral, comenzando por la b\u00fasqueda de su inmueble ideal, la comprobaci\u00f3n y aportaci\u00f3n de todos los documentos necesarios, la firma de la escritura notarial de compraventa hasta el registro de todos los contratos a su nombre.","og_url":"https:\/\/adamant-real-estate.com\/es\/inmuebles\/","og_site_name":"ADAMANT REAL ESTATE","article_modified_time":"2022-04-27T16:59:05+00:00","twitter_card":"summary_large_image","twitter_misc":{"Tiempo de lectura":"1 minuto"},"schema":{"@context":"https:\/\/schema.org","@graph":[{"@type":"WebPage","@id":"https:\/\/adamant-real-estate.com\/es\/inmuebles\/","url":"https:\/\/adamant-real-estate.com\/es\/inmuebles\/","name":"INMUEBLES - ADAMANT REAL ESTATE","isPartOf":{"@id":"https:\/\/adamant-real-estate.com\/es\/#website"},"datePublished":"2019-07-26T14:29:40+00:00","dateModified":"2022-04-27T16:59:05+00:00","description":"Le ofrecemos un servicio integral, comenzando por la b\u00fasqueda de su inmueble ideal, la comprobaci\u00f3n y aportaci\u00f3n de todos los documentos necesarios, la firma de la escritura notarial de compraventa hasta el registro de todos los contratos a su nombre.","breadcrumb":{"@id":"https:\/\/adamant-real-estate.com\/es\/inmuebles\/#breadcrumb"},"inLanguage":"es","potentialAction":[{"@type":"ReadAction","target":["https:\/\/adamant-real-estate.com\/es\/inmuebles\/"]}]},{"@type":"BreadcrumbList","@id":"https:\/\/adamant-real-estate.com\/es\/inmuebles\/#breadcrumb","itemListElement":[{"@type":"ListItem","position":1,"name":"Home","item":"https:\/\/adamant-real-estate.com\/es\/"},{"@type":"ListItem","position":2,"name":"INMUEBLES"}]},{"@type":"WebSite","@id":"https:\/\/adamant-real-estate.com\/es\/#website","url":"https:\/\/adamant-real-estate.com\/es\/","name":"ADAMANT REAL ESTATE","description":"REAL ESTATE D\u00c9NIA COSTA BLANCA","publisher":{"@id":"https:\/\/adamant-real-estate.com\/es\/#organization"},"potentialAction":[{"@type":"SearchAction","target":{"@type":"EntryPoint","urlTemplate":"https:\/\/adamant-real-estate.com\/es\/?s={search_term_string}"},"query-input":{"@type":"PropertyValueSpecification","valueRequired":true,"valueName":"search_term_string"}}],"inLanguage":"es"},{"@type":"Organization","@id":"https:\/\/adamant-real-estate.com\/es\/#organization","name":"ADAMANT REAL ESTATE","url":"https:\/\/adamant-real-estate.com\/es\/","logo":{"@type":"ImageObject","inLanguage":"es","@id":"https:\/\/adamant-real-estate.com\/es\/#\/schema\/logo\/image\/","url":"https:\/\/adamant-real-estate.com\/dev\/wp-content\/uploads\/2019\/08\/adamant-real-estate-denia-costa-blanca-logo5.png","contentUrl":"https:\/\/adamant-real-estate.com\/dev\/wp-content\/uploads\/2019\/08\/adamant-real-estate-denia-costa-blanca-logo5.png","width":440,"height":100,"caption":"ADAMANT REAL ESTATE"},"image":{"@id":"https:\/\/adamant-real-estate.com\/es\/#\/schema\/logo\/image\/"}}]}},"_links":{"self":[{"href":"https:\/\/adamant-real-estate.com\/es\/wp-json\/wp\/v2\/pages\/17342","targetHints":{"allow":["GET"]}}],"collection":[{"href":"https:\/\/adamant-real-estate.com\/es\/wp-json\/wp\/v2\/pages"}],"about":[{"href":"https:\/\/adamant-real-estate.com\/es\/wp-json\/wp\/v2\/types\/page"}],"author":[{"embeddable":true,"href":"https:\/\/adamant-real-estate.com\/es\/wp-json\/wp\/v2\/users\/1"}],"replies":[{"embeddable":true,"href":"https:\/\/adamant-real-estate.com\/es\/wp-json\/wp\/v2\/comments?post=17342"}],"version-history":[{"count":4,"href":"https:\/\/adamant-real-estate.com\/es\/wp-json\/wp\/v2\/pages\/17342\/revisions"}],"predecessor-version":[{"id":17365,"href":"https:\/\/adamant-real-estate.com\/es\/wp-json\/wp\/v2\/pages\/17342\/revisions\/17365"}],"wp:attachment":[{"href":"https:\/\/adamant-real-estate.com\/es\/wp-json\/wp\/v2\/media?parent=17342"}],"curies":[{"name":"wp","href":"https:\/\/api.w.org\/{rel}","templated":true}]}}