{"id":17333,"date":"2020-08-26T14:43:01","date_gmt":"2020-08-26T12:43:01","guid":{"rendered":"https:\/\/adamant-real-estate.com\/dev\/home\/"},"modified":"2021-09-16T12:19:47","modified_gmt":"2021-09-16T10:19:47","slug":"home","status":"publish","type":"page","link":"https:\/\/adamant-real-estate.com\/es\/","title":{"rendered":"INICIO"},"content":{"rendered":"<p>[vc_row][vc_column]<div style=\"clear:both; width:100%; height:50px\"><\/div>[vc_custom_heading text=&#8221;\u00a1TUS SUE\u00d1OS PUEDEN HACERSE REALIDAD!&#8221; font_container=&#8221;tag:h1|text_align:left&#8221; google_fonts=&#8221;font_family:Roboto%3A100%2C100italic%2C300%2C300italic%2Cregular%2Citalic%2C500%2C500italic%2C700%2C700italic%2C900%2C900italic|font_style:500%20bold%20regular%3A500%3Anormal&#8221;]<div style=\"clear:both; width:100%; height:32px\"><\/div>[vc_row_inner][vc_column_inner width=&#8221;1\/2&#8243;][vc_column_text]<strong>\u00a1Deja volar tu imaginaci\u00f3n!<\/strong><\/p>\n<p>Rel\u00e1jate en la terraza de la casa que siempre has so\u00f1ado y contempla las interminables playas de arena de la Costa Blanca o quiz\u00e1 puedes disfrutar de la tranquilidad y la paz de tu propia villa rodeada de naranjos, almendros, olivos y dejarte embriagar por sus olores frescos y la incre\u00edble luz del sol. Tal vez una casa en la playa es el destino que siempre has deseado \u2026[\/vc_column_text][\/vc_column_inner][vc_column_inner width=&#8221;1\/2&#8243;][vc_column_text]Entre nuestra selecta oferta de inmuebles, villas, casas, fincas o pisos en la ciudad, en el campo o en la playa, tanto en Denia y los alrededores de la Costa Blanca como en las preciosas zonas de interior con todos sus encantos y ventajas, puedes elegir la vivienda de tus sue\u00f1os. Te pondremos en contacto directo con el vendedor.<\/p>\n<p><strong>\u00a1Todo puede hacerse realidad!<\/strong>[\/vc_column_text][\/vc_column_inner][\/vc_row_inner][\/vc_column][\/vc_row][vc_row full_width=&#8221;stretch_row&#8221; equal_height=&#8221;yes&#8221; rtl_reverse=&#8221;yes&#8221; content_placement=&#8221;middle&#8221; css=&#8221;.vc_custom_1626114539711{margin-right: 2px !important;margin-left: 2px !important;}&#8221; el_class=&#8221;box-height&#8221;][vc_column width=&#8221;1\/2&#8243; css=&#8221;.vc_custom_1565698962613{padding-top: 25% !important;padding-right: 5% !important;padding-bottom: 25% !important;padding-left: 5% !important;background-color: rgba(25,46,91,0.2) !important;*background-color: rgb(25,46,91) !important;}&#8221; el_class=&#8221;box-padding-left&#8221;][vc_column_text css_animation=&#8221;bottom-to-top&#8221; el_class=&#8221;text-box-font-color&#8221;]<\/p>\n<h1><span style=\"color: #000000;\">INMOBILIARIA ADAMANT<\/span><\/h1>\n<p><span style=\"color: #000000;\">Le buscamos propiedades de forma personalizada en funci\u00f3n a sus intereses en la Costa Blanca y juntos encontraremos la vivienda con la que ha estado so\u00f1ando \u2026<\/span>[\/vc_column_text][vc_btn title=&#8221;M\u00c1S INFORMACI\u00d3N&#8221; style=&#8221;flat&#8221; shape=&#8221;square&#8221; color=&#8221;white&#8221; size=&#8221;xs&#8221; link=&#8221;url:https%3A%2F%2Fadamant-real-estate.com%2Fdev%2Fes%2Fadamant-agencia-inmobiliaria-denia%2F|title:HOME%20ADAMANT&#8221;][\/vc_column][vc_column parallax=&#8221;content-moving&#8221; parallax_speed_bg=&#8221;&#8221; css_animation=&#8221;none&#8221; width=&#8221;1\/2&#8243; css=&#8221;.vc_custom_1567671618507{padding-top: 50% !important;padding-bottom: 50% !important;background-image: url(https:\/\/adamant-real-estate.com\/dev\/wp-content\/uploads\/2019\/09\/adamant-real-estate-immobilien-inmobiliaria-denia-costa-blanca-about.jpg?id=15788) !important;background-position: center !important;background-repeat: no-repeat !important;background-size: cover !important;}&#8221; el_class=&#8221;box-padding-right&#8221;][\/vc_column][\/vc_row][vc_row content_placement=&#8221;middle&#8221; parallax=&#8221;content-moving&#8221; css=&#8221;.vc_custom_1567671740191{margin-top: 5px !important;margin-right: 2px !important;margin-bottom: 5px !important;margin-left: 2px !important;padding-top: 25% !important;padding-bottom: 25% !important;background-image: url(https:\/\/adamant-real-estate.com\/dev\/wp-content\/uploads\/2019\/09\/adamant-real-estate-immobilien-inmobiliaria-denia-costa-blanca.jpg?id=15776) !important;}&#8221; el_class=&#8221;full-bleed-pic&#8221;][vc_column][\/vc_column][\/vc_row][vc_row full_width=&#8221;stretch_row&#8221; equal_height=&#8221;yes&#8221; content_placement=&#8221;middle&#8221; css=&#8221;.vc_custom_1564581841564{margin-right: 2px !important;margin-left: 2px !important;}&#8221;][vc_column width=&#8221;1\/2&#8243; css=&#8221;.vc_custom_1565698969395{padding-top: 25% !important;padding-right: 5% !important;padding-bottom: 25% !important;padding-left: 5% !important;background-color: rgba(25,46,91,0.2) !important;*background-color: rgb(25,46,91) !important;}&#8221; el_class=&#8221;box-padding-left&#8221;][vc_column_text css_animation=&#8221;bottom-to-top&#8221; el_class=&#8221;text-box-font-color&#8221;]<\/p>\n<h1><span style=\"color: #000000;\">INMUEBLES<\/span><\/h1>\n<p><span style=\"color: #000000;\">Sea lo que sea que est\u00e9 buscando: un chalet con una vista extraordinaria, una casa adosada, un terreno para construir o un piso en primera l\u00ednea de playa. D\u00edganos con qu\u00e9 sue\u00f1a porque puede que ya est\u00e9 esper\u00e1ndole &#8230;<\/span>[\/vc_column_text][vc_btn title=&#8221;ENCUENTRA TU INMUEBLE&#8221; style=&#8221;flat&#8221; shape=&#8221;square&#8221; color=&#8221;white&#8221; size=&#8221;xs&#8221; link=&#8221;url:https%3A%2F%2Fadamant-real-estate.com%2Fdev%2Fes%2Finmuebles%2F|title:PROPIEDADES&#8221;][\/vc_column][vc_column parallax=&#8221;content-moving&#8221; parallax_speed_bg=&#8221;&#8221; css_animation=&#8221;none&#8221; width=&#8221;1\/2&#8243; css=&#8221;.vc_custom_1606206982038{padding-top: 50% !important;padding-bottom: 50% !important;background-image: url(https:\/\/adamant-real-estate.com\/dev\/wp-content\/uploads\/2020\/10\/Adamant-Immobilien-Real-Estate-Inmobiliaria-Costa-Blanca-Spanien-Spain-029.jpg?id=17124) !important;background-position: center !important;background-repeat: no-repeat !important;background-size: cover !important;}&#8221; el_class=&#8221;box-padding-right&#8221;][\/vc_column][\/vc_row][vc_row content_placement=&#8221;middle&#8221; parallax=&#8221;content-moving&#8221; css=&#8221;.vc_custom_1567672206448{margin-top: 5px !important;margin-right: 2px !important;margin-bottom: 5px !important;margin-left: 2px !important;padding-top: 25% !important;padding-bottom: 25% !important;background-image: url(https:\/\/adamant-real-estate.com\/dev\/wp-content\/uploads\/2019\/09\/Montgo-Denia-Immobilien-Real-Estate-Inmobiliaria-Costa-Blanca-Spanien-Spain.jpg?id=15949) !important;}&#8221; el_class=&#8221;full-bleed-pic&#8221;][vc_column][\/vc_column][\/vc_row][vc_row full_width=&#8221;stretch_row&#8221; equal_height=&#8221;yes&#8221; content_placement=&#8221;middle&#8221; css=&#8221;.vc_custom_1564581890593{margin-right: 2px !important;margin-left: 2px !important;}&#8221;][vc_column width=&#8221;1\/2&#8243; css=&#8221;.vc_custom_1565698976605{padding-top: 25% !important;padding-right: 5% !important;padding-bottom: 20% !important;padding-left: 5% !important;background-color: rgba(25,46,91,0.2) !important;*background-color: rgb(25,46,91) !important;}&#8221; el_class=&#8221;box-padding-left&#8221;][vc_column_text css_animation=&#8221;bottom-to-top&#8221; el_class=&#8221;text-box-font-color&#8221;]<\/p>\n<h1><span style=\"color: #000000;\">DENIA<\/span><\/h1>\n<p>La Costa Blanca tiene algo que ofrecer durante todo el a\u00f1o, en todas las estaciones. Apenas terminan las fiestas patronales, con los encierros, la m\u00fasica en las rom\u00e1nticas calles del centro de la ciudad, la gente disfrutando de la vida &#8230;[\/vc_column_text][vc_btn title=&#8221;M\u00c1S INFORMACI\u00d3N&#8221; style=&#8221;flat&#8221; shape=&#8221;square&#8221; color=&#8221;white&#8221; size=&#8221;xs&#8221; link=&#8221;url:https%3A%2F%2Fadamant-real-estate.com%2Fdev%2Fes%2Fdenia-costa-blanca%2F|title:HOME%20ADAMANT&#8221;][\/vc_column][vc_column parallax=&#8221;content-moving&#8221; css_animation=&#8221;none&#8221; width=&#8221;1\/2&#8243; css=&#8221;.vc_custom_1567671684640{padding-top: 50% !important;padding-bottom: 50% !important;background-image: url(https:\/\/adamant-real-estate.com\/dev\/wp-content\/uploads\/2019\/09\/adamant-real-estate-immobilien-inmobiliaria-denia-costa-blanca-hafen-puerto-port.jpg?id=15785) !important;background-position: center !important;background-repeat: no-repeat !important;background-size: cover !important;}&#8221; el_class=&#8221;box-padding-right&#8221;][\/vc_column][\/vc_row][vc_row][vc_column][vc_empty_space height=&#8221;80px&#8221;][\/vc_column][\/vc_row][vc_row][vc_column][vc_empty_space height=&#8221;80px&#8221;][\/vc_column][\/vc_row]<\/p>\n","protected":false},"excerpt":{"rendered":"<p>[vc_row][vc_column][vc_custom_heading text=&#8221;\u00a1TUS SUE\u00d1OS PUEDEN HACERSE REALIDAD!&#8221; font_container=&#8221;tag:h1|text_align:left&#8221; google_fonts=&#8221;font_family:Roboto%3A100%2C100italic%2C300%2C300italic%2Cregular%2Citalic%2C500%2C500italic%2C700%2C700italic%2C900%2C900italic|font_style:500%20bold%20regular%3A500%3Anormal&#8221;][vc_row_inner][vc_column_inner width=&#8221;1\/2&#8243;][vc_column_text]\u00a1Deja volar tu imaginaci\u00f3n! Rel\u00e1jate en la terraza de la casa que siempre has so\u00f1ado y contempla las interminables playas de arena de la Costa Blanca o quiz\u00e1 puedes disfrutar de la tranquilidad y la paz de tu propia villa rodeada de naranjos, almendros, olivos y dejarte [&hellip;]<\/p>\n","protected":false},"author":1,"featured_media":0,"parent":0,"menu_order":7,"comment_status":"closed","ping_status":"closed","template":"template\/template-homepage.php","meta":{"footnotes":""},"class_list":["post-17333","page","type-page","status-publish","hentry"],"yoast_head":"<!-- This site is optimized with the Yoast SEO plugin v27.3 - https:\/\/yoast.com\/product\/yoast-seo-wordpress\/ -->\n<title>INICIO - ADAMANT REAL ESTATE<\/title>\n<meta name=\"robots\" content=\"index, follow, max-snippet:-1, max-image-preview:large, max-video-preview:-1\" \/>\n<link rel=\"canonical\" href=\"https:\/\/adamant-real-estate.com\/es\/\" \/>\n<meta property=\"og:locale\" content=\"es_ES\" \/>\n<meta property=\"og:type\" content=\"article\" \/>\n<meta property=\"og:title\" content=\"INICIO - ADAMANT REAL ESTATE\" \/>\n<meta property=\"og:description\" content=\"[vc_row][vc_column][vc_custom_heading text=&#8221;\u00a1TUS SUE\u00d1OS PUEDEN HACERSE REALIDAD!&#8221; font_container=&#8221;tag:h1|text_align:left&#8221; google_fonts=&#8221;font_family:Roboto%3A100%2C100italic%2C300%2C300italic%2Cregular%2Citalic%2C500%2C500italic%2C700%2C700italic%2C900%2C900italic|font_style:500%20bold%20regular%3A500%3Anormal&#8221;][vc_row_inner][vc_column_inner width=&#8221;1\/2&#8243;][vc_column_text]\u00a1Deja volar tu imaginaci\u00f3n! Rel\u00e1jate en la terraza de la casa que siempre has so\u00f1ado y contempla las interminables playas de arena de la Costa Blanca o quiz\u00e1 puedes disfrutar de la tranquilidad y la paz de tu propia villa rodeada de naranjos, almendros, olivos y dejarte [&hellip;]\" \/>\n<meta property=\"og:url\" content=\"https:\/\/adamant-real-estate.com\/es\/\" \/>\n<meta property=\"og:site_name\" content=\"ADAMANT REAL ESTATE\" \/>\n<meta property=\"article:modified_time\" content=\"2021-09-16T10:19:47+00:00\" \/>\n<meta name=\"twitter:card\" content=\"summary_large_image\" \/>\n<meta name=\"twitter:label1\" content=\"Tiempo de lectura\" \/>\n\t<meta name=\"twitter:data1\" content=\"4 minutos\" \/>\n<script type=\"application\/ld+json\" class=\"yoast-schema-graph\">{\"@context\":\"https:\\\/\\\/schema.org\",\"@graph\":[{\"@type\":\"WebPage\",\"@id\":\"https:\\\/\\\/adamant-real-estate.com\\\/es\\\/\",\"url\":\"https:\\\/\\\/adamant-real-estate.com\\\/es\\\/\",\"name\":\"INICIO - ADAMANT REAL ESTATE\",\"isPartOf\":{\"@id\":\"https:\\\/\\\/adamant-real-estate.com\\\/es\\\/#website\"},\"datePublished\":\"2020-08-26T12:43:01+00:00\",\"dateModified\":\"2021-09-16T10:19:47+00:00\",\"breadcrumb\":{\"@id\":\"https:\\\/\\\/adamant-real-estate.com\\\/es\\\/#breadcrumb\"},\"inLanguage\":\"es\",\"potentialAction\":[{\"@type\":\"ReadAction\",\"target\":[\"https:\\\/\\\/adamant-real-estate.com\\\/es\\\/\"]}]},{\"@type\":\"BreadcrumbList\",\"@id\":\"https:\\\/\\\/adamant-real-estate.com\\\/es\\\/#breadcrumb\",\"itemListElement\":[{\"@type\":\"ListItem\",\"position\":1,\"name\":\"Home\",\"item\":\"https:\\\/\\\/adamant-real-estate.com\\\/es\\\/\"},{\"@type\":\"ListItem\",\"position\":2,\"name\":\"INICIO\"}]},{\"@type\":\"WebSite\",\"@id\":\"https:\\\/\\\/adamant-real-estate.com\\\/es\\\/#website\",\"url\":\"https:\\\/\\\/adamant-real-estate.com\\\/es\\\/\",\"name\":\"ADAMANT REAL ESTATE\",\"description\":\"REAL ESTATE D\u00c9NIA COSTA BLANCA\",\"publisher\":{\"@id\":\"https:\\\/\\\/adamant-real-estate.com\\\/es\\\/#organization\"},\"potentialAction\":[{\"@type\":\"SearchAction\",\"target\":{\"@type\":\"EntryPoint\",\"urlTemplate\":\"https:\\\/\\\/adamant-real-estate.com\\\/es\\\/?s={search_term_string}\"},\"query-input\":{\"@type\":\"PropertyValueSpecification\",\"valueRequired\":true,\"valueName\":\"search_term_string\"}}],\"inLanguage\":\"es\"},{\"@type\":\"Organization\",\"@id\":\"https:\\\/\\\/adamant-real-estate.com\\\/es\\\/#organization\",\"name\":\"ADAMANT REAL ESTATE\",\"url\":\"https:\\\/\\\/adamant-real-estate.com\\\/es\\\/\",\"logo\":{\"@type\":\"ImageObject\",\"inLanguage\":\"es\",\"@id\":\"https:\\\/\\\/adamant-real-estate.com\\\/es\\\/#\\\/schema\\\/logo\\\/image\\\/\",\"url\":\"https:\\\/\\\/adamant-real-estate.com\\\/dev\\\/wp-content\\\/uploads\\\/2019\\\/08\\\/adamant-real-estate-denia-costa-blanca-logo5.png\",\"contentUrl\":\"https:\\\/\\\/adamant-real-estate.com\\\/dev\\\/wp-content\\\/uploads\\\/2019\\\/08\\\/adamant-real-estate-denia-costa-blanca-logo5.png\",\"width\":440,\"height\":100,\"caption\":\"ADAMANT REAL ESTATE\"},\"image\":{\"@id\":\"https:\\\/\\\/adamant-real-estate.com\\\/es\\\/#\\\/schema\\\/logo\\\/image\\\/\"}}]}<\/script>\n<!-- \/ Yoast SEO plugin. -->","yoast_head_json":{"title":"INICIO - ADAMANT REAL ESTATE","robots":{"index":"index","follow":"follow","max-snippet":"max-snippet:-1","max-image-preview":"max-image-preview:large","max-video-preview":"max-video-preview:-1"},"canonical":"https:\/\/adamant-real-estate.com\/es\/","og_locale":"es_ES","og_type":"article","og_title":"INICIO - ADAMANT REAL ESTATE","og_description":"[vc_row][vc_column][vc_custom_heading text=&#8221;\u00a1TUS SUE\u00d1OS PUEDEN HACERSE REALIDAD!&#8221; font_container=&#8221;tag:h1|text_align:left&#8221; google_fonts=&#8221;font_family:Roboto%3A100%2C100italic%2C300%2C300italic%2Cregular%2Citalic%2C500%2C500italic%2C700%2C700italic%2C900%2C900italic|font_style:500%20bold%20regular%3A500%3Anormal&#8221;][vc_row_inner][vc_column_inner width=&#8221;1\/2&#8243;][vc_column_text]\u00a1Deja volar tu imaginaci\u00f3n! Rel\u00e1jate en la terraza de la casa que siempre has so\u00f1ado y contempla las interminables playas de arena de la Costa Blanca o quiz\u00e1 puedes disfrutar de la tranquilidad y la paz de tu propia villa rodeada de naranjos, almendros, olivos y dejarte [&hellip;]","og_url":"https:\/\/adamant-real-estate.com\/es\/","og_site_name":"ADAMANT REAL ESTATE","article_modified_time":"2021-09-16T10:19:47+00:00","twitter_card":"summary_large_image","twitter_misc":{"Tiempo de lectura":"4 minutos"},"schema":{"@context":"https:\/\/schema.org","@graph":[{"@type":"WebPage","@id":"https:\/\/adamant-real-estate.com\/es\/","url":"https:\/\/adamant-real-estate.com\/es\/","name":"INICIO - ADAMANT REAL ESTATE","isPartOf":{"@id":"https:\/\/adamant-real-estate.com\/es\/#website"},"datePublished":"2020-08-26T12:43:01+00:00","dateModified":"2021-09-16T10:19:47+00:00","breadcrumb":{"@id":"https:\/\/adamant-real-estate.com\/es\/#breadcrumb"},"inLanguage":"es","potentialAction":[{"@type":"ReadAction","target":["https:\/\/adamant-real-estate.com\/es\/"]}]},{"@type":"BreadcrumbList","@id":"https:\/\/adamant-real-estate.com\/es\/#breadcrumb","itemListElement":[{"@type":"ListItem","position":1,"name":"Home","item":"https:\/\/adamant-real-estate.com\/es\/"},{"@type":"ListItem","position":2,"name":"INICIO"}]},{"@type":"WebSite","@id":"https:\/\/adamant-real-estate.com\/es\/#website","url":"https:\/\/adamant-real-estate.com\/es\/","name":"ADAMANT REAL ESTATE","description":"REAL ESTATE D\u00c9NIA COSTA BLANCA","publisher":{"@id":"https:\/\/adamant-real-estate.com\/es\/#organization"},"potentialAction":[{"@type":"SearchAction","target":{"@type":"EntryPoint","urlTemplate":"https:\/\/adamant-real-estate.com\/es\/?s={search_term_string}"},"query-input":{"@type":"PropertyValueSpecification","valueRequired":true,"valueName":"search_term_string"}}],"inLanguage":"es"},{"@type":"Organization","@id":"https:\/\/adamant-real-estate.com\/es\/#organization","name":"ADAMANT REAL ESTATE","url":"https:\/\/adamant-real-estate.com\/es\/","logo":{"@type":"ImageObject","inLanguage":"es","@id":"https:\/\/adamant-real-estate.com\/es\/#\/schema\/logo\/image\/","url":"https:\/\/adamant-real-estate.com\/dev\/wp-content\/uploads\/2019\/08\/adamant-real-estate-denia-costa-blanca-logo5.png","contentUrl":"https:\/\/adamant-real-estate.com\/dev\/wp-content\/uploads\/2019\/08\/adamant-real-estate-denia-costa-blanca-logo5.png","width":440,"height":100,"caption":"ADAMANT REAL ESTATE"},"image":{"@id":"https:\/\/adamant-real-estate.com\/es\/#\/schema\/logo\/image\/"}}]}},"_links":{"self":[{"href":"https:\/\/adamant-real-estate.com\/es\/wp-json\/wp\/v2\/pages\/17333","targetHints":{"allow":["GET"]}}],"collection":[{"href":"https:\/\/adamant-real-estate.com\/es\/wp-json\/wp\/v2\/pages"}],"about":[{"href":"https:\/\/adamant-real-estate.com\/es\/wp-json\/wp\/v2\/types\/page"}],"author":[{"embeddable":true,"href":"https:\/\/adamant-real-estate.com\/es\/wp-json\/wp\/v2\/users\/1"}],"replies":[{"embeddable":true,"href":"https:\/\/adamant-real-estate.com\/es\/wp-json\/wp\/v2\/comments?post=17333"}],"version-history":[{"count":8,"href":"https:\/\/adamant-real-estate.com\/es\/wp-json\/wp\/v2\/pages\/17333\/revisions"}],"predecessor-version":[{"id":17366,"href":"https:\/\/adamant-real-estate.com\/es\/wp-json\/wp\/v2\/pages\/17333\/revisions\/17366"}],"wp:attachment":[{"href":"https:\/\/adamant-real-estate.com\/es\/wp-json\/wp\/v2\/media?parent=17333"}],"curies":[{"name":"wp","href":"https:\/\/api.w.org\/{rel}","templated":true}]}}