{"id":17039,"date":"2019-07-31T13:00:01","date_gmt":"2019-07-31T12:00:01","guid":{"rendered":"https:\/\/adamant-real-estate.com\/dev\/denia-costa-blanca\/"},"modified":"2022-04-27T18:55:07","modified_gmt":"2022-04-27T16:55:07","slug":"denia-costa-blanca","status":"publish","type":"page","link":"https:\/\/adamant-real-estate.com\/de\/denia-costa-blanca\/","title":{"rendered":"DENIA"},"content":{"rendered":"<p>[vc_row][vc_column]<div style=\"clear:both; width:100%; height:50px\"><\/div>[vc_custom_heading text=&#8221;DENIA: EIN MEER VON M\u00d6GLICHKEITEN&#8221; font_container=&#8221;tag:h1|text_align:left&#8221; google_fonts=&#8221;font_family:Roboto%3A100%2C100italic%2C300%2C300italic%2Cregular%2Citalic%2C500%2C500italic%2C700%2C700italic%2C900%2C900italic|font_style:500%20bold%20regular%3A500%3Anormal&#8221;]<div style=\"clear:both; width:100%; height:30px\"><\/div>[vc_custom_heading text=&#8221;Sonne, Meer, Berge. Ein Lebensraum zum Geniessen und Tr\u00e4umen.&#8221; font_container=&#8221;tag:p|text_align:left&#8221; google_fonts=&#8221;font_family:Roboto%3A100%2C100italic%2C300%2C300italic%2Cregular%2Citalic%2C500%2C500italic%2C700%2C700italic%2C900%2C900italic|font_style:700%20bold%20regular%3A700%3Anormal&#8221;][vc_row_inner][vc_column_inner width=&#8221;1\/2&#8243;][vc_column_text]Das ganze Jahr \u00fcber zu allen Jahreszeiten hat die Costa Blanca Reizvolles zu bieten. Kaum sind die Patronatsfiestas zu Ende, mit dem Stiertreiben, Musik in den romantischen Strassen der Innenstadt, Menschen mit Freude am Leben, sind schon die \u00fcbenden Trommler f\u00fcr die \u201eMoros und Cristianos\u201c in Denia zu h\u00f6ren. Im ganzen Sommer sind in den umliegenden Orten Els Poblets, Ondara, El Verger, oder auch bis Calpe, Benidorm die traditionsreichen Fest lautstark zu Gange. In der Nacht vom 24. Juni erleuchtet die ganze K\u00fcstenlinie unter den Feuern von San Juan.[\/vc_column_text][\/vc_column_inner][vc_column_inner width=&#8221;1\/2&#8243;][vc_column_text]An den Str\u00e4nden liegen die Sonnenhungrigen und sehen den aktiven Wassersportlern zu, und erfrischen sich im blauen Meer. Sobald sich nachmittags der Wind erhebt, flattern die bunten Kites \u00fcber den blauen Himmel, die Bretter zischen durch die Wellen. Neulinge \u00fcben sich mit Paddelsurf, Kayak, Jetski, Neugierige tauchen in die Unterwasserwelt der Costa Blanca in ihrer Vielf\u00e4ltigkeit ein, wobei andere lautlos \u00fcber die Oberfl\u00e4che segeln und sich vom Wind tragen lassen.[\/vc_column_text][\/vc_column_inner][\/vc_row_inner][\/vc_column][\/vc_row][vc_row parallax=&#8221;content-moving&#8221; css=&#8221;.vc_custom_1567687620265{margin-top: 0px !important;margin-bottom: 0px !important;padding-top: 3px !important;padding-right: 1px !important;padding-bottom: 0px !important;padding-left: 2px !important;}&#8221; el_class=&#8221;masonry-gallery-padding&#8221;][vc_column][vc_media_grid element_width=&#8221;3&#8243; gap=&#8221;3&#8243; grid_id=&#8221;vc_gid:1603017023935-f5e10748-0284-8&#8243; include=&#8221;16261,16207,16859,15113&#8243;][\/vc_column][\/vc_row][vc_row full_width=&#8221;stretch_row&#8221; equal_height=&#8221;yes&#8221; content_placement=&#8221;middle&#8221; css=&#8221;.vc_custom_1567690471393{margin-right: 2px !important;margin-bottom: 0px !important;margin-left: 2px !important;padding-top: 0px !important;padding-bottom: 0px !important;}&#8221; el_class=&#8221;text-box-font-color&#8221;][vc_column width=&#8221;1\/2&#8243; css=&#8221;.vc_custom_1567687600907{padding-right: 5% !important;padding-left: 5% !important;background-color: rgba(25,46,91,0.03) !important;*background-color: rgb(25,46,91) !important;}&#8221; el_class=&#8221;box-padding-left&#8221;][vc_empty_space height=&#8221;50px&#8221; el_class=&#8221;text-box-padding-denia&#8221;][vc_column_text el_class=&#8221;text-box-font-color&#8221; css=&#8221;.vc_custom_1603017196408{padding-top: 15% !important;padding-bottom: 15% !important;}&#8221;]Das laute Horn der F\u00e4hre ert\u00f6nt weit \u00fcber Denia hinaus so dass alle das Signal zur Abfahrt nach Ibiza, Formentera und Mallorca h\u00f6ren k\u00f6nnen.<\/p>\n<p>Nicht nur die Menschen an der Costa Blanca verstehen es zu leben, und ihre Zeit mit allen Sinnen zu geniessen. Im Naturparadies des Cabo de San Antonio tummeln sich auch regelm\u00e4ssig Delfine und Wale.<\/p>\n<p>Wenn der Fr\u00fchling erwacht, laden die Berge zum Wandern ein und die T\u00e4ler tauchen in ein duftendes Rosa und Weiss der Mandel- und Obstbaumbl\u00fcten.[\/vc_column_text][vc_empty_space height=&#8221;50px&#8221; el_class=&#8221;text-box-padding-denia&#8221;][\/vc_column][vc_column parallax=&#8221;content-moving&#8221; width=&#8221;1\/2&#8243; css=&#8221;.vc_custom_1602402824608{padding-top: 50% !important;padding-bottom: 50% !important;background-image: url(https:\/\/adamant-real-estate.com\/dev\/wp-content\/uploads\/2019\/09\/pesca-Denia-Immobilien-Real-Estate-Inmobiliaria-Costa-Blanca-Spanien-Spain-1.jpg?id=16255) !important;background-position: center !important;background-repeat: no-repeat !important;background-size: cover !important;}&#8221; el_id=&#8221;box-padding-right&#8221;][\/vc_column][\/vc_row][vc_row parallax=&#8221;content-moving&#8221; css=&#8221;.vc_custom_1567685762724{margin-top: 0px !important;padding-top: 3px !important;padding-right: 1px !important;padding-left: 2px !important;}&#8221; el_class=&#8221;masonry-gallery-padding&#8221;][vc_column][vc_media_grid element_width=&#8221;3&#8243; gap=&#8221;3&#8243; grid_id=&#8221;vc_gid:1603017023937-253b1aec-0fb5-3&#8243; include=&#8221;16216,16285,16300,16177&#8243;][\/vc_column][\/vc_row][vc_row full_width=&#8221;stretch_row&#8221; equal_height=&#8221;yes&#8221; content_placement=&#8221;middle&#8221; css=&#8221;.vc_custom_1564640183497{margin-right: 2px !important;margin-bottom: 0px !important;margin-left: 2px !important;padding-bottom: 0px !important;}&#8221; el_class=&#8221;text-box-font-color&#8221;][vc_column parallax=&#8221;content-moving&#8221; width=&#8221;1\/2&#8243; css=&#8221;.vc_custom_1567683977885{padding-top: 50% !important;padding-bottom: 50% !important;background-image: url(https:\/\/adamant-real-estate.com\/dev\/wp-content\/uploads\/2019\/09\/atardecer-Costa-Blanca-Immobilien-Spanien-Spain-Real-Estate-Inmobiliaria-1.jpg?id=16288) !important;background-position: center !important;background-repeat: no-repeat !important;background-size: cover !important;}&#8221;][\/vc_column][vc_column width=&#8221;1\/2&#8243; css=&#8221;.vc_custom_1567688354514{padding-right: 5% !important;padding-left: 5% !important;background-color: rgba(25,46,91,0.03) !important;*background-color: rgb(25,46,91) !important;}&#8221; el_class=&#8221;box-padding-right&#8221;][vc_empty_space height=&#8221;50px&#8221; el_class=&#8221;text-box-padding-denia&#8221;][vc_column_text el_class=&#8221;text-box-font-color&#8221;]Die zauberhafte Abendstimmung mit dem Montg\u00f3 im Hintergrund animiert zum Relaxen nach einem ausgiebigen kulinarischen Genuss in einem der Restaurants, die angefangen bei der regionalen K\u00fcche von Land und Meer bis zu Degustationsmen\u00fcs mit Sternefunkeln zum Genuss verf\u00fchren.[\/vc_column_text][vc_empty_space height=&#8221;50px&#8221; el_class=&#8221;text-box-padding-denia&#8221;][\/vc_column][\/vc_row][vc_row parallax=&#8221;content-moving&#8221; css=&#8221;.vc_custom_1567685773003{margin-top: 0px !important;padding-top: 3px !important;padding-right: 1px !important;padding-left: 2px !important;}&#8221; el_class=&#8221;masonry-gallery-padding&#8221;][vc_column][vc_media_grid element_width=&#8221;3&#8243; gap=&#8221;3&#8243; grid_id=&#8221;vc_gid:1603017023940-3d944dd9-562a-2&#8243; include=&#8221;16210,16180,16321,16306&#8243;][\/vc_column][\/vc_row][vc_row full_width=&#8221;stretch_row&#8221; equal_height=&#8221;yes&#8221; content_placement=&#8221;middle&#8221; css=&#8221;.vc_custom_1564640183497{margin-right: 2px !important;margin-bottom: 0px !important;margin-left: 2px !important;padding-bottom: 0px !important;}&#8221; el_class=&#8221;text-box-font-color&#8221;][vc_column width=&#8221;1\/2&#8243; css=&#8221;.vc_custom_1567418856317{padding-right: 5% !important;padding-left: 5% !important;background-color: rgba(25,46,91,0.025) !important;*background-color: rgb(25,46,91) !important;}&#8221; el_class=&#8221;box-padding-left&#8221;][vc_empty_space height=&#8221;50px&#8221; el_class=&#8221;text-box-padding-denia&#8221;][vc_column_text el_class=&#8221;text-box-font-color&#8221;]Sie k\u00f6nnen Ihrer Fantasie freien Lauf lassen, Ihre Zeit nach Ihren Vorstellungen und Ideen geniessen, sei es mit einem Bootsausflug entlang der K\u00fcste, eine Exkursion in den Naturpark des Montg\u00f3, ein Erlebnistag auf einem Fischerboot, oder auch nur ganz einfach entspannt bei einer Sitzung f\u00fcr Sch\u00f6nheit und Gesundheit.[\/vc_column_text][vc_empty_space height=&#8221;50px&#8221; el_class=&#8221;text-box-padding-denia&#8221;][\/vc_column][vc_column parallax=&#8221;content-moving&#8221; width=&#8221;1\/2&#8243; css=&#8221;.vc_custom_1567684002318{padding-top: 50% !important;padding-bottom: 50% !important;background-image: url(https:\/\/adamant-real-estate.com\/dev\/wp-content\/uploads\/2019\/09\/Sailing-Denia-Immobilien-Real-Estate-Inmobiliaria-Costa-Blanca-Spanien-Spain-1.jpg?id=16264) !important;background-position: center !important;background-repeat: no-repeat !important;background-size: cover !important;}&#8221;][\/vc_column][\/vc_row][vc_row parallax=&#8221;content-moving&#8221; css=&#8221;.vc_custom_1567685786810{margin-top: 0px !important;padding-top: 3px !important;padding-right: 1px !important;padding-left: 2px !important;}&#8221; el_class=&#8221;masonry-gallery-padding&#8221;][vc_column][vc_media_grid element_width=&#8221;3&#8243; gap=&#8221;3&#8243; grid_id=&#8221;vc_gid:1603017023943-445b9207-bb16-1&#8243; include=&#8221;16309,16213,16234,16294&#8243;][\/vc_column][\/vc_row][vc_row full_width=&#8221;stretch_row&#8221; equal_height=&#8221;yes&#8221; content_placement=&#8221;middle&#8221; css=&#8221;.vc_custom_1564640183497{margin-right: 2px !important;margin-bottom: 0px !important;margin-left: 2px !important;padding-bottom: 0px !important;}&#8221; el_class=&#8221;text-box-font-color&#8221;][vc_column parallax=&#8221;content-moving&#8221; width=&#8221;1\/2&#8243; css=&#8221;.vc_custom_1602401942508{padding-top: 50% !important;padding-bottom: 50% !important;background-image: url(https:\/\/adamant-real-estate.com\/dev\/wp-content\/uploads\/2020\/10\/adamant-real-estate-immobilien-inmobiliaria-denia-costa-blanca-home-002.jpg?id=16888) !important;background-position: center !important;background-repeat: no-repeat !important;background-size: cover !important;}&#8221; el_class=&#8221;box-padding-left&#8221;][\/vc_column][vc_column width=&#8221;1\/2&#8243; css=&#8221;.vc_custom_1567688481687{padding-right: 5% !important;padding-left: 5% !important;background-color: rgba(25,46,91,0.03) !important;*background-color: rgb(25,46,91) !important;}&#8221; el_class=&#8221;box-padding-right&#8221;][vc_empty_space height=&#8221;50px&#8221; el_class=&#8221;text-box-padding-denia&#8221;][vc_column_text el_class=&#8221;text-box-font-color&#8221;]W\u00e4re es nicht fantastisch, wenn Sie die untergehende Sonne von Ihrer eigenen Terrasse mit Blick \u00fcber das Meer bei einem erfrischend k\u00fchlen Aguas de Valencia bewundern zu k\u00f6nnen? Da erh\u00e4lt der Begriff \u201eFernsehen\u201c eine ganz andere Bedeutung. Diese Momente des Lebens, das Jetzt und Hier, an der Costa Blanca zu erleben, ist ein Privileg, das auch f\u00fcr Sie erreichbar ist.[\/vc_column_text][vc_empty_space height=&#8221;50px&#8221; el_class=&#8221;text-box-padding-denia&#8221;][\/vc_column][\/vc_row][vc_row parallax=&#8221;content-moving&#8221; css=&#8221;.vc_custom_1567685796659{margin-top: 0px !important;padding-top: 3px !important;padding-right: 1px !important;padding-left: 2px !important;}&#8221; el_class=&#8221;masonry-gallery-padding&#8221;][vc_column][vc_media_grid element_width=&#8221;3&#8243; gap=&#8221;3&#8243; grid_id=&#8221;vc_gid:1603017023945-e215d600-553f-7&#8243; include=&#8221;16258,16231,16201,16931,16195,16174,16279,16243&#8243;][\/vc_column][\/vc_row][vc_row][vc_column][vc_empty_space height=&#8221;80px&#8221;][\/vc_column][\/vc_row]<\/p>\n","protected":false},"excerpt":{"rendered":"<p>[vc_row][vc_column][vc_custom_heading text=&#8221;DENIA: EIN MEER VON M\u00d6GLICHKEITEN&#8221; font_container=&#8221;tag:h1|text_align:left&#8221; google_fonts=&#8221;font_family:Roboto%3A100%2C100italic%2C300%2C300italic%2Cregular%2Citalic%2C500%2C500italic%2C700%2C700italic%2C900%2C900italic|font_style:500%20bold%20regular%3A500%3Anormal&#8221;][vc_custom_heading text=&#8221;Sonne, Meer, Berge. Ein Lebensraum zum Geniessen und Tr\u00e4umen.&#8221; font_container=&#8221;tag:p|text_align:left&#8221; google_fonts=&#8221;font_family:Roboto%3A100%2C100italic%2C300%2C300italic%2Cregular%2Citalic%2C500%2C500italic%2C700%2C700italic%2C900%2C900italic|font_style:700%20bold%20regular%3A700%3Anormal&#8221;][vc_row_inner][vc_column_inner width=&#8221;1\/2&#8243;][vc_column_text]Das ganze Jahr \u00fcber zu allen Jahreszeiten hat die Costa Blanca Reizvolles zu bieten. Kaum sind die Patronatsfiestas zu Ende, mit dem Stiertreiben, Musik in den romantischen Strassen der Innenstadt, Menschen mit Freude am Leben, sind [&hellip;]<\/p>\n","protected":false},"author":1,"featured_media":0,"parent":0,"menu_order":9,"comment_status":"closed","ping_status":"closed","template":"template\/template-homepage.php","meta":{"footnotes":""},"class_list":["post-17039","page","type-page","status-publish","hentry"],"yoast_head":"<!-- This site is optimized with the Yoast SEO plugin v27.3 - https:\/\/yoast.com\/product\/yoast-seo-wordpress\/ -->\n<title>DENIA - ADAMANT REAL ESTATE<\/title>\n<meta name=\"description\" content=\"Wir bieten Ihnen unseren umfassenden Service, beginnend bei der Suche nach Ihrer idealen Immobilie, Pr\u00fcfung und Bereitstellung aller notwendigen Dokumente, \u00fcber die Unterzeichnung der notariellen Kaufurkunde, bis zur Registrierung aller Vertr\u00e4ge auf Ihren Namen. Sie erhalten die Schl\u00fcssel und ziehen einfach ein und f\u00fchlen sich am Ziel angekommen.\" \/>\n<meta name=\"robots\" content=\"index, follow, max-snippet:-1, max-image-preview:large, max-video-preview:-1\" \/>\n<link rel=\"canonical\" href=\"https:\/\/adamant-real-estate.com\/de\/denia-costa-blanca\/\" \/>\n<meta property=\"og:locale\" content=\"de_DE\" \/>\n<meta property=\"og:type\" content=\"article\" \/>\n<meta property=\"og:title\" content=\"DENIA - ADAMANT REAL ESTATE\" \/>\n<meta property=\"og:description\" content=\"Wir bieten Ihnen unseren umfassenden Service, beginnend bei der Suche nach Ihrer idealen Immobilie, Pr\u00fcfung und Bereitstellung aller notwendigen Dokumente, \u00fcber die Unterzeichnung der notariellen Kaufurkunde, bis zur Registrierung aller Vertr\u00e4ge auf Ihren Namen. Sie erhalten die Schl\u00fcssel und ziehen einfach ein und f\u00fchlen sich am Ziel angekommen.\" \/>\n<meta property=\"og:url\" content=\"https:\/\/adamant-real-estate.com\/de\/denia-costa-blanca\/\" \/>\n<meta property=\"og:site_name\" content=\"ADAMANT REAL ESTATE\" \/>\n<meta property=\"article:modified_time\" content=\"2022-04-27T16:55:07+00:00\" \/>\n<meta name=\"twitter:card\" content=\"summary_large_image\" \/>\n<meta name=\"twitter:label1\" content=\"Gesch\u00e4tzte Lesezeit\" \/>\n\t<meta name=\"twitter:data1\" content=\"6\u00a0Minuten\" \/>\n<script type=\"application\/ld+json\" class=\"yoast-schema-graph\">{\"@context\":\"https:\\\/\\\/schema.org\",\"@graph\":[{\"@type\":\"WebPage\",\"@id\":\"https:\\\/\\\/adamant-real-estate.com\\\/de\\\/denia-costa-blanca\\\/\",\"url\":\"https:\\\/\\\/adamant-real-estate.com\\\/de\\\/denia-costa-blanca\\\/\",\"name\":\"DENIA - ADAMANT REAL ESTATE\",\"isPartOf\":{\"@id\":\"https:\\\/\\\/adamant-real-estate.com\\\/de\\\/#website\"},\"datePublished\":\"2019-07-31T12:00:01+00:00\",\"dateModified\":\"2022-04-27T16:55:07+00:00\",\"description\":\"Wir bieten Ihnen unseren umfassenden Service, beginnend bei der Suche nach Ihrer idealen Immobilie, Pr\u00fcfung und Bereitstellung aller notwendigen Dokumente, \u00fcber die Unterzeichnung der notariellen Kaufurkunde, bis zur Registrierung aller Vertr\u00e4ge auf Ihren Namen. Sie erhalten die Schl\u00fcssel und ziehen einfach ein und f\u00fchlen sich am Ziel angekommen.\",\"breadcrumb\":{\"@id\":\"https:\\\/\\\/adamant-real-estate.com\\\/de\\\/denia-costa-blanca\\\/#breadcrumb\"},\"inLanguage\":\"de\",\"potentialAction\":[{\"@type\":\"ReadAction\",\"target\":[\"https:\\\/\\\/adamant-real-estate.com\\\/de\\\/denia-costa-blanca\\\/\"]}]},{\"@type\":\"BreadcrumbList\",\"@id\":\"https:\\\/\\\/adamant-real-estate.com\\\/de\\\/denia-costa-blanca\\\/#breadcrumb\",\"itemListElement\":[{\"@type\":\"ListItem\",\"position\":1,\"name\":\"Home\",\"item\":\"https:\\\/\\\/adamant-real-estate.com\\\/de\\\/\"},{\"@type\":\"ListItem\",\"position\":2,\"name\":\"DENIA\"}]},{\"@type\":\"WebSite\",\"@id\":\"https:\\\/\\\/adamant-real-estate.com\\\/de\\\/#website\",\"url\":\"https:\\\/\\\/adamant-real-estate.com\\\/de\\\/\",\"name\":\"ADAMANT REAL ESTATE\",\"description\":\"REAL ESTATE D\u00c9NIA COSTA BLANCA\",\"publisher\":{\"@id\":\"https:\\\/\\\/adamant-real-estate.com\\\/de\\\/#organization\"},\"potentialAction\":[{\"@type\":\"SearchAction\",\"target\":{\"@type\":\"EntryPoint\",\"urlTemplate\":\"https:\\\/\\\/adamant-real-estate.com\\\/de\\\/?s={search_term_string}\"},\"query-input\":{\"@type\":\"PropertyValueSpecification\",\"valueRequired\":true,\"valueName\":\"search_term_string\"}}],\"inLanguage\":\"de\"},{\"@type\":\"Organization\",\"@id\":\"https:\\\/\\\/adamant-real-estate.com\\\/de\\\/#organization\",\"name\":\"ADAMANT REAL ESTATE\",\"url\":\"https:\\\/\\\/adamant-real-estate.com\\\/de\\\/\",\"logo\":{\"@type\":\"ImageObject\",\"inLanguage\":\"de\",\"@id\":\"https:\\\/\\\/adamant-real-estate.com\\\/de\\\/#\\\/schema\\\/logo\\\/image\\\/\",\"url\":\"https:\\\/\\\/adamant-real-estate.com\\\/dev\\\/wp-content\\\/uploads\\\/2019\\\/08\\\/adamant-real-estate-denia-costa-blanca-logo5.png\",\"contentUrl\":\"https:\\\/\\\/adamant-real-estate.com\\\/dev\\\/wp-content\\\/uploads\\\/2019\\\/08\\\/adamant-real-estate-denia-costa-blanca-logo5.png\",\"width\":440,\"height\":100,\"caption\":\"ADAMANT REAL ESTATE\"},\"image\":{\"@id\":\"https:\\\/\\\/adamant-real-estate.com\\\/de\\\/#\\\/schema\\\/logo\\\/image\\\/\"}}]}<\/script>\n<!-- \/ Yoast SEO plugin. -->","yoast_head_json":{"title":"DENIA - ADAMANT REAL ESTATE","description":"Wir bieten Ihnen unseren umfassenden Service, beginnend bei der Suche nach Ihrer idealen Immobilie, Pr\u00fcfung und Bereitstellung aller notwendigen Dokumente, \u00fcber die Unterzeichnung der notariellen Kaufurkunde, bis zur Registrierung aller Vertr\u00e4ge auf Ihren Namen. Sie erhalten die Schl\u00fcssel und ziehen einfach ein und f\u00fchlen sich am Ziel angekommen.","robots":{"index":"index","follow":"follow","max-snippet":"max-snippet:-1","max-image-preview":"max-image-preview:large","max-video-preview":"max-video-preview:-1"},"canonical":"https:\/\/adamant-real-estate.com\/de\/denia-costa-blanca\/","og_locale":"de_DE","og_type":"article","og_title":"DENIA - ADAMANT REAL ESTATE","og_description":"Wir bieten Ihnen unseren umfassenden Service, beginnend bei der Suche nach Ihrer idealen Immobilie, Pr\u00fcfung und Bereitstellung aller notwendigen Dokumente, \u00fcber die Unterzeichnung der notariellen Kaufurkunde, bis zur Registrierung aller Vertr\u00e4ge auf Ihren Namen. Sie erhalten die Schl\u00fcssel und ziehen einfach ein und f\u00fchlen sich am Ziel angekommen.","og_url":"https:\/\/adamant-real-estate.com\/de\/denia-costa-blanca\/","og_site_name":"ADAMANT REAL ESTATE","article_modified_time":"2022-04-27T16:55:07+00:00","twitter_card":"summary_large_image","twitter_misc":{"Gesch\u00e4tzte Lesezeit":"6\u00a0Minuten"},"schema":{"@context":"https:\/\/schema.org","@graph":[{"@type":"WebPage","@id":"https:\/\/adamant-real-estate.com\/de\/denia-costa-blanca\/","url":"https:\/\/adamant-real-estate.com\/de\/denia-costa-blanca\/","name":"DENIA - ADAMANT REAL ESTATE","isPartOf":{"@id":"https:\/\/adamant-real-estate.com\/de\/#website"},"datePublished":"2019-07-31T12:00:01+00:00","dateModified":"2022-04-27T16:55:07+00:00","description":"Wir bieten Ihnen unseren umfassenden Service, beginnend bei der Suche nach Ihrer idealen Immobilie, Pr\u00fcfung und Bereitstellung aller notwendigen Dokumente, \u00fcber die Unterzeichnung der notariellen Kaufurkunde, bis zur Registrierung aller Vertr\u00e4ge auf Ihren Namen. Sie erhalten die Schl\u00fcssel und ziehen einfach ein und f\u00fchlen sich am Ziel angekommen.","breadcrumb":{"@id":"https:\/\/adamant-real-estate.com\/de\/denia-costa-blanca\/#breadcrumb"},"inLanguage":"de","potentialAction":[{"@type":"ReadAction","target":["https:\/\/adamant-real-estate.com\/de\/denia-costa-blanca\/"]}]},{"@type":"BreadcrumbList","@id":"https:\/\/adamant-real-estate.com\/de\/denia-costa-blanca\/#breadcrumb","itemListElement":[{"@type":"ListItem","position":1,"name":"Home","item":"https:\/\/adamant-real-estate.com\/de\/"},{"@type":"ListItem","position":2,"name":"DENIA"}]},{"@type":"WebSite","@id":"https:\/\/adamant-real-estate.com\/de\/#website","url":"https:\/\/adamant-real-estate.com\/de\/","name":"ADAMANT REAL ESTATE","description":"REAL ESTATE D\u00c9NIA COSTA BLANCA","publisher":{"@id":"https:\/\/adamant-real-estate.com\/de\/#organization"},"potentialAction":[{"@type":"SearchAction","target":{"@type":"EntryPoint","urlTemplate":"https:\/\/adamant-real-estate.com\/de\/?s={search_term_string}"},"query-input":{"@type":"PropertyValueSpecification","valueRequired":true,"valueName":"search_term_string"}}],"inLanguage":"de"},{"@type":"Organization","@id":"https:\/\/adamant-real-estate.com\/de\/#organization","name":"ADAMANT REAL ESTATE","url":"https:\/\/adamant-real-estate.com\/de\/","logo":{"@type":"ImageObject","inLanguage":"de","@id":"https:\/\/adamant-real-estate.com\/de\/#\/schema\/logo\/image\/","url":"https:\/\/adamant-real-estate.com\/dev\/wp-content\/uploads\/2019\/08\/adamant-real-estate-denia-costa-blanca-logo5.png","contentUrl":"https:\/\/adamant-real-estate.com\/dev\/wp-content\/uploads\/2019\/08\/adamant-real-estate-denia-costa-blanca-logo5.png","width":440,"height":100,"caption":"ADAMANT REAL ESTATE"},"image":{"@id":"https:\/\/adamant-real-estate.com\/de\/#\/schema\/logo\/image\/"}}]}},"_links":{"self":[{"href":"https:\/\/adamant-real-estate.com\/de\/wp-json\/wp\/v2\/pages\/17039","targetHints":{"allow":["GET"]}}],"collection":[{"href":"https:\/\/adamant-real-estate.com\/de\/wp-json\/wp\/v2\/pages"}],"about":[{"href":"https:\/\/adamant-real-estate.com\/de\/wp-json\/wp\/v2\/types\/page"}],"author":[{"embeddable":true,"href":"https:\/\/adamant-real-estate.com\/de\/wp-json\/wp\/v2\/users\/1"}],"replies":[{"embeddable":true,"href":"https:\/\/adamant-real-estate.com\/de\/wp-json\/wp\/v2\/comments?post=17039"}],"version-history":[{"count":1,"href":"https:\/\/adamant-real-estate.com\/de\/wp-json\/wp\/v2\/pages\/17039\/revisions"}],"predecessor-version":[{"id":17041,"href":"https:\/\/adamant-real-estate.com\/de\/wp-json\/wp\/v2\/pages\/17039\/revisions\/17041"}],"wp:attachment":[{"href":"https:\/\/adamant-real-estate.com\/de\/wp-json\/wp\/v2\/media?parent=17039"}],"curies":[{"name":"wp","href":"https:\/\/api.w.org\/{rel}","templated":true}]}}