{"id":17034,"date":"2019-07-26T15:29:40","date_gmt":"2019-07-26T14:29:40","guid":{"rendered":"https:\/\/adamant-real-estate.com\/dev\/properties\/"},"modified":"2022-04-27T18:54:54","modified_gmt":"2022-04-27T16:54:54","slug":"immobilien","status":"publish","type":"page","link":"https:\/\/adamant-real-estate.com\/de\/immobilien\/","title":{"rendered":"Unsere Immobilien"},"content":{"rendered":"<p>[vc_row][vc_column width=&#8221;1\/2&#8243;][vc_column_text]Was auch immer Sie suchen: eine alleinstehende Villa mit au\u00dferordentlichem Blick, ein Stadthaus, ein Grundst\u00fcck auf dem Sie bauen k\u00f6nnen, ein Apartment am Strand, wovon auch immer Sie tr\u00e4umen, k\u00f6nnte schon auf Sie warten.[\/vc_column_text][\/vc_column][vc_column width=&#8221;1\/2&#8243;][vc_column_text]Wir bieten Ihnen unseren umfassenden Service, beginnend bei der Suche nach Ihrer idealen Immobilie, Pr\u00fcfung und Bereitstellung aller notwendigen Dokumente, \u00fcber die Unterzeichnung der notariellen Kaufurkunde, bis zur Registrierung aller Vertr\u00e4ge auf Ihren Namen. Sie erhalten die Schl\u00fcssel und ziehen einfach ein und f\u00fchlen sich am Ziel angekommen.[\/vc_column_text][\/vc_column][\/vc_row]<\/p>\n","protected":false},"excerpt":{"rendered":"<p>[vc_row][vc_column width=&#8221;1\/2&#8243;][vc_column_text]Was auch immer Sie suchen: eine alleinstehende Villa mit au\u00dferordentlichem Blick, ein Stadthaus, ein Grundst\u00fcck auf dem Sie bauen k\u00f6nnen, ein Apartment am Strand, wovon auch immer Sie tr\u00e4umen, k\u00f6nnte schon auf Sie warten.[\/vc_column_text][\/vc_column][vc_column width=&#8221;1\/2&#8243;][vc_column_text]Wir bieten Ihnen unseren umfassenden Service, beginnend bei der Suche nach Ihrer idealen Immobilie, Pr\u00fcfung und Bereitstellung aller notwendigen Dokumente, [&hellip;]<\/p>\n","protected":false},"author":1,"featured_media":0,"parent":0,"menu_order":17,"comment_status":"closed","ping_status":"closed","template":"template\/template-listing-grid-v2-fullwidth-2cols.php","meta":{"footnotes":""},"class_list":["post-17034","page","type-page","status-publish","hentry"],"yoast_head":"<!-- This site is optimized with the Yoast SEO plugin v27.3 - https:\/\/yoast.com\/product\/yoast-seo-wordpress\/ -->\n<title>Unsere Immobilien - ADAMANT REAL ESTATE<\/title>\n<meta name=\"description\" content=\"Wir bieten Ihnen unseren umfassenden Service, beginnend bei der Suche nach Ihrer idealen Immobilie, Pr\u00fcfung und Bereitstellung aller notwendigen Dokumente, \u00fcber die Unterzeichnung der notariellen Kaufurkunde, bis zur Registrierung aller Vertr\u00e4ge auf Ihren Namen. Sie erhalten die Schl\u00fcssel und ziehen einfach ein und f\u00fchlen sich am Ziel angekommen.\" \/>\n<meta name=\"robots\" content=\"index, follow, max-snippet:-1, max-image-preview:large, max-video-preview:-1\" \/>\n<link rel=\"canonical\" href=\"https:\/\/adamant-real-estate.com\/de\/immobilien\/\" \/>\n<meta property=\"og:locale\" content=\"de_DE\" \/>\n<meta property=\"og:type\" content=\"article\" \/>\n<meta property=\"og:title\" content=\"Unsere Immobilien - ADAMANT REAL ESTATE\" \/>\n<meta property=\"og:description\" content=\"Wir bieten Ihnen unseren umfassenden Service, beginnend bei der Suche nach Ihrer idealen Immobilie, Pr\u00fcfung und Bereitstellung aller notwendigen Dokumente, \u00fcber die Unterzeichnung der notariellen Kaufurkunde, bis zur Registrierung aller Vertr\u00e4ge auf Ihren Namen. Sie erhalten die Schl\u00fcssel und ziehen einfach ein und f\u00fchlen sich am Ziel angekommen.\" \/>\n<meta property=\"og:url\" content=\"https:\/\/adamant-real-estate.com\/de\/immobilien\/\" \/>\n<meta property=\"og:site_name\" content=\"ADAMANT REAL ESTATE\" \/>\n<meta property=\"article:modified_time\" content=\"2022-04-27T16:54:54+00:00\" \/>\n<meta name=\"twitter:card\" content=\"summary_large_image\" \/>\n<meta name=\"twitter:label1\" content=\"Gesch\u00e4tzte Lesezeit\" \/>\n\t<meta name=\"twitter:data1\" content=\"1\u00a0Minute\" \/>\n<script type=\"application\/ld+json\" class=\"yoast-schema-graph\">{\"@context\":\"https:\\\/\\\/schema.org\",\"@graph\":[{\"@type\":\"WebPage\",\"@id\":\"https:\\\/\\\/adamant-real-estate.com\\\/de\\\/immobilien\\\/\",\"url\":\"https:\\\/\\\/adamant-real-estate.com\\\/de\\\/immobilien\\\/\",\"name\":\"Unsere Immobilien - ADAMANT REAL ESTATE\",\"isPartOf\":{\"@id\":\"https:\\\/\\\/adamant-real-estate.com\\\/de\\\/#website\"},\"datePublished\":\"2019-07-26T14:29:40+00:00\",\"dateModified\":\"2022-04-27T16:54:54+00:00\",\"description\":\"Wir bieten Ihnen unseren umfassenden Service, beginnend bei der Suche nach Ihrer idealen Immobilie, Pr\u00fcfung und Bereitstellung aller notwendigen Dokumente, \u00fcber die Unterzeichnung der notariellen Kaufurkunde, bis zur Registrierung aller Vertr\u00e4ge auf Ihren Namen. Sie erhalten die Schl\u00fcssel und ziehen einfach ein und f\u00fchlen sich am Ziel angekommen.\",\"breadcrumb\":{\"@id\":\"https:\\\/\\\/adamant-real-estate.com\\\/de\\\/immobilien\\\/#breadcrumb\"},\"inLanguage\":\"de\",\"potentialAction\":[{\"@type\":\"ReadAction\",\"target\":[\"https:\\\/\\\/adamant-real-estate.com\\\/de\\\/immobilien\\\/\"]}]},{\"@type\":\"BreadcrumbList\",\"@id\":\"https:\\\/\\\/adamant-real-estate.com\\\/de\\\/immobilien\\\/#breadcrumb\",\"itemListElement\":[{\"@type\":\"ListItem\",\"position\":1,\"name\":\"Home\",\"item\":\"https:\\\/\\\/adamant-real-estate.com\\\/de\\\/\"},{\"@type\":\"ListItem\",\"position\":2,\"name\":\"Unsere Immobilien\"}]},{\"@type\":\"WebSite\",\"@id\":\"https:\\\/\\\/adamant-real-estate.com\\\/de\\\/#website\",\"url\":\"https:\\\/\\\/adamant-real-estate.com\\\/de\\\/\",\"name\":\"ADAMANT REAL ESTATE\",\"description\":\"REAL ESTATE D\u00c9NIA COSTA BLANCA\",\"publisher\":{\"@id\":\"https:\\\/\\\/adamant-real-estate.com\\\/de\\\/#organization\"},\"potentialAction\":[{\"@type\":\"SearchAction\",\"target\":{\"@type\":\"EntryPoint\",\"urlTemplate\":\"https:\\\/\\\/adamant-real-estate.com\\\/de\\\/?s={search_term_string}\"},\"query-input\":{\"@type\":\"PropertyValueSpecification\",\"valueRequired\":true,\"valueName\":\"search_term_string\"}}],\"inLanguage\":\"de\"},{\"@type\":\"Organization\",\"@id\":\"https:\\\/\\\/adamant-real-estate.com\\\/de\\\/#organization\",\"name\":\"ADAMANT REAL ESTATE\",\"url\":\"https:\\\/\\\/adamant-real-estate.com\\\/de\\\/\",\"logo\":{\"@type\":\"ImageObject\",\"inLanguage\":\"de\",\"@id\":\"https:\\\/\\\/adamant-real-estate.com\\\/de\\\/#\\\/schema\\\/logo\\\/image\\\/\",\"url\":\"https:\\\/\\\/adamant-real-estate.com\\\/dev\\\/wp-content\\\/uploads\\\/2019\\\/08\\\/adamant-real-estate-denia-costa-blanca-logo5.png\",\"contentUrl\":\"https:\\\/\\\/adamant-real-estate.com\\\/dev\\\/wp-content\\\/uploads\\\/2019\\\/08\\\/adamant-real-estate-denia-costa-blanca-logo5.png\",\"width\":440,\"height\":100,\"caption\":\"ADAMANT REAL ESTATE\"},\"image\":{\"@id\":\"https:\\\/\\\/adamant-real-estate.com\\\/de\\\/#\\\/schema\\\/logo\\\/image\\\/\"}}]}<\/script>\n<!-- \/ Yoast SEO plugin. -->","yoast_head_json":{"title":"Unsere Immobilien - ADAMANT REAL ESTATE","description":"Wir bieten Ihnen unseren umfassenden Service, beginnend bei der Suche nach Ihrer idealen Immobilie, Pr\u00fcfung und Bereitstellung aller notwendigen Dokumente, \u00fcber die Unterzeichnung der notariellen Kaufurkunde, bis zur Registrierung aller Vertr\u00e4ge auf Ihren Namen. Sie erhalten die Schl\u00fcssel und ziehen einfach ein und f\u00fchlen sich am Ziel angekommen.","robots":{"index":"index","follow":"follow","max-snippet":"max-snippet:-1","max-image-preview":"max-image-preview:large","max-video-preview":"max-video-preview:-1"},"canonical":"https:\/\/adamant-real-estate.com\/de\/immobilien\/","og_locale":"de_DE","og_type":"article","og_title":"Unsere Immobilien - ADAMANT REAL ESTATE","og_description":"Wir bieten Ihnen unseren umfassenden Service, beginnend bei der Suche nach Ihrer idealen Immobilie, Pr\u00fcfung und Bereitstellung aller notwendigen Dokumente, \u00fcber die Unterzeichnung der notariellen Kaufurkunde, bis zur Registrierung aller Vertr\u00e4ge auf Ihren Namen. Sie erhalten die Schl\u00fcssel und ziehen einfach ein und f\u00fchlen sich am Ziel angekommen.","og_url":"https:\/\/adamant-real-estate.com\/de\/immobilien\/","og_site_name":"ADAMANT REAL ESTATE","article_modified_time":"2022-04-27T16:54:54+00:00","twitter_card":"summary_large_image","twitter_misc":{"Gesch\u00e4tzte Lesezeit":"1\u00a0Minute"},"schema":{"@context":"https:\/\/schema.org","@graph":[{"@type":"WebPage","@id":"https:\/\/adamant-real-estate.com\/de\/immobilien\/","url":"https:\/\/adamant-real-estate.com\/de\/immobilien\/","name":"Unsere Immobilien - ADAMANT REAL ESTATE","isPartOf":{"@id":"https:\/\/adamant-real-estate.com\/de\/#website"},"datePublished":"2019-07-26T14:29:40+00:00","dateModified":"2022-04-27T16:54:54+00:00","description":"Wir bieten Ihnen unseren umfassenden Service, beginnend bei der Suche nach Ihrer idealen Immobilie, Pr\u00fcfung und Bereitstellung aller notwendigen Dokumente, \u00fcber die Unterzeichnung der notariellen Kaufurkunde, bis zur Registrierung aller Vertr\u00e4ge auf Ihren Namen. Sie erhalten die Schl\u00fcssel und ziehen einfach ein und f\u00fchlen sich am Ziel angekommen.","breadcrumb":{"@id":"https:\/\/adamant-real-estate.com\/de\/immobilien\/#breadcrumb"},"inLanguage":"de","potentialAction":[{"@type":"ReadAction","target":["https:\/\/adamant-real-estate.com\/de\/immobilien\/"]}]},{"@type":"BreadcrumbList","@id":"https:\/\/adamant-real-estate.com\/de\/immobilien\/#breadcrumb","itemListElement":[{"@type":"ListItem","position":1,"name":"Home","item":"https:\/\/adamant-real-estate.com\/de\/"},{"@type":"ListItem","position":2,"name":"Unsere Immobilien"}]},{"@type":"WebSite","@id":"https:\/\/adamant-real-estate.com\/de\/#website","url":"https:\/\/adamant-real-estate.com\/de\/","name":"ADAMANT REAL ESTATE","description":"REAL ESTATE D\u00c9NIA COSTA BLANCA","publisher":{"@id":"https:\/\/adamant-real-estate.com\/de\/#organization"},"potentialAction":[{"@type":"SearchAction","target":{"@type":"EntryPoint","urlTemplate":"https:\/\/adamant-real-estate.com\/de\/?s={search_term_string}"},"query-input":{"@type":"PropertyValueSpecification","valueRequired":true,"valueName":"search_term_string"}}],"inLanguage":"de"},{"@type":"Organization","@id":"https:\/\/adamant-real-estate.com\/de\/#organization","name":"ADAMANT REAL ESTATE","url":"https:\/\/adamant-real-estate.com\/de\/","logo":{"@type":"ImageObject","inLanguage":"de","@id":"https:\/\/adamant-real-estate.com\/de\/#\/schema\/logo\/image\/","url":"https:\/\/adamant-real-estate.com\/dev\/wp-content\/uploads\/2019\/08\/adamant-real-estate-denia-costa-blanca-logo5.png","contentUrl":"https:\/\/adamant-real-estate.com\/dev\/wp-content\/uploads\/2019\/08\/adamant-real-estate-denia-costa-blanca-logo5.png","width":440,"height":100,"caption":"ADAMANT REAL ESTATE"},"image":{"@id":"https:\/\/adamant-real-estate.com\/de\/#\/schema\/logo\/image\/"}}]}},"_links":{"self":[{"href":"https:\/\/adamant-real-estate.com\/de\/wp-json\/wp\/v2\/pages\/17034","targetHints":{"allow":["GET"]}}],"collection":[{"href":"https:\/\/adamant-real-estate.com\/de\/wp-json\/wp\/v2\/pages"}],"about":[{"href":"https:\/\/adamant-real-estate.com\/de\/wp-json\/wp\/v2\/types\/page"}],"author":[{"embeddable":true,"href":"https:\/\/adamant-real-estate.com\/de\/wp-json\/wp\/v2\/users\/1"}],"replies":[{"embeddable":true,"href":"https:\/\/adamant-real-estate.com\/de\/wp-json\/wp\/v2\/comments?post=17034"}],"version-history":[{"count":4,"href":"https:\/\/adamant-real-estate.com\/de\/wp-json\/wp\/v2\/pages\/17034\/revisions"}],"predecessor-version":[{"id":17270,"href":"https:\/\/adamant-real-estate.com\/de\/wp-json\/wp\/v2\/pages\/17034\/revisions\/17270"}],"wp:attachment":[{"href":"https:\/\/adamant-real-estate.com\/de\/wp-json\/wp\/v2\/media?parent=17034"}],"curies":[{"name":"wp","href":"https:\/\/api.w.org\/{rel}","templated":true}]}}