{"id":17020,"date":"2019-07-31T11:43:35","date_gmt":"2019-07-31T10:43:35","guid":{"rendered":"https:\/\/adamant-real-estate.com\/dev\/adamant-real-estate-agency-denia\/"},"modified":"2023-10-04T13:02:31","modified_gmt":"2023-10-04T11:02:31","slug":"adamant-immobilien-agentur-denia","status":"publish","type":"page","link":"https:\/\/adamant-real-estate.com\/de\/adamant-immobilien-agentur-denia\/","title":{"rendered":"ADAMANT"},"content":{"rendered":"<p>[vc_row][vc_column]<div style=\"clear:both; width:100%; height:50px\"><\/div>[vc_custom_heading text=&#8221;IHR PARTNER F\u00dcR IMMOBILIEN IN DENIA.&#8221; font_container=&#8221;tag:h1|text_align:left&#8221; google_fonts=&#8221;font_family:Roboto%3A100%2C100italic%2C300%2C300italic%2Cregular%2Citalic%2C500%2C500italic%2C700%2C700italic%2C900%2C900italic|font_style:500%20bold%20regular%3A500%3Anormal&#8221;]<div style=\"clear:both; width:100%; height:30px\"><\/div>[vc_row_inner][vc_column_inner width=&#8221;1\/2&#8243;][vc_column_text]<\/p>\n<p class=\"p1\">Wir suchen f\u00fcr Sie in aller Ruhe interessante und individuelle Immobilien an der Costa Blanca und finden zusammen mit Ihnen die Wohnung oder das Haus, von dem Sie schon getr\u00e4umt haben.<\/p>\n<p class=\"p1\"><span class=\"s1\">Unser Team ber\u00e4t Sie in allen steuerlichen und abwicklungstechnischen Belangen, und wir stellen Ihnen ebenfalls die Betreuung unseres technischen Beraters zur Verf\u00fcgung. Greifen Sie gerne auf unsere langj\u00e4hrige Erfahrung mit den Notaren und Grundbuch\u00e4mtern sowie den Gemeindebau\u00e4mtern vor Ort zur\u00fcck. Durch unsere T\u00e4tigkeit als steuerberatende Firma sind wir in Steuerfragen stets auf dem aktuellen Stand.<\/span><\/p>\n<p>[\/vc_column_text][\/vc_column_inner][vc_column_inner width=&#8221;1\/2&#8243;][vc_column_text]<\/p>\n<p class=\"p1\">Bevor Sie Ihre Entscheidung zum Kauf Ihres Wunschobjektes treffen, kalkulieren wir f\u00fcr Sie die gesamten Kaufkosten und kl\u00e4ren offene Fragen direkt mit dem Eigent\u00fcmer. Alle Registrierungen in den Grundb\u00fcchern haben wir von Anfang an vorliegen und wir begleiten Sie pers\u00f6nlich zur notariellen Beurkundung des Kaufs so wie auch selbstverst\u00e4ndlich nach erfolgreicher Umschreibung bei allen \u00c4mtern und Energieversorgern.<\/p>\n<p>[\/vc_column_text][vc_column_text]<\/p>\n<p class=\"p1\"><span class=\"s1\" style=\"color: #ea571b;\">Registrierung der Immobilienmakler in der Generalitat Valenciana Nr. 0602<\/span><\/p>\n<p>[\/vc_column_text][\/vc_column_inner][\/vc_row_inner]<div style=\"clear:both; width:100%; height:30px\"><\/div>[\/vc_column][\/vc_row][vc_row full_width=&#8221;stretch_row&#8221; parallax=&#8221;content-moving&#8221; css=&#8221;.vc_custom_1603178866198{margin-right: 2px !important;margin-left: 2px !important;padding-top: 180px !important;padding-bottom: 180px !important;background-image: url(https:\/\/adamant-real-estate.com\/dev\/wp-content\/uploads\/2020\/10\/Adamant-Immobilien-Real-Estate-Inmobiliaria-Costa-Blanca-Spanien-Spain-021.jpg?id=17085) !important;background-position: center;background-repeat: no-repeat !important;background-size: contain !important;}&#8221; el_class=&#8221;background-picture-fixed&#8221;][vc_column][vc_custom_heading text=&#8221;IHRE TR\u00c4UME K\u00d6NNEN WAHR WERDEN!&#8221; font_container=&#8221;tag:p|font_size:50|text_align:center|color:%23ffffff&#8221; use_theme_fonts=&#8221;yes&#8221; css_animation=&#8221;slideInUp&#8221;][\/vc_column][\/vc_row][vc_row][vc_column][vc_empty_space height=&#8221;70px&#8221;][vc_btn title=&#8221;KAUFEN SIE MIT UNS \u2013 VERKAUFEN SIE MIT UNS.&#8221; style=&#8221;flat&#8221; shape=&#8221;square&#8221; color=&#8221;white&#8221; link=&#8221;url:https%3A%2F%2Fadamant-real-estate.com%2Fdev%2Fde%2Fkontakt%2F|title:CONTACT||&#8221;][\/vc_column][\/vc_row][vc_row][vc_column][vc_empty_space height=&#8221;80px&#8221;][\/vc_column][\/vc_row]<\/p>\n","protected":false},"excerpt":{"rendered":"<p>[vc_row][vc_column][vc_custom_heading text=&#8221;IHR PARTNER F\u00dcR IMMOBILIEN IN DENIA.&#8221; font_container=&#8221;tag:h1|text_align:left&#8221; google_fonts=&#8221;font_family:Roboto%3A100%2C100italic%2C300%2C300italic%2Cregular%2Citalic%2C500%2C500italic%2C700%2C700italic%2C900%2C900italic|font_style:500%20bold%20regular%3A500%3Anormal&#8221;][vc_row_inner][vc_column_inner width=&#8221;1\/2&#8243;][vc_column_text] Wir suchen f\u00fcr Sie in aller Ruhe interessante und individuelle Immobilien an der Costa Blanca und finden zusammen mit Ihnen die Wohnung oder das Haus, von dem Sie schon getr\u00e4umt haben. Unser Team ber\u00e4t Sie in allen steuerlichen und abwicklungstechnischen Belangen, und wir stellen Ihnen [&hellip;]<\/p>\n","protected":false},"author":1,"featured_media":0,"parent":0,"menu_order":16,"comment_status":"closed","ping_status":"closed","template":"template\/template-homepage.php","meta":{"footnotes":""},"class_list":["post-17020","page","type-page","status-publish","hentry"],"yoast_head":"<!-- This site is optimized with the Yoast SEO plugin v27.3 - https:\/\/yoast.com\/product\/yoast-seo-wordpress\/ -->\n<title>ADAMANT - ADAMANT REAL ESTATE<\/title>\n<meta name=\"description\" content=\"Wir bieten Ihnen unseren umfassenden Service, beginnend bei der Suche nach Ihrer idealen Immobilie, Pr\u00fcfung und Bereitstellung aller notwendigen Dokumente, \u00fcber die Unterzeichnung der notariellen Kaufurkunde, bis zur Registrierung aller Vertr\u00e4ge auf Ihren Namen. Sie erhalten die Schl\u00fcssel und ziehen einfach ein und f\u00fchlen sich am Ziel angekommen.\" \/>\n<meta name=\"robots\" content=\"index, follow, max-snippet:-1, max-image-preview:large, max-video-preview:-1\" \/>\n<link rel=\"canonical\" href=\"https:\/\/adamant-real-estate.com\/de\/adamant-immobilien-agentur-denia\/\" \/>\n<meta property=\"og:locale\" content=\"de_DE\" \/>\n<meta property=\"og:type\" content=\"article\" \/>\n<meta property=\"og:title\" content=\"ADAMANT - ADAMANT REAL ESTATE\" \/>\n<meta property=\"og:description\" content=\"Wir bieten Ihnen unseren umfassenden Service, beginnend bei der Suche nach Ihrer idealen Immobilie, Pr\u00fcfung und Bereitstellung aller notwendigen Dokumente, \u00fcber die Unterzeichnung der notariellen Kaufurkunde, bis zur Registrierung aller Vertr\u00e4ge auf Ihren Namen. Sie erhalten die Schl\u00fcssel und ziehen einfach ein und f\u00fchlen sich am Ziel angekommen.\" \/>\n<meta property=\"og:url\" content=\"https:\/\/adamant-real-estate.com\/de\/adamant-immobilien-agentur-denia\/\" \/>\n<meta property=\"og:site_name\" content=\"ADAMANT REAL ESTATE\" \/>\n<meta property=\"article:modified_time\" content=\"2023-10-04T11:02:31+00:00\" \/>\n<meta name=\"twitter:card\" content=\"summary_large_image\" \/>\n<meta name=\"twitter:label1\" content=\"Gesch\u00e4tzte Lesezeit\" \/>\n\t<meta name=\"twitter:data1\" content=\"2\u00a0Minuten\" \/>\n<script type=\"application\/ld+json\" class=\"yoast-schema-graph\">{\"@context\":\"https:\\\/\\\/schema.org\",\"@graph\":[{\"@type\":\"WebPage\",\"@id\":\"https:\\\/\\\/adamant-real-estate.com\\\/de\\\/adamant-immobilien-agentur-denia\\\/\",\"url\":\"https:\\\/\\\/adamant-real-estate.com\\\/de\\\/adamant-immobilien-agentur-denia\\\/\",\"name\":\"ADAMANT - ADAMANT REAL ESTATE\",\"isPartOf\":{\"@id\":\"https:\\\/\\\/adamant-real-estate.com\\\/de\\\/#website\"},\"datePublished\":\"2019-07-31T10:43:35+00:00\",\"dateModified\":\"2023-10-04T11:02:31+00:00\",\"description\":\"Wir bieten Ihnen unseren umfassenden Service, beginnend bei der Suche nach Ihrer idealen Immobilie, Pr\u00fcfung und Bereitstellung aller notwendigen Dokumente, \u00fcber die Unterzeichnung der notariellen Kaufurkunde, bis zur Registrierung aller Vertr\u00e4ge auf Ihren Namen. Sie erhalten die Schl\u00fcssel und ziehen einfach ein und f\u00fchlen sich am Ziel angekommen.\",\"breadcrumb\":{\"@id\":\"https:\\\/\\\/adamant-real-estate.com\\\/de\\\/adamant-immobilien-agentur-denia\\\/#breadcrumb\"},\"inLanguage\":\"de\",\"potentialAction\":[{\"@type\":\"ReadAction\",\"target\":[\"https:\\\/\\\/adamant-real-estate.com\\\/de\\\/adamant-immobilien-agentur-denia\\\/\"]}]},{\"@type\":\"BreadcrumbList\",\"@id\":\"https:\\\/\\\/adamant-real-estate.com\\\/de\\\/adamant-immobilien-agentur-denia\\\/#breadcrumb\",\"itemListElement\":[{\"@type\":\"ListItem\",\"position\":1,\"name\":\"Home\",\"item\":\"https:\\\/\\\/adamant-real-estate.com\\\/de\\\/\"},{\"@type\":\"ListItem\",\"position\":2,\"name\":\"ADAMANT\"}]},{\"@type\":\"WebSite\",\"@id\":\"https:\\\/\\\/adamant-real-estate.com\\\/de\\\/#website\",\"url\":\"https:\\\/\\\/adamant-real-estate.com\\\/de\\\/\",\"name\":\"ADAMANT REAL ESTATE\",\"description\":\"REAL ESTATE D\u00c9NIA COSTA BLANCA\",\"publisher\":{\"@id\":\"https:\\\/\\\/adamant-real-estate.com\\\/de\\\/#organization\"},\"potentialAction\":[{\"@type\":\"SearchAction\",\"target\":{\"@type\":\"EntryPoint\",\"urlTemplate\":\"https:\\\/\\\/adamant-real-estate.com\\\/de\\\/?s={search_term_string}\"},\"query-input\":{\"@type\":\"PropertyValueSpecification\",\"valueRequired\":true,\"valueName\":\"search_term_string\"}}],\"inLanguage\":\"de\"},{\"@type\":\"Organization\",\"@id\":\"https:\\\/\\\/adamant-real-estate.com\\\/de\\\/#organization\",\"name\":\"ADAMANT REAL ESTATE\",\"url\":\"https:\\\/\\\/adamant-real-estate.com\\\/de\\\/\",\"logo\":{\"@type\":\"ImageObject\",\"inLanguage\":\"de\",\"@id\":\"https:\\\/\\\/adamant-real-estate.com\\\/de\\\/#\\\/schema\\\/logo\\\/image\\\/\",\"url\":\"https:\\\/\\\/adamant-real-estate.com\\\/dev\\\/wp-content\\\/uploads\\\/2019\\\/08\\\/adamant-real-estate-denia-costa-blanca-logo5.png\",\"contentUrl\":\"https:\\\/\\\/adamant-real-estate.com\\\/dev\\\/wp-content\\\/uploads\\\/2019\\\/08\\\/adamant-real-estate-denia-costa-blanca-logo5.png\",\"width\":440,\"height\":100,\"caption\":\"ADAMANT REAL ESTATE\"},\"image\":{\"@id\":\"https:\\\/\\\/adamant-real-estate.com\\\/de\\\/#\\\/schema\\\/logo\\\/image\\\/\"}}]}<\/script>\n<!-- \/ Yoast SEO plugin. -->","yoast_head_json":{"title":"ADAMANT - ADAMANT REAL ESTATE","description":"Wir bieten Ihnen unseren umfassenden Service, beginnend bei der Suche nach Ihrer idealen Immobilie, Pr\u00fcfung und Bereitstellung aller notwendigen Dokumente, \u00fcber die Unterzeichnung der notariellen Kaufurkunde, bis zur Registrierung aller Vertr\u00e4ge auf Ihren Namen. Sie erhalten die Schl\u00fcssel und ziehen einfach ein und f\u00fchlen sich am Ziel angekommen.","robots":{"index":"index","follow":"follow","max-snippet":"max-snippet:-1","max-image-preview":"max-image-preview:large","max-video-preview":"max-video-preview:-1"},"canonical":"https:\/\/adamant-real-estate.com\/de\/adamant-immobilien-agentur-denia\/","og_locale":"de_DE","og_type":"article","og_title":"ADAMANT - ADAMANT REAL ESTATE","og_description":"Wir bieten Ihnen unseren umfassenden Service, beginnend bei der Suche nach Ihrer idealen Immobilie, Pr\u00fcfung und Bereitstellung aller notwendigen Dokumente, \u00fcber die Unterzeichnung der notariellen Kaufurkunde, bis zur Registrierung aller Vertr\u00e4ge auf Ihren Namen. Sie erhalten die Schl\u00fcssel und ziehen einfach ein und f\u00fchlen sich am Ziel angekommen.","og_url":"https:\/\/adamant-real-estate.com\/de\/adamant-immobilien-agentur-denia\/","og_site_name":"ADAMANT REAL ESTATE","article_modified_time":"2023-10-04T11:02:31+00:00","twitter_card":"summary_large_image","twitter_misc":{"Gesch\u00e4tzte Lesezeit":"2\u00a0Minuten"},"schema":{"@context":"https:\/\/schema.org","@graph":[{"@type":"WebPage","@id":"https:\/\/adamant-real-estate.com\/de\/adamant-immobilien-agentur-denia\/","url":"https:\/\/adamant-real-estate.com\/de\/adamant-immobilien-agentur-denia\/","name":"ADAMANT - ADAMANT REAL ESTATE","isPartOf":{"@id":"https:\/\/adamant-real-estate.com\/de\/#website"},"datePublished":"2019-07-31T10:43:35+00:00","dateModified":"2023-10-04T11:02:31+00:00","description":"Wir bieten Ihnen unseren umfassenden Service, beginnend bei der Suche nach Ihrer idealen Immobilie, Pr\u00fcfung und Bereitstellung aller notwendigen Dokumente, \u00fcber die Unterzeichnung der notariellen Kaufurkunde, bis zur Registrierung aller Vertr\u00e4ge auf Ihren Namen. Sie erhalten die Schl\u00fcssel und ziehen einfach ein und f\u00fchlen sich am Ziel angekommen.","breadcrumb":{"@id":"https:\/\/adamant-real-estate.com\/de\/adamant-immobilien-agentur-denia\/#breadcrumb"},"inLanguage":"de","potentialAction":[{"@type":"ReadAction","target":["https:\/\/adamant-real-estate.com\/de\/adamant-immobilien-agentur-denia\/"]}]},{"@type":"BreadcrumbList","@id":"https:\/\/adamant-real-estate.com\/de\/adamant-immobilien-agentur-denia\/#breadcrumb","itemListElement":[{"@type":"ListItem","position":1,"name":"Home","item":"https:\/\/adamant-real-estate.com\/de\/"},{"@type":"ListItem","position":2,"name":"ADAMANT"}]},{"@type":"WebSite","@id":"https:\/\/adamant-real-estate.com\/de\/#website","url":"https:\/\/adamant-real-estate.com\/de\/","name":"ADAMANT REAL ESTATE","description":"REAL ESTATE D\u00c9NIA COSTA BLANCA","publisher":{"@id":"https:\/\/adamant-real-estate.com\/de\/#organization"},"potentialAction":[{"@type":"SearchAction","target":{"@type":"EntryPoint","urlTemplate":"https:\/\/adamant-real-estate.com\/de\/?s={search_term_string}"},"query-input":{"@type":"PropertyValueSpecification","valueRequired":true,"valueName":"search_term_string"}}],"inLanguage":"de"},{"@type":"Organization","@id":"https:\/\/adamant-real-estate.com\/de\/#organization","name":"ADAMANT REAL ESTATE","url":"https:\/\/adamant-real-estate.com\/de\/","logo":{"@type":"ImageObject","inLanguage":"de","@id":"https:\/\/adamant-real-estate.com\/de\/#\/schema\/logo\/image\/","url":"https:\/\/adamant-real-estate.com\/dev\/wp-content\/uploads\/2019\/08\/adamant-real-estate-denia-costa-blanca-logo5.png","contentUrl":"https:\/\/adamant-real-estate.com\/dev\/wp-content\/uploads\/2019\/08\/adamant-real-estate-denia-costa-blanca-logo5.png","width":440,"height":100,"caption":"ADAMANT REAL ESTATE"},"image":{"@id":"https:\/\/adamant-real-estate.com\/de\/#\/schema\/logo\/image\/"}}]}},"_links":{"self":[{"href":"https:\/\/adamant-real-estate.com\/de\/wp-json\/wp\/v2\/pages\/17020","targetHints":{"allow":["GET"]}}],"collection":[{"href":"https:\/\/adamant-real-estate.com\/de\/wp-json\/wp\/v2\/pages"}],"about":[{"href":"https:\/\/adamant-real-estate.com\/de\/wp-json\/wp\/v2\/types\/page"}],"author":[{"embeddable":true,"href":"https:\/\/adamant-real-estate.com\/de\/wp-json\/wp\/v2\/users\/1"}],"replies":[{"embeddable":true,"href":"https:\/\/adamant-real-estate.com\/de\/wp-json\/wp\/v2\/comments?post=17020"}],"version-history":[{"count":6,"href":"https:\/\/adamant-real-estate.com\/de\/wp-json\/wp\/v2\/pages\/17020\/revisions"}],"predecessor-version":[{"id":18474,"href":"https:\/\/adamant-real-estate.com\/de\/wp-json\/wp\/v2\/pages\/17020\/revisions\/18474"}],"wp:attachment":[{"href":"https:\/\/adamant-real-estate.com\/de\/wp-json\/wp\/v2\/media?parent=17020"}],"curies":[{"name":"wp","href":"https:\/\/api.w.org\/{rel}","templated":true}]}}