{"id":17015,"date":"2020-08-26T14:43:01","date_gmt":"2020-08-26T12:43:01","guid":{"rendered":"https:\/\/adamant-real-estate.com\/dev\/home\/"},"modified":"2023-01-22T09:14:58","modified_gmt":"2023-01-22T08:14:58","slug":"home","status":"publish","type":"page","link":"https:\/\/adamant-real-estate.com\/de\/","title":{"rendered":"HOME"},"content":{"rendered":"<p>[vc_row][vc_column]<div style=\"clear:both; width:100%; height:50px\"><\/div>[vc_custom_heading text=&#8221;IHRE TR\u00c4UME K\u00d6NNEN WAHR WERDEN!&#8221; font_container=&#8221;tag:h1|text_align:left&#8221; google_fonts=&#8221;font_family:Roboto%3A100%2C100italic%2C300%2C300italic%2Cregular%2Citalic%2C500%2C500italic%2C700%2C700italic%2C900%2C900italic|font_style:500%20bold%20regular%3A500%3Anormal&#8221;]<div style=\"clear:both; width:100%; height:32px\"><\/div>[vc_row_inner][vc_column_inner width=&#8221;1\/2&#8243;][vc_column_text]<strong>Lassen Sie Ihrer Fantasie freien Lauf!<\/strong><\/p>\n<p>Sie chillen auf der eigenen Terrasse Ihrer Traumimmobilie und lassen den Blick \u00fcber die kilometerlangen Sandstr\u00e4nde der Costa Blanca schweifen. Oder Sie geniessen die Ruhe Ihrer Villa inmitten von Orangen-, Mandel- oder Olivenhainen und lassen sich von den D\u00fcften und vom herrlichen Sonnenlicht verzaubern. Vielleicht ist aber auch ein Strandhaus das Ziel Ihrer Tr\u00e4ume &#8230;[\/vc_column_text][\/vc_column_inner][vc_column_inner width=&#8221;1\/2&#8243;][vc_column_text]Aus unserer ausgesuchten Auswahl an Immobilien, Villen, H\u00e4user, Landfincas oder Wohnungen und Apartments in der Stadt oder auf dem Land, am Strand \u2013 in Denia und Umgebung, an der gesamten Costa Blanca einschliesslich dem traumhaften Hinterland mit all seinen Reizen und Vorz\u00fcgen suchen Sie sich Ihre Wunschimmobilie aus. Wir vermitteln den direkten Kontakt zum Verk\u00e4ufer.<\/p>\n<p><strong>Alles kann Wirklichkeit werden!<\/strong>[\/vc_column_text][\/vc_column_inner][\/vc_row_inner][\/vc_column][\/vc_row][vc_row full_width=&#8221;stretch_row&#8221; equal_height=&#8221;yes&#8221; content_placement=&#8221;middle&#8221; css=&#8221;.vc_custom_1565697982179{margin-right: 2px !important;margin-left: 2px !important;}&#8221; el_class=&#8221;box-height&#8221;][vc_column width=&#8221;1\/2&#8243; css=&#8221;.vc_custom_1565698962613{padding-top: 25% !important;padding-right: 5% !important;padding-bottom: 25% !important;padding-left: 5% !important;background-color: rgba(25,46,91,0.2) !important;*background-color: rgb(25,46,91) !important;}&#8221; el_class=&#8221;box-padding-left&#8221;][vc_column_text css_animation=&#8221;bottom-to-top&#8221; el_class=&#8221;text-box-font-color&#8221;]<\/p>\n<h1><span style=\"color: #000000;\">ADAMANT IMMOBILIEN<\/span><\/h1>\n<p><span style=\"color: #000000;\">Wir suchen f\u00fcr Sie in aller Ruhe interessante und individuelle Immobilien an der Costa Blanca und finden zusammen mit Ihnen die Wohnung oder das Haus, von dem Sie schon getr\u00e4umt haben \u2026<\/span>[\/vc_column_text][vc_btn title=&#8221;MEHR ERFAHREN&#8221; style=&#8221;flat&#8221; shape=&#8221;square&#8221; color=&#8221;white&#8221; size=&#8221;xs&#8221; link=&#8221;url:https%3A%2F%2Fadamant-real-estate.com%2Fdev%2Fde%2Fadamant-immobilien-agentur-denia%2F|title:HOME%20ADAMANT||&#8221;][\/vc_column][vc_column parallax=&#8221;content-moving&#8221; parallax_speed_bg=&#8221;&#8221; css_animation=&#8221;none&#8221; width=&#8221;1\/2&#8243; css=&#8221;.vc_custom_1567671618507{padding-top: 50% !important;padding-bottom: 50% !important;background-image: url(https:\/\/adamant-real-estate.com\/dev\/wp-content\/uploads\/2019\/09\/adamant-real-estate-immobilien-inmobiliaria-denia-costa-blanca-about.jpg?id=15788) !important;background-position: center !important;background-repeat: no-repeat !important;background-size: cover !important;}&#8221; el_class=&#8221;box-padding-right&#8221;][\/vc_column][\/vc_row][vc_row content_placement=&#8221;middle&#8221; parallax=&#8221;content-moving&#8221; css=&#8221;.vc_custom_1567671740191{margin-top: 5px !important;margin-right: 2px !important;margin-bottom: 5px !important;margin-left: 2px !important;padding-top: 25% !important;padding-bottom: 25% !important;background-image: url(https:\/\/adamant-real-estate.com\/dev\/wp-content\/uploads\/2019\/09\/adamant-real-estate-immobilien-inmobiliaria-denia-costa-blanca.jpg?id=15776) !important;}&#8221; el_class=&#8221;full-bleed-pic&#8221;][vc_column][\/vc_column][\/vc_row][vc_row full_width=&#8221;stretch_row&#8221; equal_height=&#8221;yes&#8221; content_placement=&#8221;middle&#8221; css=&#8221;.vc_custom_1564581841564{margin-right: 2px !important;margin-left: 2px !important;}&#8221;][vc_column width=&#8221;1\/2&#8243; css=&#8221;.vc_custom_1565698969395{padding-top: 25% !important;padding-right: 5% !important;padding-bottom: 25% !important;padding-left: 5% !important;background-color: rgba(25,46,91,0.2) !important;*background-color: rgb(25,46,91) !important;}&#8221; el_class=&#8221;box-padding-left&#8221;][vc_column_text css_animation=&#8221;bottom-to-top&#8221; el_class=&#8221;text-box-font-color&#8221;]<\/p>\n<h1><span style=\"color: #000000;\">IMMOBILIEN<\/span><\/h1>\n<p><span style=\"color: #000000;\">Was auch immer Sie suchen: eine alleinstehende Villa mit au\u00dferordentlichem Blick, ein Stadthaus, ein Grundst\u00fcck auf dem Sie bauen k\u00f6nnen, ein Apartment am Strand, wovon auch immer Sie tr\u00e4umen, k\u00f6nnte schon auf Sie warten &#8230;<\/span>[\/vc_column_text][vc_btn title=&#8221;FINDEN SIE IHRE IMMOBILIE&#8221; style=&#8221;flat&#8221; shape=&#8221;square&#8221; color=&#8221;white&#8221; size=&#8221;xs&#8221; link=&#8221;url:https%3A%2F%2Fadamant-real-estate.com%2Fdev%2Fde%2Fimmobilien%2F|title:Unsere%20Immobilien||&#8221;][\/vc_column][vc_column parallax=&#8221;content-moving&#8221; parallax_speed_bg=&#8221;&#8221; css_animation=&#8221;none&#8221; width=&#8221;1\/2&#8243; css=&#8221;.vc_custom_1603187637111{padding-top: 50% !important;padding-bottom: 50% !important;background-image: url(https:\/\/adamant-real-estate.com\/dev\/wp-content\/uploads\/2020\/10\/Adamant-Immobilien-Real-Estate-Inmobiliaria-Costa-Blanca-Spanien-Spain-029.jpg?id=17123) !important;background-position: center !important;background-repeat: no-repeat !important;background-size: cover !important;}&#8221; el_class=&#8221;box-padding-right&#8221;][\/vc_column][\/vc_row][vc_row content_placement=&#8221;middle&#8221; parallax=&#8221;content-moving&#8221; css=&#8221;.vc_custom_1567672206448{margin-top: 5px !important;margin-right: 2px !important;margin-bottom: 5px !important;margin-left: 2px !important;padding-top: 25% !important;padding-bottom: 25% !important;background-image: url(https:\/\/adamant-real-estate.com\/dev\/wp-content\/uploads\/2019\/09\/Montgo-Denia-Immobilien-Real-Estate-Inmobiliaria-Costa-Blanca-Spanien-Spain.jpg?id=15949) !important;}&#8221; el_class=&#8221;full-bleed-pic&#8221;][vc_column][\/vc_column][\/vc_row][vc_row full_width=&#8221;stretch_row&#8221; equal_height=&#8221;yes&#8221; content_placement=&#8221;middle&#8221; css=&#8221;.vc_custom_1564581890593{margin-right: 2px !important;margin-left: 2px !important;}&#8221;][vc_column width=&#8221;1\/2&#8243; css=&#8221;.vc_custom_1565698976605{padding-top: 25% !important;padding-right: 5% !important;padding-bottom: 20% !important;padding-left: 5% !important;background-color: rgba(25,46,91,0.2) !important;*background-color: rgb(25,46,91) !important;}&#8221; el_class=&#8221;box-padding-left&#8221;][vc_column_text css_animation=&#8221;bottom-to-top&#8221; el_class=&#8221;text-box-font-color&#8221;]<\/p>\n<h1><span style=\"color: #000000;\">DENIA<\/span><\/h1>\n<p>Das ganze Jahr \u00fcber zu allen Jahreszeiten hat die Costa Blanca Reizvolles zu bieten. Kaum sind die Patronatsfiestas zu Ende, mit dem Stiertreiben, Musik in den romantischen Strassen der Innenstadt, Menschen mit Freude am Leben &#8230;[\/vc_column_text][vc_btn title=&#8221;MEHR ERFAHREN&#8221; style=&#8221;flat&#8221; shape=&#8221;square&#8221; color=&#8221;white&#8221; size=&#8221;xs&#8221; link=&#8221;url:https%3A%2F%2Fadamant-real-estate.com%2Fdev%2Fde%2Fdenia-costa-blanca%2F|title:HOME%20ADAMANT||&#8221;][\/vc_column][vc_column parallax=&#8221;content-moving&#8221; css_animation=&#8221;none&#8221; width=&#8221;1\/2&#8243; css=&#8221;.vc_custom_1567671684640{padding-top: 50% !important;padding-bottom: 50% !important;background-image: url(https:\/\/adamant-real-estate.com\/dev\/wp-content\/uploads\/2019\/09\/adamant-real-estate-immobilien-inmobiliaria-denia-costa-blanca-hafen-puerto-port.jpg?id=15785) !important;background-position: center !important;background-repeat: no-repeat !important;background-size: cover !important;}&#8221; el_class=&#8221;box-padding-right&#8221;][\/vc_column][\/vc_row][vc_row][vc_column][vc_empty_space height=&#8221;80px&#8221;][\/vc_column][\/vc_row][vc_row][vc_column][vc_empty_space height=&#8221;80px&#8221;][\/vc_column][\/vc_row]<\/p>\n","protected":false},"excerpt":{"rendered":"<p>[vc_row][vc_column][vc_custom_heading text=&#8221;IHRE TR\u00c4UME K\u00d6NNEN WAHR WERDEN!&#8221; font_container=&#8221;tag:h1|text_align:left&#8221; google_fonts=&#8221;font_family:Roboto%3A100%2C100italic%2C300%2C300italic%2Cregular%2Citalic%2C500%2C500italic%2C700%2C700italic%2C900%2C900italic|font_style:500%20bold%20regular%3A500%3Anormal&#8221;][vc_row_inner][vc_column_inner width=&#8221;1\/2&#8243;][vc_column_text]Lassen Sie Ihrer Fantasie freien Lauf! Sie chillen auf der eigenen Terrasse Ihrer Traumimmobilie und lassen den Blick \u00fcber die kilometerlangen Sandstr\u00e4nde der Costa Blanca schweifen. Oder Sie geniessen die Ruhe Ihrer Villa inmitten von Orangen-, Mandel- oder Olivenhainen und lassen sich von den D\u00fcften und vom [&hellip;]<\/p>\n","protected":false},"author":1,"featured_media":0,"parent":0,"menu_order":7,"comment_status":"closed","ping_status":"closed","template":"template\/template-homepage.php","meta":{"footnotes":""},"class_list":["post-17015","page","type-page","status-publish","hentry"],"yoast_head":"<!-- This site is optimized with the Yoast SEO plugin v27.3 - https:\/\/yoast.com\/product\/yoast-seo-wordpress\/ -->\n<title>HOME - ADAMANT REAL ESTATE<\/title>\n<meta name=\"description\" content=\"Wir bieten Ihnen unseren umfassenden Service, beginnend bei der Suche nach Ihrer idealen Immobilie, Pr\u00fcfung und Bereitstellung aller notwendigen Dokumente, \u00fcber die Unterzeichnung der notariellen Kaufurkunde, bis zur Registrierung aller Vertr\u00e4ge auf Ihren Namen. Sie erhalten die Schl\u00fcssel und ziehen einfach ein und f\u00fchlen sich am Ziel angekommen.\" \/>\n<meta name=\"robots\" content=\"index, follow, max-snippet:-1, max-image-preview:large, max-video-preview:-1\" \/>\n<link rel=\"canonical\" href=\"https:\/\/adamant-real-estate.com\/de\/\" \/>\n<meta property=\"og:locale\" content=\"de_DE\" \/>\n<meta property=\"og:type\" content=\"article\" \/>\n<meta property=\"og:title\" content=\"HOME - ADAMANT REAL ESTATE\" \/>\n<meta property=\"og:description\" content=\"Wir bieten Ihnen unseren umfassenden Service, beginnend bei der Suche nach Ihrer idealen Immobilie, Pr\u00fcfung und Bereitstellung aller notwendigen Dokumente, \u00fcber die Unterzeichnung der notariellen Kaufurkunde, bis zur Registrierung aller Vertr\u00e4ge auf Ihren Namen. Sie erhalten die Schl\u00fcssel und ziehen einfach ein und f\u00fchlen sich am Ziel angekommen.\" \/>\n<meta property=\"og:url\" content=\"https:\/\/adamant-real-estate.com\/de\/\" \/>\n<meta property=\"og:site_name\" content=\"ADAMANT REAL ESTATE\" \/>\n<meta property=\"article:modified_time\" content=\"2023-01-22T08:14:58+00:00\" \/>\n<meta name=\"twitter:card\" content=\"summary_large_image\" \/>\n<meta name=\"twitter:label1\" content=\"Gesch\u00e4tzte Lesezeit\" \/>\n\t<meta name=\"twitter:data1\" content=\"4\u00a0Minuten\" \/>\n<script type=\"application\/ld+json\" class=\"yoast-schema-graph\">{\"@context\":\"https:\\\/\\\/schema.org\",\"@graph\":[{\"@type\":\"WebPage\",\"@id\":\"https:\\\/\\\/adamant-real-estate.com\\\/de\\\/\",\"url\":\"https:\\\/\\\/adamant-real-estate.com\\\/de\\\/\",\"name\":\"HOME - ADAMANT REAL ESTATE\",\"isPartOf\":{\"@id\":\"https:\\\/\\\/adamant-real-estate.com\\\/de\\\/#website\"},\"datePublished\":\"2020-08-26T12:43:01+00:00\",\"dateModified\":\"2023-01-22T08:14:58+00:00\",\"description\":\"Wir bieten Ihnen unseren umfassenden Service, beginnend bei der Suche nach Ihrer idealen Immobilie, Pr\u00fcfung und Bereitstellung aller notwendigen Dokumente, \u00fcber die Unterzeichnung der notariellen Kaufurkunde, bis zur Registrierung aller Vertr\u00e4ge auf Ihren Namen. Sie erhalten die Schl\u00fcssel und ziehen einfach ein und f\u00fchlen sich am Ziel angekommen.\",\"breadcrumb\":{\"@id\":\"https:\\\/\\\/adamant-real-estate.com\\\/de\\\/#breadcrumb\"},\"inLanguage\":\"de\",\"potentialAction\":[{\"@type\":\"ReadAction\",\"target\":[\"https:\\\/\\\/adamant-real-estate.com\\\/de\\\/\"]}]},{\"@type\":\"BreadcrumbList\",\"@id\":\"https:\\\/\\\/adamant-real-estate.com\\\/de\\\/#breadcrumb\",\"itemListElement\":[{\"@type\":\"ListItem\",\"position\":1,\"name\":\"Home\",\"item\":\"https:\\\/\\\/adamant-real-estate.com\\\/de\\\/\"},{\"@type\":\"ListItem\",\"position\":2,\"name\":\"HOME\"}]},{\"@type\":\"WebSite\",\"@id\":\"https:\\\/\\\/adamant-real-estate.com\\\/de\\\/#website\",\"url\":\"https:\\\/\\\/adamant-real-estate.com\\\/de\\\/\",\"name\":\"ADAMANT REAL ESTATE\",\"description\":\"REAL ESTATE D\u00c9NIA COSTA BLANCA\",\"publisher\":{\"@id\":\"https:\\\/\\\/adamant-real-estate.com\\\/de\\\/#organization\"},\"potentialAction\":[{\"@type\":\"SearchAction\",\"target\":{\"@type\":\"EntryPoint\",\"urlTemplate\":\"https:\\\/\\\/adamant-real-estate.com\\\/de\\\/?s={search_term_string}\"},\"query-input\":{\"@type\":\"PropertyValueSpecification\",\"valueRequired\":true,\"valueName\":\"search_term_string\"}}],\"inLanguage\":\"de\"},{\"@type\":\"Organization\",\"@id\":\"https:\\\/\\\/adamant-real-estate.com\\\/de\\\/#organization\",\"name\":\"ADAMANT REAL ESTATE\",\"url\":\"https:\\\/\\\/adamant-real-estate.com\\\/de\\\/\",\"logo\":{\"@type\":\"ImageObject\",\"inLanguage\":\"de\",\"@id\":\"https:\\\/\\\/adamant-real-estate.com\\\/de\\\/#\\\/schema\\\/logo\\\/image\\\/\",\"url\":\"https:\\\/\\\/adamant-real-estate.com\\\/dev\\\/wp-content\\\/uploads\\\/2019\\\/08\\\/adamant-real-estate-denia-costa-blanca-logo5.png\",\"contentUrl\":\"https:\\\/\\\/adamant-real-estate.com\\\/dev\\\/wp-content\\\/uploads\\\/2019\\\/08\\\/adamant-real-estate-denia-costa-blanca-logo5.png\",\"width\":440,\"height\":100,\"caption\":\"ADAMANT REAL ESTATE\"},\"image\":{\"@id\":\"https:\\\/\\\/adamant-real-estate.com\\\/de\\\/#\\\/schema\\\/logo\\\/image\\\/\"}}]}<\/script>\n<!-- \/ Yoast SEO plugin. -->","yoast_head_json":{"title":"HOME - ADAMANT REAL ESTATE","description":"Wir bieten Ihnen unseren umfassenden Service, beginnend bei der Suche nach Ihrer idealen Immobilie, Pr\u00fcfung und Bereitstellung aller notwendigen Dokumente, \u00fcber die Unterzeichnung der notariellen Kaufurkunde, bis zur Registrierung aller Vertr\u00e4ge auf Ihren Namen. Sie erhalten die Schl\u00fcssel und ziehen einfach ein und f\u00fchlen sich am Ziel angekommen.","robots":{"index":"index","follow":"follow","max-snippet":"max-snippet:-1","max-image-preview":"max-image-preview:large","max-video-preview":"max-video-preview:-1"},"canonical":"https:\/\/adamant-real-estate.com\/de\/","og_locale":"de_DE","og_type":"article","og_title":"HOME - ADAMANT REAL ESTATE","og_description":"Wir bieten Ihnen unseren umfassenden Service, beginnend bei der Suche nach Ihrer idealen Immobilie, Pr\u00fcfung und Bereitstellung aller notwendigen Dokumente, \u00fcber die Unterzeichnung der notariellen Kaufurkunde, bis zur Registrierung aller Vertr\u00e4ge auf Ihren Namen. Sie erhalten die Schl\u00fcssel und ziehen einfach ein und f\u00fchlen sich am Ziel angekommen.","og_url":"https:\/\/adamant-real-estate.com\/de\/","og_site_name":"ADAMANT REAL ESTATE","article_modified_time":"2023-01-22T08:14:58+00:00","twitter_card":"summary_large_image","twitter_misc":{"Gesch\u00e4tzte Lesezeit":"4\u00a0Minuten"},"schema":{"@context":"https:\/\/schema.org","@graph":[{"@type":"WebPage","@id":"https:\/\/adamant-real-estate.com\/de\/","url":"https:\/\/adamant-real-estate.com\/de\/","name":"HOME - ADAMANT REAL ESTATE","isPartOf":{"@id":"https:\/\/adamant-real-estate.com\/de\/#website"},"datePublished":"2020-08-26T12:43:01+00:00","dateModified":"2023-01-22T08:14:58+00:00","description":"Wir bieten Ihnen unseren umfassenden Service, beginnend bei der Suche nach Ihrer idealen Immobilie, Pr\u00fcfung und Bereitstellung aller notwendigen Dokumente, \u00fcber die Unterzeichnung der notariellen Kaufurkunde, bis zur Registrierung aller Vertr\u00e4ge auf Ihren Namen. Sie erhalten die Schl\u00fcssel und ziehen einfach ein und f\u00fchlen sich am Ziel angekommen.","breadcrumb":{"@id":"https:\/\/adamant-real-estate.com\/de\/#breadcrumb"},"inLanguage":"de","potentialAction":[{"@type":"ReadAction","target":["https:\/\/adamant-real-estate.com\/de\/"]}]},{"@type":"BreadcrumbList","@id":"https:\/\/adamant-real-estate.com\/de\/#breadcrumb","itemListElement":[{"@type":"ListItem","position":1,"name":"Home","item":"https:\/\/adamant-real-estate.com\/de\/"},{"@type":"ListItem","position":2,"name":"HOME"}]},{"@type":"WebSite","@id":"https:\/\/adamant-real-estate.com\/de\/#website","url":"https:\/\/adamant-real-estate.com\/de\/","name":"ADAMANT REAL ESTATE","description":"REAL ESTATE D\u00c9NIA COSTA BLANCA","publisher":{"@id":"https:\/\/adamant-real-estate.com\/de\/#organization"},"potentialAction":[{"@type":"SearchAction","target":{"@type":"EntryPoint","urlTemplate":"https:\/\/adamant-real-estate.com\/de\/?s={search_term_string}"},"query-input":{"@type":"PropertyValueSpecification","valueRequired":true,"valueName":"search_term_string"}}],"inLanguage":"de"},{"@type":"Organization","@id":"https:\/\/adamant-real-estate.com\/de\/#organization","name":"ADAMANT REAL ESTATE","url":"https:\/\/adamant-real-estate.com\/de\/","logo":{"@type":"ImageObject","inLanguage":"de","@id":"https:\/\/adamant-real-estate.com\/de\/#\/schema\/logo\/image\/","url":"https:\/\/adamant-real-estate.com\/dev\/wp-content\/uploads\/2019\/08\/adamant-real-estate-denia-costa-blanca-logo5.png","contentUrl":"https:\/\/adamant-real-estate.com\/dev\/wp-content\/uploads\/2019\/08\/adamant-real-estate-denia-costa-blanca-logo5.png","width":440,"height":100,"caption":"ADAMANT REAL ESTATE"},"image":{"@id":"https:\/\/adamant-real-estate.com\/de\/#\/schema\/logo\/image\/"}}]}},"_links":{"self":[{"href":"https:\/\/adamant-real-estate.com\/de\/wp-json\/wp\/v2\/pages\/17015","targetHints":{"allow":["GET"]}}],"collection":[{"href":"https:\/\/adamant-real-estate.com\/de\/wp-json\/wp\/v2\/pages"}],"about":[{"href":"https:\/\/adamant-real-estate.com\/de\/wp-json\/wp\/v2\/types\/page"}],"author":[{"embeddable":true,"href":"https:\/\/adamant-real-estate.com\/de\/wp-json\/wp\/v2\/users\/1"}],"replies":[{"embeddable":true,"href":"https:\/\/adamant-real-estate.com\/de\/wp-json\/wp\/v2\/comments?post=17015"}],"version-history":[{"count":9,"href":"https:\/\/adamant-real-estate.com\/de\/wp-json\/wp\/v2\/pages\/17015\/revisions"}],"predecessor-version":[{"id":17944,"href":"https:\/\/adamant-real-estate.com\/de\/wp-json\/wp\/v2\/pages\/17015\/revisions\/17944"}],"wp:attachment":[{"href":"https:\/\/adamant-real-estate.com\/de\/wp-json\/wp\/v2\/media?parent=17015"}],"curies":[{"name":"wp","href":"https:\/\/api.w.org\/{rel}","templated":true}]}}